{"id":159142,"date":"2026-02-11T11:57:41","date_gmt":"2026-02-11T10:57:41","guid":{"rendered":"https:\/\/zoca.es\/producto\/hp-elitedesk-800-g6-mini-recondicionado-core-i5-23ghz-16-gb-ram-256-gb-ssd-m2-pt-14710\/"},"modified":"2026-02-25T10:06:16","modified_gmt":"2026-02-25T09:06:16","slug":"hp-elitedesk-800-g6-mini-recondicionado-core-i5-23ghz-16-gb-ram-256-gb-ssd-m2-pt-14710","status":"publish","type":"product","link":"https:\/\/zoca.es\/pt-pt\/produto\/hp-elitedesk-800-g6-mini-recondicionado-core-i5-23ghz-16-gb-ram-256-gb-ssd-m2-pt-14710\/","title":{"rendered":"HP EliteDesk 800 G6 Mini | Recondicionado | Core i5 2.3GHz | 16 GB RAM | 256 GB SSD M2"},"content":{"rendered":"<p><strong>Processador<\/strong><br \/>Intel Core i5 10500T 2.3 GHz.<br \/><strong>Fator de forma<\/strong><br \/>Mini<br \/><strong>Mem\u00f3ria RAM<\/strong><br \/>16 Gb. SO-DDR4 RAM<br \/><strong>Disco r\u00edgido<\/strong><br \/>256 Gb. SSD M2<br \/><strong>Cart\u00f5es<\/strong><br \/>Placa gr\u00e1fica: UHD 630<br \/>Som: Hight Definition Audio<br \/>Network: I219-LM<br \/><strong>Sistema operativo<\/strong><br \/>Windows 11 Pro<br \/><strong>Portos<\/strong><br \/>USB-C<br \/>6x USB 3.1<br \/><strong>Portas de v\u00eddeo<\/strong><br \/>2x Display Port<br \/><strong>Conectividade<\/strong><br \/>RJ-45<br \/>WIFI<br \/><strong>Outros<\/strong><br \/>hR embalagens<br \/><strong>Dimens\u00f5es<\/strong><br \/>1718&#215;3.5&#215;1718 cm.<br \/><strong>Peso<\/strong><br \/>3.00 Kg.<br \/><strong>Especifica\u00e7\u00f5es adicionais<\/strong><br \/>O HP EliteDesk 800 G6 Mini \u00e9 um computador de secret\u00e1ria profissional compacto, concebido para oferecer alto desempenho em espa\u00e7os reduzidos sem renunciar a pot\u00eancia nem seguran\u00e7a. Equipado com o Intel Core i5-10500T de 6 n\u00facleos, proporciona uma experi\u00eancia fluida em multitarefa, aplica\u00e7\u00f5es empresariais e ambientes de trabalho exigentes, mantendo um consumo energ\u00e9tico otimizado e um funcionamento silencioso.Os seus 16 GB de mem\u00f3ria DDR4 fazem a diferen\u00e7a em cen\u00e1rios de uso intensivo, permitindo trabalhar com m\u00faltiplas aplica\u00e7\u00f5es abertas com total estabilidade. O SSD M.2 de 256 GB garante arranques r\u00e1pidos e uma resposta imediata do sistema, melhorando a produtividade desde o primeiro momento. Com Windows 11 Pro e TPM 2.0, este PC de secret\u00e1ria para empresa integra seguran\u00e7a avan\u00e7ada e ferramentas de gest\u00e3o pensadas para ambientes profissionais.A incorpora\u00e7\u00e3o de Wi-Fi proporciona m\u00e1xima flexibilidade na instala\u00e7\u00e3o, enquanto a ranhura M.2 2280 livre para armazenamento facilita futuras amplia\u00e7\u00f5es sem complica\u00e7\u00f5es. O seu formato Mini permite instal\u00e1-lo atr\u00e1s do monitor ou em espa\u00e7os discretos, otimizando o posto de trabalho e proporcionando organiza\u00e7\u00e3o visual.Um desktop compacto, expans\u00edvel e altamente fi\u00e1vel, ideal para escrit\u00f3rios modernos que procuram efici\u00eancia, seguran\u00e7a e desempenho est\u00e1vel a longo prazo num equipamento preparado para crescer juntamente com o neg\u00f3cio.Bom aspeto exterior. Pode apresentar ligeiras marcas de uso na carca\u00e7a. Veja em \u201c+ Fotos\u201d e se tiver alguma d\u00favida ligue-nos ou utilize o nosso chat para ampliar a informa\u00e7\u00e3o ou para solicitar mais detalhes.<br \/><strong>Coment\u00e1rios<\/strong><br \/><u>Wi-Fi &#8211; 1xM.2 2280 para armazenamento dispon\u00edvel<\/u><\/p>\n","protected":false},"excerpt":{"rendered":"<p>Intel Core i5 10500T 2.3 GHz. \u00b7 16 Gb. SO-DDR4 RAM \u00b7 256 Gb. SSD M2 \u00b7 <strong>Windows 11 Pro \u00b7<br \/>\nWi-Fi<\/strong> &#8211; <u>1xM.2 2280 para armazenamento dispon\u00edvel<br \/>\n<\/u><\/p>\n","protected":false},"featured_media":159124,"template":"","meta":[],"product_brand":[3453],"product_cat":[2218,2227],"product_tag":[],"class_list":{"0":"post-159142","1":"product","2":"type-product","3":"status-publish","4":"has-post-thumbnail","6":"product_brand-hp","7":"product_cat-computadores-pt","8":"product_cat-computadores-mini-pt","10":"first","11":"instock","12":"taxable","13":"shipping-taxable","14":"purchasable","15":"product-type-simple"},"bundled_by":[],"bundle_stock_status":"instock","bundle_stock_quantity":19,"bundle_virtual":false,"bundle_layout":"","bundle_add_to_cart_form_location":"","bundle_editable_in_cart":false,"bundle_sold_individually_context":"","bundle_item_grouping":"","bundle_min_size":"","bundle_max_size":"","bundle_price":[],"bundled_items":[],"bundle_sell_ids":[],"exclude_global_add_ons":true,"addons":{"webcam-upgrades":{"name":"Extens\u00e3o Webcam","type":"multiple_choice","position":0,"required":false,"title_format":"heading","default":"","description_enable":false,"description":"","placeholder_enable":false,"placeholder":"","display":"radiobutton","restrictions_type":"any_text","adjust_price":false,"price":"","price_type":"quantity_based","restrictions":false,"min":"0","max":"0","options":[{"label":"Conceptronic AMDIS FullHD [AMP00085]","price":"29.0000","price_type":"quantity_based","image":0,"visibility":true}]},"ram-memory-upgrades":{"name":"Extens\u00e3o RAM","type":"multiple_choice","position":0,"required":false,"title_format":"heading","default":"","description_enable":false,"description":"","placeholder_enable":false,"placeholder":"","display":"radiobutton","restrictions_type":"any_text","adjust_price":false,"price":"","price_type":"quantity_based","restrictions":false,"min":"0","max":"0","options":[{"label":"Extens\u00e3o SODIM RAM 32 Gb [AMP00098]","price":"150.0000","price_type":"quantity_based","image":0,"visibility":true}]},"hdd-upgrades":{"name":"Extens\u00e3o disco r\u00edgido","type":"multiple_choice","position":0,"required":false,"title_format":"heading","default":"","description_enable":false,"description":"","placeholder_enable":false,"placeholder":"","display":"radiobutton","restrictions_type":"any_text","adjust_price":false,"price":"","price_type":"quantity_based","restrictions":false,"min":"0","max":"0","options":[{"label":"Cambio a Disco SSD 500 Gb. M.2 2280 PCIe [AMP00106]","price":110,"price_type":"quantity_based","image":0,"visibility":true},{"label":"Cambio a Disco SSD 1 Tb. M.2 2280 PCIe [AMP00107]","price":165,"price_type":"quantity_based","image":0,"visibility":true},{"label":"Cambio a Disco SSD 2 Tb. M.2 2280 PCIe [AMP00171]","price":260,"price_type":"quantity_based","image":0,"visibility":true},{"label":"SSD adicional de 500 Gb. M.2 2280 PCIe [AMP00108]","price":115,"price_type":"quantity_based","image":0,"visibility":true},{"label":"Disco SSD de 1 TB. M.2 2280 PCIe Adicional [AMP00109]","price":170,"price_type":"quantity_based","image":0,"visibility":true},{"label":"Disco SSD de 2 TB. M.2 2280 PCIe Adicional [AMP00176]","price":265,"price_type":"quantity_based","image":0,"visibility":true}]},"os-upgrades":{"name":"Extens\u00e3o OS","type":"multiple_choice","position":0,"required":false,"title_format":"heading","default":"","description_enable":false,"description":"","placeholder_enable":false,"placeholder":"","display":"radiobutton","restrictions_type":"any_text","adjust_price":false,"price":"","price_type":"quantity_based","restrictions":false,"min":"0","max":"0","options":[{"label":"Alterar idioma para franc\u00eas [AMP00125]","price":"0.0000","price_type":"quantity_based","image":0,"visibility":true},{"label":"Alterar idioma para ingl\u00eas [AMP00008]","price":"0.0000","price_type":"quantity_based","image":0,"visibility":true},{"label":"Alterar idioma para o portugu\u00eas [AMP00009]","price":"0.0000","price_type":"quantity_based","image":0,"visibility":true}]},"keyboard-upgrades":{"name":"Extens\u00e3o teclado","type":"multiple_choice","position":0,"required":false,"title_format":"heading","default":"","description_enable":false,"description":"","placeholder_enable":false,"placeholder":"","display":"radiobutton","restrictions_type":"any_text","adjust_price":false,"price":"","price_type":"quantity_based","restrictions":false,"min":"0","max":"0","options":[{"label":"Teclado e Mouse [AMP00020]","price":"8.0000","price_type":"quantity_based","image":0,"visibility":true},{"label":"Teclado e Mouse Portugu\u00e9s Nuevo [AMP00088]","price":"15.0000","price_type":"quantity_based","image":0,"visibility":true},{"label":"Teclado e mouse USB em espanhol (Novo) [AMP00068]","price":"12.0000","price_type":"quantity_based","image":0,"visibility":true}]}},"df_price":451.33,"df_sale_price":"","df_regular_price":451.33,"df_image_link":"https:\/\/zoca.es\/wp-content\/uploads\/images\/product\/14710\/hp03255_01-300x225.jpg","_links":{"self":[{"href":"https:\/\/zoca.es\/pt-pt\/wp-json\/wp\/v2\/product\/159142","targetHints":{"allow":["GET"]}}],"collection":[{"href":"https:\/\/zoca.es\/pt-pt\/wp-json\/wp\/v2\/product"}],"about":[{"href":"https:\/\/zoca.es\/pt-pt\/wp-json\/wp\/v2\/types\/product"}],"wp:featuredmedia":[{"embeddable":true,"href":"https:\/\/zoca.es\/pt-pt\/wp-json\/wp\/v2\/media\/159124"}],"wp:attachment":[{"href":"https:\/\/zoca.es\/pt-pt\/wp-json\/wp\/v2\/media?parent=159142"}],"wp:term":[{"taxonomy":"product_brand","embeddable":true,"href":"https:\/\/zoca.es\/pt-pt\/wp-json\/wp\/v2\/product_brand?post=159142"},{"taxonomy":"product_cat","embeddable":true,"href":"https:\/\/zoca.es\/pt-pt\/wp-json\/wp\/v2\/product_cat?post=159142"},{"taxonomy":"product_tag","embeddable":true,"href":"https:\/\/zoca.es\/pt-pt\/wp-json\/wp\/v2\/product_tag?post=159142"}],"curies":[{"name":"wp","href":"https:\/\/api.w.org\/{rel}","templated":true}]}}