{"id":157166,"date":"2026-02-04T13:51:27","date_gmt":"2026-02-04T12:51:27","guid":{"rendered":"https:\/\/zoca.es\/producto\/dell-poweredge-r620-1u-rack-recondicionado-xeon-octa-core-26ghz-128-gb-ram-600-gb-sas-pt-14728\/"},"modified":"2026-02-25T09:52:35","modified_gmt":"2026-02-25T08:52:35","slug":"dell-poweredge-r620-1u-rack-recondicionado-xeon-octa-core-26ghz-128-gb-ram-600-gb-sas-pt-14728","status":"publish","type":"product","link":"https:\/\/zoca.es\/pt-pt\/produto\/dell-poweredge-r620-1u-rack-recondicionado-xeon-octa-core-26ghz-128-gb-ram-600-gb-sas-pt-14728\/","title":{"rendered":"Dell PowerEdge R620 1U Rack | Recondicionado | Xeon Octa Core 2.6GHz | 128 GB RAM | 600 GB SAS"},"content":{"rendered":"<p><strong>Processador<\/strong><br \/>2x Intel Xeon Octa Core E5-2650 V2 2.6 GHz.<br \/><strong>Fator de forma<\/strong><br \/>Rack  (1U)<br \/><strong>Mem\u00f3ria RAM<\/strong><br \/>128 Gb. DDR3 ECC RAM<br \/><strong>Disco r\u00edgido<\/strong><br \/>2x 600 Gb. SAS 2.5&#8221;<br \/>8 ba\u00edas (6 vazio )<br \/><strong>Drive \u00f3ptico<\/strong><br \/>DVD-RW<br \/><strong>Cart\u00f5es<\/strong><br \/>Placa gr\u00e1fica: Matrox G200ER2<br \/>Network: Broadcom BCM5720<br \/><strong>Sistema operativo<\/strong><br \/>&#8211; Sem sistema operativo &#8211;<br \/><strong>Portos<\/strong><br \/>S\u00e9rie<br \/>4x USB 2.0<br \/><strong>Conectividade<\/strong><br \/>4x RJ-45<br \/><strong>Alimenta\u00e7\u00e3o<\/strong><br \/>2x Fontes de alimenta\u00e7\u00e3o (Hotplug)<br \/><strong>Dimens\u00f5es<\/strong><br \/>76.5&#215;48.5&#215;8.5 cm.<br \/><strong>Peso<\/strong><br \/>23.50 Kg.<br \/><strong>Especifica\u00e7\u00f5es adicionais<\/strong><br \/>O Dell PowerEdge R620 \u00e9 um servidor rack 1U concebido para ambientes profissionais que exigem poder de processamento, alta disponibilidade e efici\u00eancia de espa\u00e7o. A sua configura\u00e7\u00e3o com dois processadores Intel Xeon E5-2650 v2 de 8 n\u00facleos oferece um excelente desempenho multin\u00facleo, ideal para virtualiza\u00e7\u00e3o, bases de dados, aplica\u00e7\u00f5es empresariais e servi\u00e7os cr\u00edticos.<br \/>Os 128 GB de mem\u00f3ria DDR3 ECC permitem lidar com cargas de trabalho intensivas com total estabilidade, garantindo a integridade dos dados e um funcionamento cont\u00ednuo em cen\u00e1rios exigentes. O subsistema de armazenamento SAS, com discos de 600 GB, oferece fiabilidade e velocidade para ambientes onde o acesso \u00e0 informa\u00e7\u00e3o \u00e9 fundamental.<br \/>A controladora RAID PERC H710P Mini, orientada para alto desempenho, fornece uma gest\u00e3o avan\u00e7ada do armazenamento e maior prote\u00e7\u00e3o contra falhas, melhorando a continuidade do servi\u00e7o. O seu chassis com 8 baias e amplas op\u00e7\u00f5es de expans\u00e3o PCIe facilita a adapta\u00e7\u00e3o futura do servidor a novas necessidades de infraestrutura.<br \/>Um servidor robusto e vers\u00e1til, preparado para funcionar 24\/7, que combina pot\u00eancia, escalabilidade e fiabilidade num formato compacto, ideal para centros de dados e salas t\u00e9cnicas profissionais.<br \/>Bom aspeto exterior. Se tiver alguma d\u00favida ligue-nos ou utilize o nosso chat para ampliar a informa\u00e7\u00e3o ou para solicitar mais detalhes.<br \/><strong>Coment\u00e1rios<\/strong><br \/><u>Perc H710P Mini RAID Controller &#8211; 2xPCIe X16<\/u><\/p>\n","protected":false},"excerpt":{"rendered":"<p>2x Intel Xeon Octa Core E5-2650 V2 2.6 GHz. \u00b7 128 Gb. DDR3 ECC RAM \u00b7 2x 600 Gb. SAS 2.5&#8221; \u00b7 8 ba\u00edas (6 vazio ) \u00b7 DVD-RW \u00b7<br \/>\n<strong>Perc H710P Mini RAID Controller<\/strong> &#8211; <u>2xPCIe X16<br \/>\n<\/u><\/p>\n","protected":false},"featured_media":157157,"template":"","meta":[],"product_brand":[3445],"product_cat":[2338,2344],"product_tag":[],"class_list":{"0":"post-157166","1":"product","2":"type-product","3":"status-publish","4":"has-post-thumbnail","6":"product_brand-dell","7":"product_cat-servidores-pt","8":"product_cat-servidores-rack-pt","10":"first","11":"instock","12":"taxable","13":"shipping-taxable","14":"purchasable","15":"product-type-simple"},"bundled_by":[],"bundle_stock_status":"instock","bundle_stock_quantity":6,"bundle_virtual":false,"bundle_layout":"","bundle_add_to_cart_form_location":"","bundle_editable_in_cart":false,"bundle_sold_individually_context":"","bundle_item_grouping":"","bundle_min_size":"","bundle_max_size":"","bundle_price":[],"bundled_items":[],"bundle_sell_ids":[],"exclude_global_add_ons":[],"addons":[],"df_price":1053.91,"df_sale_price":"","df_regular_price":1053.91,"df_image_link":"https:\/\/zoca.es\/wp-content\/uploads\/images\/product\/14728\/dell01646_01-300x225.jpg","_links":{"self":[{"href":"https:\/\/zoca.es\/pt-pt\/wp-json\/wp\/v2\/product\/157166","targetHints":{"allow":["GET"]}}],"collection":[{"href":"https:\/\/zoca.es\/pt-pt\/wp-json\/wp\/v2\/product"}],"about":[{"href":"https:\/\/zoca.es\/pt-pt\/wp-json\/wp\/v2\/types\/product"}],"wp:featuredmedia":[{"embeddable":true,"href":"https:\/\/zoca.es\/pt-pt\/wp-json\/wp\/v2\/media\/157157"}],"wp:attachment":[{"href":"https:\/\/zoca.es\/pt-pt\/wp-json\/wp\/v2\/media?parent=157166"}],"wp:term":[{"taxonomy":"product_brand","embeddable":true,"href":"https:\/\/zoca.es\/pt-pt\/wp-json\/wp\/v2\/product_brand?post=157166"},{"taxonomy":"product_cat","embeddable":true,"href":"https:\/\/zoca.es\/pt-pt\/wp-json\/wp\/v2\/product_cat?post=157166"},{"taxonomy":"product_tag","embeddable":true,"href":"https:\/\/zoca.es\/pt-pt\/wp-json\/wp\/v2\/product_tag?post=157166"}],"curies":[{"name":"wp","href":"https:\/\/api.w.org\/{rel}","templated":true}]}}