{"id":156857,"date":"2026-02-03T10:04:56","date_gmt":"2026-02-03T09:04:56","guid":{"rendered":"https:\/\/zoca.es\/producto\/hp-proliant-dl360p-g8-rack-recondicionado-xeon-octa-core-26ghz-32-gb-ram-300-gb-sas-pt-14684\/"},"modified":"2026-02-25T09:46:05","modified_gmt":"2026-02-25T08:46:05","slug":"hp-proliant-dl360p-g8-rack-recondicionado-xeon-octa-core-26ghz-32-gb-ram-300-gb-sas-pt-14684","status":"publish","type":"product","link":"https:\/\/zoca.es\/pt-pt\/produto\/hp-proliant-dl360p-g8-rack-recondicionado-xeon-octa-core-26ghz-32-gb-ram-300-gb-sas-pt-14684\/","title":{"rendered":"HP ProLiant DL360p G8 Rack | Recondicionado | Xeon Octa Core 2.6GHz | 32 GB RAM | 300 GB SAS"},"content":{"rendered":"<p><strong>Processador<\/strong><br \/>Intel Xeon Octa Core E5-2650 V2 2.6 GHz.<br \/><strong>Fator de forma<\/strong><br \/>Rack (1U)<br \/><strong>Mem\u00f3ria RAM<\/strong><br \/>32 Gb. DDR3 ECC RAM<br \/>24 ba\u00edas (22 vazio )<br \/><strong>Disco r\u00edgido<\/strong><br \/>8x 300 Gb. SAS 2.5&#8221; 10000rpm<br \/>8 ba\u00edas (0 vazio )<br \/><strong>Drive \u00f3ptico<\/strong><br \/>DVD<br \/><strong>Cart\u00f5es<\/strong><br \/>Placa gr\u00e1fica: G200EH<br \/>Network: HP FlexibleLOM 1Gb 331FLR Ethernet<br \/><strong>Sistema operativo<\/strong><br \/>&#8211; Sem sistema operativo &#8211;<br \/><strong>Portos<\/strong><br \/>S\u00e9rie<br \/>6x USB 3.0<br \/><strong>Multim\u00eddia<\/strong><br \/>Leitor SD<br \/><strong>Conectividade<\/strong><br \/>4x RJ-45<br \/><strong>Alimenta\u00e7\u00e3o<\/strong><br \/>2x Fontes de alimenta\u00e7\u00e3o (Hotplug)<br \/><strong>Outros<\/strong><br \/>hR embalagens<br \/><strong>Dimens\u00f5es<\/strong><br \/>43.2x75x4.5 cm.<br \/><strong>Peso<\/strong><br \/>20.00 Kg.<br \/><strong>Especifica\u00e7\u00f5es adicionais<\/strong><br \/>O HP ProLiant DL360p G8 \u00e9 um servidor rack 1U que se destaca pela sua fiabilidade comprovada e pelo equil\u00edbrio entre desempenho e efici\u00eancia, ideal para ambientes profissionais que procuram uma plataforma est\u00e1vel e duradoura. Equipado com um Intel Xeon E5-2650 v2 de 8 n\u00facleos, oferece pot\u00eancia suficiente para virtualiza\u00e7\u00e3o ligeira, servidores de aplica\u00e7\u00f5es, bases de dados e servi\u00e7os corporativos.Os seus 32 GB de mem\u00f3ria DDR3 ECC garantem estabilidade operacional e prote\u00e7\u00e3o contra erros, assegurando um funcionamento cont\u00ednuo em cen\u00e1rios de trabalho exigentes. O sistema de armazenamento SAS a 10.000 rpm, com 8 discos de 300 GB, proporciona um excelente compromisso entre velocidade e fiabilidade, ideal para cargas onde o acesso r\u00e1pido aos dados \u00e9 priorit\u00e1rio.A controladora RAID HP Smart Array P420i permite configura\u00e7\u00f5es avan\u00e7adas orientadas para a seguran\u00e7a e a continuidade do servi\u00e7o, refor\u00e7ando a prote\u00e7\u00e3o da informa\u00e7\u00e3o cr\u00edtica. Com um chassis preparado para at\u00e9 24 baias, este servidor oferece uma not\u00e1vel capacidade de expans\u00e3o futura sem necessidade de substituir a plataforma.Um modelo robusto e vers\u00e1til, concebido para operar 24\/7, perfeito como servidor principal, de backup ou como n\u00f3 fi\u00e1vel dentro de infraestruturas empresariais consolidadas.Bom aspeto exterior. Se tiver alguma d\u00favida, ligue-nos ou utilize o nosso chat para ampliar a informa\u00e7\u00e3o ou para solicitar mais detalhes.<br \/><strong>Coment\u00e1rios<\/strong><br \/><u>P420i Raid Controller &#8211; 1xPCIe X16 \/ 1xPCIe X4<\/u><\/p>\n","protected":false},"excerpt":{"rendered":"<p>Intel Xeon Octa Core E5-2650 V2 2.6 GHz. \u00b7 32 Gb. DDR3 ECC RAM \u00b7 8x 300 Gb. SAS 2.5&#8221; \u00b7 DVD \u00b7<br \/>\n<strong>P420i Raid Controller<\/strong> &#8211; <u>1xPCIe X16 \/ 1xPCIe X4<br \/>\n<\/u><\/p>\n","protected":false},"featured_media":156848,"template":"","meta":[],"product_brand":[3453],"product_cat":[2338,2344],"product_tag":[],"class_list":{"0":"post-156857","1":"product","2":"type-product","3":"status-publish","4":"has-post-thumbnail","6":"product_brand-hp","7":"product_cat-servidores-pt","8":"product_cat-servidores-rack-pt","10":"first","11":"instock","12":"taxable","13":"shipping-taxable","14":"purchasable","15":"product-type-simple"},"bundled_by":[],"bundle_stock_status":"instock","bundle_stock_quantity":2,"bundle_virtual":false,"bundle_layout":"","bundle_add_to_cart_form_location":"","bundle_editable_in_cart":false,"bundle_sold_individually_context":"","bundle_item_grouping":"","bundle_min_size":"","bundle_max_size":"","bundle_price":[],"bundled_items":[],"bundle_sell_ids":[],"exclude_global_add_ons":[],"addons":[],"df_price":693.33,"df_sale_price":"","df_regular_price":693.33,"df_image_link":"https:\/\/zoca.es\/wp-content\/uploads\/images\/product\/14684\/hp03248_01-300x225.jpg","_links":{"self":[{"href":"https:\/\/zoca.es\/pt-pt\/wp-json\/wp\/v2\/product\/156857","targetHints":{"allow":["GET"]}}],"collection":[{"href":"https:\/\/zoca.es\/pt-pt\/wp-json\/wp\/v2\/product"}],"about":[{"href":"https:\/\/zoca.es\/pt-pt\/wp-json\/wp\/v2\/types\/product"}],"wp:featuredmedia":[{"embeddable":true,"href":"https:\/\/zoca.es\/pt-pt\/wp-json\/wp\/v2\/media\/156848"}],"wp:attachment":[{"href":"https:\/\/zoca.es\/pt-pt\/wp-json\/wp\/v2\/media?parent=156857"}],"wp:term":[{"taxonomy":"product_brand","embeddable":true,"href":"https:\/\/zoca.es\/pt-pt\/wp-json\/wp\/v2\/product_brand?post=156857"},{"taxonomy":"product_cat","embeddable":true,"href":"https:\/\/zoca.es\/pt-pt\/wp-json\/wp\/v2\/product_cat?post=156857"},{"taxonomy":"product_tag","embeddable":true,"href":"https:\/\/zoca.es\/pt-pt\/wp-json\/wp\/v2\/product_tag?post=156857"}],"curies":[{"name":"wp","href":"https:\/\/api.w.org\/{rel}","templated":true}]}}