{"id":156656,"date":"2026-01-29T11:49:07","date_gmt":"2026-01-29T10:49:07","guid":{"rendered":"https:\/\/zoca.es\/producto\/dell-poweredge-r410-barebone-rack-recondicionado-xeon-quad-core-253ghz-8-gb-ram-sin-disco-pt-14003\/"},"modified":"2026-02-25T10:14:35","modified_gmt":"2026-02-25T09:14:35","slug":"dell-poweredge-r410-barebone-rack-recondicionado-xeon-quad-core-253ghz-8-gb-ram-sin-disco-pt-14003","status":"publish","type":"product","link":"https:\/\/zoca.es\/pt-pt\/produto\/dell-poweredge-r410-barebone-rack-recondicionado-xeon-quad-core-253ghz-8-gb-ram-sin-disco-pt-14003\/","title":{"rendered":"Dell PowerEdge R410-Barebone Rack | Recondicionado | Xeon Quad Core 2.53GHz | 8 GB RAM | &#8211; Sin disco &#8211;"},"content":{"rendered":"<p><strong>Processador<\/strong><br \/>2x Intel Xeon Quad Core E5540 2.53 GHz.<br \/><strong>Fator de forma<\/strong><br \/>Rack (1U)<br \/><strong>Mem\u00f3ria RAM<\/strong><br \/>8 Gb. DDR3 ECC RAM<br \/>8 ba\u00edas (6 vazio )<br \/><strong>Disco r\u00edgido<\/strong><br \/>&#8211; Sin disco &#8211; 3.5&#8221;<br \/>4 ba\u00edas<br \/><strong>Drive \u00f3ptico<\/strong><br \/>DVD<br \/><strong>Cart\u00f5es<\/strong><br \/>Placa gr\u00e1fica: MATROX G200EW<br \/>Network: broadcom BCM5716<br \/><strong>Sistema operativo<\/strong><br \/>COA Windows Server 2008 atualizado para &#8211; Sem sistema operativo &#8211;<br \/><strong>Portos<\/strong><br \/>S\u00e9rie<br \/>4x USB 2.0<br \/><strong>Conectividade<\/strong><br \/>2x RJ-45<br \/><strong>Alimenta\u00e7\u00e3o<\/strong><br \/>2x Fontes de alimenta\u00e7\u00e3o (Hotplug)<br \/><strong>Outros<\/strong><br \/>hR embalagens<br \/><strong>Dimens\u00f5es<\/strong><br \/>xx cm.<br \/><strong>Peso<\/strong><br \/>15.00 Kg.<br \/><strong>Especifica\u00e7\u00f5es adicionais<\/strong><br \/>O Dell PowerEdge R410-Barebone \u00e9 sin\u00f3nimo de flexibilidade e efici\u00eancia, ideal para distribuidores de inform\u00e1tica que procuram uma plataforma fi\u00e1vel e preparada para expans\u00e3o em ambientes empresariais de alto ritmo. O seu duplo processador Intel Xeon Quad Core E5540 a 2,53 GHz e 8GB de mem\u00f3ria RAM DDR3 ECC garantem um desempenho est\u00e1vel em tarefas intensivas, desde virtualiza\u00e7\u00e3o leve at\u00e9 servidores de ficheiros partilhados.Projetado para crescer ao ritmo dos seus projetos, este servidor inclui 4 baias para discos de 3.5\u201d, facilitando a personaliza\u00e7\u00e3o do armazenamento e a integra\u00e7\u00e3o de futuras amplia\u00e7\u00f5es sem complica\u00e7\u00f5es. Gra\u00e7as ao potente controlador RAID PERC 6i e \u00e0 ranhura PCIe X16, adicionar prote\u00e7\u00e3o de dados ou placas adicionais \u00e9 r\u00e1pido e simples, o que reduz os tempos de manuten\u00e7\u00e3o e melhora a adaptabilidade para todo o tipo de solu\u00e7\u00f5es TI.O seu formato compacto de 1U permite otimizar o espa\u00e7o em rack, enquanto o design barebone facilita a integra\u00e7\u00e3o \u00e0 medida para cada cliente final, ajustando o hardware \u00e0s necessidades exatas de cada implementa\u00e7\u00e3o, desde PMEs at\u00e9 infraestruturas mais robustas. A presen\u00e7a de unidade DVD oferece vantagens para instala\u00e7\u00f5es f\u00edsicas ou atualiza\u00e7\u00f5es r\u00e1pidas.O PowerEdge R410-Barebone \u00e9 uma aposta segura para o canal, oferecendo margem e solu\u00e7\u00f5es vers\u00e1teis com uma excelente rela\u00e7\u00e3o qualidade-pre\u00e7o.Bom aspeto exterior. Se tiver alguma d\u00favida, ligue-nos ou utilize o nosso chat para ampliar a informa\u00e7\u00e3o ou para solicitar mais detalhes.<br \/><strong>Coment\u00e1rios<\/strong><br \/><u>Perc 6i Raid Controller &#8211; 1xPCIe X16<\/u><\/p>\n","protected":false},"excerpt":{"rendered":"<p>2x Intel Xeon Quad Core E5540 2.53 GHz. \u00b7 8 Gb. DDR3 ECC RAM \u00b7 8 ba\u00edas (6 vazio ) &#8211; 3.5&#8221; \u00b7 4 ba\u00edas \u00b7 DVD \u00b7<br \/>\n<strong>Perc 6i Raid Controller<\/strong> &#8211; <u>1xPCIe X16<\/u><\/p>\n","protected":false},"featured_media":156653,"template":"","meta":[],"product_brand":[3445],"product_cat":[3182,2338,2344],"product_tag":[],"class_list":{"0":"post-156656","1":"product","2":"type-product","3":"status-publish","4":"has-post-thumbnail","6":"product_brand-dell","7":"product_cat-barebone-pt","8":"product_cat-servidores-pt","9":"product_cat-servidores-rack-pt","11":"first","12":"instock","13":"taxable","14":"shipping-taxable","15":"purchasable","16":"product-type-simple"},"bundled_by":[],"bundle_stock_status":"instock","bundle_stock_quantity":1,"bundle_virtual":false,"bundle_layout":"","bundle_add_to_cart_form_location":"","bundle_editable_in_cart":false,"bundle_sold_individually_context":"","bundle_item_grouping":"","bundle_min_size":"","bundle_max_size":"","bundle_price":[],"bundled_items":[],"bundle_sell_ids":[],"exclude_global_add_ons":true,"addons":{"hdd-upgrades":{"name":"Extens\u00e3o disco r\u00edgido","type":"multiple_choice","position":0,"required":false,"title_format":"heading","default":"","description_enable":false,"description":"","placeholder_enable":false,"placeholder":"","display":"radiobutton","restrictions_type":"any_text","adjust_price":false,"price":"","price_type":"quantity_based","restrictions":false,"min":"0","max":"0","options":[{"label":"2x Disco SSD 240 Gb. [AMP00058]","price":"100.0000","price_type":"quantity_based","image":0,"visibility":true},{"label":"2x Disco SSD 480 Gb. [AMP00059]","price":"200.0000","price_type":"quantity_based","image":0,"visibility":true}]}},"df_price":174.24,"df_sale_price":"","df_regular_price":174.24,"df_image_link":"https:\/\/zoca.es\/wp-content\/uploads\/images\/product\/14003\/dell01503_01-300x225.jpg","_links":{"self":[{"href":"https:\/\/zoca.es\/pt-pt\/wp-json\/wp\/v2\/product\/156656","targetHints":{"allow":["GET"]}}],"collection":[{"href":"https:\/\/zoca.es\/pt-pt\/wp-json\/wp\/v2\/product"}],"about":[{"href":"https:\/\/zoca.es\/pt-pt\/wp-json\/wp\/v2\/types\/product"}],"wp:featuredmedia":[{"embeddable":true,"href":"https:\/\/zoca.es\/pt-pt\/wp-json\/wp\/v2\/media\/156653"}],"wp:attachment":[{"href":"https:\/\/zoca.es\/pt-pt\/wp-json\/wp\/v2\/media?parent=156656"}],"wp:term":[{"taxonomy":"product_brand","embeddable":true,"href":"https:\/\/zoca.es\/pt-pt\/wp-json\/wp\/v2\/product_brand?post=156656"},{"taxonomy":"product_cat","embeddable":true,"href":"https:\/\/zoca.es\/pt-pt\/wp-json\/wp\/v2\/product_cat?post=156656"},{"taxonomy":"product_tag","embeddable":true,"href":"https:\/\/zoca.es\/pt-pt\/wp-json\/wp\/v2\/product_tag?post=156656"}],"curies":[{"name":"wp","href":"https:\/\/api.w.org\/{rel}","templated":true}]}}