{"id":156212,"date":"2026-01-26T17:25:20","date_gmt":"2026-01-26T16:25:20","guid":{"rendered":"https:\/\/zoca.es\/producto\/microsoft-surface-pro-7-plus-kit-portugues-recondicionado-pt-13928-bundle\/"},"modified":"2026-02-02T10:53:46","modified_gmt":"2026-02-02T09:53:46","slug":"microsoft-surface-pro-7-plus-kit-portugues-recondicionado-pt-13928-bundle","status":"publish","type":"product","link":"https:\/\/zoca.es\/pt-pt\/produto\/microsoft-surface-pro-7-plus-kit-portugues-recondicionado-pt-13928-bundle\/","title":{"rendered":"Microsoft Surface Pro 7 Plus Portugu\u00eas com Teclado Tablet 12.3&#8243;"},"content":{"rendered":"<table class=\"table\" aria-describedby=\"heading-ficha-tecnica\">\n<caption class=\"sr-only\">Ficha t\u00e9cnica de Microsoft Surface Pro 7 Plus<\/caption>\n<tbody>\n<tr class=\"compont d-flex\">\n<th scope=\"row\" class=\"col-4\">Marca<\/th>\n<td class=\"col-8\">Microsoft<\/td>\n<\/tr>\n<tr class=\"compont d-flex\">\n<th scope=\"row\" class=\"col-4\">Modelo<\/th>\n<td class=\"col-8\">Surface Pro 7 Plus<\/td>\n<\/tr>\n<tr class=\"compont d-flex\">\n<th scope=\"row\" class=\"col-4\">Processador<\/th>\n<td class=\"col-8\">Intel Core i5-1135G7 2.4 GHz<\/td>\n<\/tr>\n<tr class=\"compont d-flex\">\n<th scope=\"row\" class=\"col-4\">Mem\u00f3ria RAM<\/th>\n<td class=\"col-8\">16 GB SO-DDR4<\/td>\n<\/tr>\n<tr class=\"compont d-flex\">\n<th scope=\"row\" class=\"col-4\">Armazenamento<\/th>\n<td class=\"col-8\">256 GB SSD M.2<\/td>\n<\/tr>\n<tr class=\"compont d-flex\">\n<th scope=\"row\" class=\"col-4\">Placa gr\u00e1fica<\/th>\n<td class=\"col-8\">Intel Iris Xe Graphics<\/td>\n<\/tr>\n<tr class=\"compont d-flex\">\n<th scope=\"row\" class=\"col-4\">Som<\/th>\n<td class=\"col-8\">High Definition Audio<\/td>\n<\/tr>\n<tr class=\"compont d-flex\">\n<th scope=\"row\" class=\"col-4\">Sistema operativo<\/th>\n<td class=\"col-8\">Windows 11 Pro (PT)<\/td>\n<\/tr>\n<tr class=\"compont d-flex\">\n<th scope=\"row\" class=\"col-4\">Portos<\/th>\n<td class=\"col-8\">USB 3.0, USB-C<\/td>\n<\/tr>\n<tr class=\"compont d-flex\">\n<th scope=\"row\" class=\"col-4\">Ecr\u00e3<\/th>\n<td class=\"col-8\">T\u00e1til 12.3&#8221; 2K 2736\u00d71824 (16:9)<\/td>\n<\/tr>\n<tr class=\"compont d-flex\">\n<th scope=\"row\" class=\"col-4\">Multim\u00eddia<\/th>\n<td class=\"col-8\">C\u00e2mara frontal e traseira<\/td>\n<\/tr>\n<tr class=\"compont d-flex\">\n<th scope=\"row\" class=\"col-4\">Conectividade<\/th>\n<td class=\"col-8\">WiFi, Bluetooth<\/td>\n<\/tr>\n<tr class=\"compont d-flex\">\n<th scope=\"row\" class=\"col-4\">Dimens\u00f5es<\/th>\n<td class=\"col-8\">29.2 \u00d7 20.1 \u00d7 0.85 cm<\/td>\n<\/tr>\n<tr class=\"compont d-flex\">\n<th scope=\"row\" class=\"col-4\">Peso<\/th>\n<td class=\"col-8\">0.79 kg<\/td>\n<\/tr>\n<\/tbody>\n<\/table>\n","protected":false},"excerpt":{"rendered":"<p>Tablet Surface Inclui com Windows 11 Pro, ecr\u00e3 t\u00e1til 2K de 12,3\u2019\u2019 e c\u00e2maras frontal e traseira. Inclui teclado e sistema operativo em Portugu\u00eas.<\/p>\n","protected":false},"featured_media":139998,"template":"","meta":[],"product_brand":[3456],"product_cat":[3185,2301],"product_tag":[],"class_list":{"0":"post-156212","1":"product","2":"type-product","3":"status-publish","4":"has-post-thumbnail","6":"product_brand-microsoft","7":"product_cat-tablets-surface-pt","8":"product_cat-tablets-pt","10":"first","11":"instock","12":"sale","13":"virtual","14":"taxable","15":"purchasable","16":"product-type-bundle"},"bundled_by":[],"bundle_stock_status":"instock","bundle_stock_quantity":24,"bundle_virtual":false,"bundle_layout":"default","bundle_add_to_cart_form_location":"default","bundle_editable_in_cart":false,"bundle_sold_individually_context":"product","bundle_item_grouping":"parent","bundle_min_size":1,"bundle_max_size":2,"bundle_price":{"price":{"min":{"incl_tax":"624.36","excl_tax":"516"},"max":{"incl_tax":"693.33","excl_tax":"573"}},"regular_price":{"min":{"incl_tax":"624.36","excl_tax":"516"},"max":{"incl_tax":"696.96","excl_tax":"576"}}},"bundled_items":[{"bundled_item_id":41,"product_id":140022,"menu_order":0,"quantity_min":1,"quantity_max":1,"quantity_default":1,"priced_individually":true,"shipped_individually":false,"override_title":false,"title":"Microsoft Surface Pro 7 Plus Kit Portugu\u00e9s | Recondicionado","override_description":false,"description":"Microsoft Surface Pro 7 Plus Kit Portugu\u00e9s | Recondicionado","optional":false,"hide_thumbnail":false,"discount":"","override_variations":false,"allowed_variations":[""],"override_default_variation_attributes":false,"default_variation_attributes":[],"single_product_visibility":"visible","cart_visibility":"visible","order_visibility":"visible","single_product_price_visibility":"visible","cart_price_visibility":"visible","order_price_visibility":"visible","stock_status":"in_stock"},{"bundled_item_id":42,"product_id":72239,"menu_order":1,"quantity_min":1,"quantity_max":1,"quantity_default":1,"priced_individually":true,"shipped_individually":false,"override_title":false,"title":"Op\u00e7\u00e3o port\u00e1til Microsoft Surface Dockin 1661 | Recondicionado","override_description":false,"description":"Op\u00e7\u00e3o port\u00e1til Microsoft Surface Dockin 1661 | Recondicionado","optional":true,"hide_thumbnail":false,"discount":"48","override_variations":false,"allowed_variations":[""],"override_default_variation_attributes":false,"default_variation_attributes":[],"single_product_visibility":"visible","cart_visibility":"visible","order_visibility":"visible","single_product_price_visibility":"visible","cart_price_visibility":"visible","order_price_visibility":"visible","stock_status":"in_stock"}],"bundle_sell_ids":[],"exclude_global_add_ons":[],"addons":[],"df_price":"","df_sale_price":"","df_regular_price":"","df_image_link":"https:\/\/zoca.es\/wp-content\/uploads\/images\/product\/13928\/ms00200_01-300x225.jpg","_links":{"self":[{"href":"https:\/\/zoca.es\/pt-pt\/wp-json\/wp\/v2\/product\/156212","targetHints":{"allow":["GET"]}}],"collection":[{"href":"https:\/\/zoca.es\/pt-pt\/wp-json\/wp\/v2\/product"}],"about":[{"href":"https:\/\/zoca.es\/pt-pt\/wp-json\/wp\/v2\/types\/product"}],"wp:featuredmedia":[{"embeddable":true,"href":"https:\/\/zoca.es\/pt-pt\/wp-json\/wp\/v2\/media\/139998"}],"wp:attachment":[{"href":"https:\/\/zoca.es\/pt-pt\/wp-json\/wp\/v2\/media?parent=156212"}],"wp:term":[{"taxonomy":"product_brand","embeddable":true,"href":"https:\/\/zoca.es\/pt-pt\/wp-json\/wp\/v2\/product_brand?post=156212"},{"taxonomy":"product_cat","embeddable":true,"href":"https:\/\/zoca.es\/pt-pt\/wp-json\/wp\/v2\/product_cat?post=156212"},{"taxonomy":"product_tag","embeddable":true,"href":"https:\/\/zoca.es\/pt-pt\/wp-json\/wp\/v2\/product_tag?post=156212"}],"curies":[{"name":"wp","href":"https:\/\/api.w.org\/{rel}","templated":true}]}}