{"id":152598,"date":"2025-12-12T13:19:32","date_gmt":"2025-12-12T12:19:32","guid":{"rendered":"https:\/\/zoca.es\/producto\/dell-e228wfp-22-lcd-169-recondicionado-1680x1050-pt-14525\/"},"modified":"2026-02-25T10:42:29","modified_gmt":"2026-02-25T09:42:29","slug":"dell-e228wfp-22-lcd-169-recondicionado-1680x1050-pt-14525","status":"publish","type":"product","link":"https:\/\/zoca.es\/pt-pt\/produto\/dell-e228wfp-22-lcd-169-recondicionado-1680x1050-pt-14525\/","title":{"rendered":"Dell E228WFP 22&#8221; LCD 16:9 | Recondicionado | 1680&#215;1050"},"content":{"rendered":"<p><strong>Tela<\/strong><br \/>LCD 22 &#8221; HD 16:9 \u00b7 Resolu\u00e7\u00e3o 1680&#215;1050<br \/>Dot pitch 0.282 mm<br \/>Resposta 5 ms<br \/>Contraste 800:1<br \/>Brilho 300 cd\/m2<br \/>\u00c2ngulo vis\u00e3o 60\u00b0v\/60\u00b0h<br \/><strong>Portas de v\u00eddeo<\/strong><br \/>VGA<br \/>DVI<br \/><strong>Espec\u00edfico tela<\/strong><br \/>Apoio VESA<br \/>Pedestal<br \/><strong>Outros<\/strong><br \/>hR embalagens<br \/><strong>Dimens\u00f5es<\/strong><br \/>51x41x17 cm.<br \/><strong>Peso<\/strong><br \/>6.60 Kg.<br \/><strong>Especifica\u00e7\u00f5es adicionais<\/strong><br \/>O Dell E228WFP \u00e9 um monitor pensado para quem procura uma solu\u00e7\u00e3o pr\u00e1tica e funcional que se integre sem complica\u00e7\u00f5es em qualquer ambiente de trabalho ou estudo. Com seu tamanho de 22 polegadas e formato 16:9, este monitor oferece uma experi\u00eancia visual confort\u00e1vel e est\u00e1vel, ideal para escrit\u00f3rios, salas de aula, esta\u00e7\u00f5es dom\u00e9sticas ou qualquer espa\u00e7o onde a efici\u00eancia e o desempenho di\u00e1rio sejam priorit\u00e1rios.O seu painel LCD de 22\u2019\u2019 com resolu\u00e7\u00e3o HD de 1680&#215;1050 oferece uma imagem clara e bem proporcionada, com um dot pitch de 0,282 mm que mant\u00e9m uma visualiza\u00e7\u00e3o equilibrada em documentos, folhas de c\u00e1lculo e navega\u00e7\u00e3o na web. Com um contraste de 800:1 e um brilho de 300\u202fcd\/m\u00b2, o ecr\u00e3 oferece luminosidade suficiente para ambientes com luz ambiente mais intensa, proporcionando clareza e foco em cada tarefa. O tempo de resposta de 5\u202fms garante transi\u00e7\u00f5es sem distra\u00e7\u00f5es e uma experi\u00eancia fluida nas tarefas do dia a dia. Embora os \u00e2ngulos de vis\u00e3o de 60\u00b0\/60\u00b0 sejam mais limitados, o monitor foi projetado para uso frontal cont\u00ednuo e eficiente. A conectividade VGA e DVI, juntamente com os cabos inclu\u00eddos, garante compatibilidade imediata com uma ampla variedade de equipamentos.O Dell E228WFP representa uma op\u00e7\u00e3o s\u00f3lida para quem procura um monitor funcional, fi\u00e1vel e sem complica\u00e7\u00f5es, ideal para aumentar a produtividade sem dificuldades. O seu design simples e abordagem pr\u00e1tica tornam-no perfeito para ambientes onde a clareza visual e a efici\u00eancia s\u00e3o priorit\u00e1rias.Boa apar\u00eancia exterior. Se tiver alguma d\u00favida, ligue-nos ou use o nosso chat para obter mais informa\u00e7\u00f5es ou solicitar mais detalhes.<br \/><strong>Coment\u00e1rios<\/strong><br \/><u>Cabo de alimenta\u00e7\u00e3o e VGA inclu\u00eddo<\/u><\/p>\n","protected":false},"excerpt":{"rendered":"<p>LCD 22 &#8221; HD 16:9 \u00b7 Resolu\u00e7\u00e3o 1680&#215;1050 \u00b7 Dot pitch 0.282 mm \u00b7 Resposta 5 ms \u00b7 Contraste 800:1 \u00b7 Brilho 300 cd\/m2 \u00b7 VGA \u00b7 DVI \u00b7<br \/>\n<u>Cabo de alimenta\u00e7\u00e3o e VGA inclu\u00eddo<br \/>\n<\/u><\/p>\n","protected":false},"featured_media":152583,"template":"","meta":[],"product_brand":[3445],"product_cat":[2236,3126],"product_tag":[],"class_list":{"0":"post-152598","1":"product","2":"type-product","3":"status-publish","4":"has-post-thumbnail","6":"product_brand-dell","7":"product_cat-monitores-pt","8":"product_cat-monitores-monitores-pt","10":"first","11":"instock","12":"taxable","13":"shipping-taxable","14":"purchasable","15":"product-type-simple"},"bundled_by":[],"bundle_stock_status":"instock","bundle_stock_quantity":2,"bundle_virtual":false,"bundle_layout":"","bundle_add_to_cart_form_location":"","bundle_editable_in_cart":false,"bundle_sold_individually_context":"","bundle_item_grouping":"","bundle_min_size":"","bundle_max_size":"","bundle_price":[],"bundled_items":[],"bundle_sell_ids":[],"exclude_global_add_ons":true,"addons":{"webcam-upgrades":{"name":"Extens\u00e3o Webcam","type":"multiple_choice","position":0,"required":false,"title_format":"heading","default":"","description_enable":false,"description":"","placeholder_enable":false,"placeholder":"","display":"radiobutton","restrictions_type":"any_text","adjust_price":false,"price":"","price_type":"quantity_based","restrictions":false,"min":"0","max":"0","options":[{"label":"Conceptronic AMDIS FullHD [AMP00085]","price":"29.0000","price_type":"quantity_based","image":0,"visibility":true}]},"hdmi-upgrades":{"name":"Extens\u00e3o cabo","type":"multiple_choice","position":0,"required":false,"title_format":"heading","default":"","description_enable":false,"description":"","placeholder_enable":false,"placeholder":"","display":"radiobutton","restrictions_type":"any_text","adjust_price":false,"price":"","price_type":"quantity_based","restrictions":false,"min":"0","max":"0","options":[{"label":"Cabo DVI-D M \/ M Dual Link 1,8 mts. [AMP00102]","price":"2.0000","price_type":"quantity_based","image":0,"visibility":true}]}},"df_price":94.38,"df_sale_price":"","df_regular_price":94.38,"df_image_link":"https:\/\/zoca.es\/wp-content\/uploads\/images\/product\/14525\/dell01605_01-300x225.jpg","_links":{"self":[{"href":"https:\/\/zoca.es\/pt-pt\/wp-json\/wp\/v2\/product\/152598","targetHints":{"allow":["GET"]}}],"collection":[{"href":"https:\/\/zoca.es\/pt-pt\/wp-json\/wp\/v2\/product"}],"about":[{"href":"https:\/\/zoca.es\/pt-pt\/wp-json\/wp\/v2\/types\/product"}],"wp:featuredmedia":[{"embeddable":true,"href":"https:\/\/zoca.es\/pt-pt\/wp-json\/wp\/v2\/media\/152583"}],"wp:attachment":[{"href":"https:\/\/zoca.es\/pt-pt\/wp-json\/wp\/v2\/media?parent=152598"}],"wp:term":[{"taxonomy":"product_brand","embeddable":true,"href":"https:\/\/zoca.es\/pt-pt\/wp-json\/wp\/v2\/product_brand?post=152598"},{"taxonomy":"product_cat","embeddable":true,"href":"https:\/\/zoca.es\/pt-pt\/wp-json\/wp\/v2\/product_cat?post=152598"},{"taxonomy":"product_tag","embeddable":true,"href":"https:\/\/zoca.es\/pt-pt\/wp-json\/wp\/v2\/product_tag?post=152598"}],"curies":[{"name":"wp","href":"https:\/\/api.w.org\/{rel}","templated":true}]}}