{"id":149886,"date":"2025-11-26T10:59:43","date_gmt":"2025-11-26T09:59:43","guid":{"rendered":"https:\/\/zoca.es\/producto\/compaq-v55-15-crt-43-recondicionado-1024x768-pt-14407\/"},"modified":"2026-02-25T10:39:49","modified_gmt":"2026-02-25T09:39:49","slug":"compaq-v55-15-crt-43-recondicionado-1024x768-pt-14407","status":"publish","type":"product","link":"https:\/\/zoca.es\/pt-pt\/produto\/compaq-v55-15-crt-43-recondicionado-1024x768-pt-14407\/","title":{"rendered":"Compaq V55 15&#8221; CRT 4:3 | Recondicionado | 1024&#215;768"},"content":{"rendered":"<p><strong>Tela<\/strong><br \/>CRT 15 &#8221; HD 4:3 \u00b7 Resolu\u00e7\u00e3o 1024&#215;768<br \/>Dot pitch 0.28 mm<br \/><strong>Portas de v\u00eddeo<\/strong><br \/>VGA<br \/><strong>Espec\u00edfico tela<\/strong><br \/>Pedestal<br \/><strong>Dimens\u00f5es<\/strong><br \/>40x37x37 cm.<br \/><strong>Peso<\/strong><br \/>12.00 Kg.<br \/><strong>Especifica\u00e7\u00f5es adicionais<\/strong><br \/>O COMPAQ V55 \u00e9 um monitor CRT pensado para quem necessita de um ecr\u00e3 compacto, resistente e totalmente compat\u00edvel com sistemas legacy. Ideal para ambientes industriais, pontos de controlo, software antigo ou postos onde ainda \u00e9 necess\u00e1rio hardware espec\u00edfico, este modelo oferece a solidez e a estabilidade que fizeram da COMPAQ uma refer\u00eancia no setor profissional.Com 15 polegadas no formato 4:3 e resolu\u00e7\u00e3o de 1024&#215;768, o COMPAQ V55 proporciona uma imagem clara e equilibrada, perfeita para aplica\u00e7\u00f5es cl\u00e1ssicas e equipamentos que dependem de configura\u00e7\u00f5es herdadas. O seu dot pitch de 0.28 mm garante um n\u00edvel de detalhe preciso, e a liga\u00e7\u00e3o VGA assegura compatibilidade direta com uma ampla variedade de sistemas e esta\u00e7\u00f5es de trabalho tradicionais.O COMPAQ V55 \u00e9 a escolha ideal para utilizadores que procuram monitores fi\u00e1veis e funcionais para ambientes onde a tecnologia CRT continua a ser indispens\u00e1vel. Um equipamento dur\u00e1vel, est\u00e1vel e pronto para continuar a oferecer desempenho onde a compatibilidade e a robustez s\u00e3o mais importantes do que nunca.Bom aspeto exterior. Consulta \u201c+ Fotos\u201d e \u201cV\u00eddeo\u201d e, se tiveres alguma d\u00favida, liga-nos ou usa o nosso chat para pedir mais informa\u00e7\u00f5es ou detalhes adicionais.<br \/><strong>Coment\u00e1rios<\/strong><br \/><u>Cabo de alimenta\u00e7\u00e3o e VGA inclu\u00eddo<\/u><\/p>\n","protected":false},"excerpt":{"rendered":"<p><strong>CRT 15 &#8221;<\/strong> HD 4:3 \u00b7 Resolu\u00e7\u00e3o 1024&#215;768 \u00b7 Dot pitch 0.28 mm \u00b7 VGA \u00b7<br \/>\n<u>Cabo de alimenta\u00e7\u00e3o e VGA inclu\u00eddo<br \/>\n<\/u><\/p>\n","protected":false},"featured_media":149868,"template":"","meta":[],"product_brand":[3494],"product_cat":[2236,3126,2245],"product_tag":[],"class_list":{"0":"post-149886","1":"product","2":"type-product","3":"status-publish","4":"has-post-thumbnail","6":"product_brand-compaq","7":"product_cat-monitores-pt","8":"product_cat-monitores-monitores-pt","9":"product_cat-monitores-outros-pt","11":"first","12":"instock","13":"taxable","14":"shipping-taxable","15":"purchasable","16":"product-type-simple"},"bundled_by":[],"bundle_stock_status":"instock","bundle_stock_quantity":1,"bundle_virtual":false,"bundle_layout":"","bundle_add_to_cart_form_location":"","bundle_editable_in_cart":false,"bundle_sold_individually_context":"","bundle_item_grouping":"","bundle_min_size":"","bundle_max_size":"","bundle_price":[],"bundled_items":[],"bundle_sell_ids":[],"exclude_global_add_ons":[],"addons":[],"df_price":281.93,"df_sale_price":"","df_regular_price":281.93,"df_image_link":"https:\/\/zoca.es\/wp-content\/uploads\/images\/product\/14407\/comp00965_01-300x225.jpg","_links":{"self":[{"href":"https:\/\/zoca.es\/pt-pt\/wp-json\/wp\/v2\/product\/149886","targetHints":{"allow":["GET"]}}],"collection":[{"href":"https:\/\/zoca.es\/pt-pt\/wp-json\/wp\/v2\/product"}],"about":[{"href":"https:\/\/zoca.es\/pt-pt\/wp-json\/wp\/v2\/types\/product"}],"wp:featuredmedia":[{"embeddable":true,"href":"https:\/\/zoca.es\/pt-pt\/wp-json\/wp\/v2\/media\/149868"}],"wp:attachment":[{"href":"https:\/\/zoca.es\/pt-pt\/wp-json\/wp\/v2\/media?parent=149886"}],"wp:term":[{"taxonomy":"product_brand","embeddable":true,"href":"https:\/\/zoca.es\/pt-pt\/wp-json\/wp\/v2\/product_brand?post=149886"},{"taxonomy":"product_cat","embeddable":true,"href":"https:\/\/zoca.es\/pt-pt\/wp-json\/wp\/v2\/product_cat?post=149886"},{"taxonomy":"product_tag","embeddable":true,"href":"https:\/\/zoca.es\/pt-pt\/wp-json\/wp\/v2\/product_tag?post=149886"}],"curies":[{"name":"wp","href":"https:\/\/api.w.org\/{rel}","templated":true}]}}