{"id":149396,"date":"2025-11-20T11:38:19","date_gmt":"2025-11-20T10:38:19","guid":{"rendered":"https:\/\/zoca.es\/producto\/hp-proliant-dl360p-g8-barebone-rack-recondicionado-xeon-six-core-2ghz-24-gb-ram-sas-pt-13997\/"},"modified":"2026-02-25T10:28:07","modified_gmt":"2026-02-25T09:28:07","slug":"hp-proliant-dl360p-g8-barebone-rack-recondicionado-xeon-six-core-2ghz-24-gb-ram-sas-pt-13997","status":"publish","type":"product","link":"https:\/\/zoca.es\/pt-pt\/produto\/hp-proliant-dl360p-g8-barebone-rack-recondicionado-xeon-six-core-2ghz-24-gb-ram-sas-pt-13997\/","title":{"rendered":"HP ProLiant DL360p G8-Barebone Rack | Recondicionado | Xeon Six Core 2GHz | 24 GB RAM | SAS"},"content":{"rendered":"<p><strong>Processador<\/strong><br \/>Intel Xeon Six Core E5-2620 2 GHz.<br \/><strong>Fator de forma<\/strong><br \/>Rack (1U)<br \/><strong>Mem\u00f3ria RAM<\/strong><br \/>24 Gb. DDR3 ECC RAM<br \/>24 ba\u00edas (18 vazio )<br \/><strong>Disco r\u00edgido<\/strong><br \/>SAS 2.5&#8221; 10000rpm<br \/>SAS 2.5&#8221; 10000rpm<br \/>8 ba\u00edas<br \/><strong>Drive \u00f3ptico<\/strong><br \/>DVD-RW<br \/><strong>Cart\u00f5es<\/strong><br \/>Network: HP FlexibleLOM 1Gb 331FLR Ethernet<br \/><strong>Sistema operativo<\/strong><br \/>&#8211; Sem sistema operativo &#8211;<br \/><strong>Portos<\/strong><br \/>S\u00e9rie<br \/>6x USB 3.0<br \/><strong>Multim\u00eddia<\/strong><br \/>Leitor SD<br \/><strong>Conectividade<\/strong><br \/>4x RJ-45<br \/><strong>Alimenta\u00e7\u00e3o<\/strong><br \/>Fontes de alimenta\u00e7\u00e3o (Hotplug)<br \/><strong>Outros<\/strong><br \/>hR embalagens<br \/><strong>Dimens\u00f5es<\/strong><br \/>43.2&#215;43.5&#215;69.8 cm.<br \/><strong>Peso<\/strong><br \/>20.00 Kg.<br \/><strong>Especifica\u00e7\u00f5es adicionais<\/strong><br \/>O HP ProLiant DL360p G8 \u00e9 um servidor rack 1U projetado para oferecer desempenho fi\u00e1vel, efici\u00eancia e versatilidade, mesmo em infraestruturas com elevada densidade de equipamentos. Com um processador Intel Xeon Six Core E5-2620 a 2.0 GHz e 24 GB de mem\u00f3ria DDR3 ECC, este modelo proporciona uma plataforma est\u00e1vel e segura para virtualiza\u00e7\u00e3o ligeira, servi\u00e7os corporativos, hosting ou cargas de trabalho empresariais cont\u00ednuas.Sendo um servidor barebone, \u00e9 fornecido sem discos instalados, permitindo que distribuidores e integradores selecionem as unidades SAS de 2.5&#8243; a 10 000 rpm que melhor se adaptem a cada projeto. Oferece 24 baias (18 vazias) juntamente com outras 8 baias adicionais, garantindo enorme capacidade de expans\u00e3o para ambientes que requerem crescimento progressivo do armazenamento. A controladora HP Smart Array P420i RAID oferece capacidades avan\u00e7adas de prote\u00e7\u00e3o e flexibilidade na gest\u00e3o de volumes.Este modelo inclui um detalhe importante: as ranhuras PCIe X16 e X8 v\u00eam ocupadas por portas de fibra, proporcionando conectividade de alta velocidade para redes SAN ou infraestruturas cr\u00edticas que exigem grande largura de banda. Isto torna o DL360p G8 uma op\u00e7\u00e3o especialmente atrativa para centros de dados e ambientes virtualizados.O seu design 1U, aliado \u00e0 qualidade de constru\u00e7\u00e3o da s\u00e9rie ProLiant, garante efici\u00eancia energ\u00e9tica, refrigera\u00e7\u00e3o otimizada e funcionamento est\u00e1vel 24\/7, tudo isso com gest\u00e3o avan\u00e7ada gra\u00e7as \u00e0 tecnologia iLO.O HP ProLiant DL360p G8 \u00e9 uma solu\u00e7\u00e3o ideal para distribuidores, integradores e empresas que procuram um servidor robusto, flex\u00edvel e preparado para configura\u00e7\u00f5es totalmente personalizadas.Servidor barebone, ideal para configura\u00e7\u00f5es personalizadas conforme as necessidades do cliente.Bom estado exterior. Se tiver alguma d\u00favida, ligue-nos ou utilize o nosso chat para obter mais informa\u00e7\u00f5es ou solicitar mais detalhes.<br \/><strong>Coment\u00e1rios<\/strong><br \/><u>Controlador Raid P420i &#8211; 1xPCIe X16 \/ 1xPCIe X8 (ocupado pela porta de fibra)<\/u><\/p>\n","protected":false},"excerpt":{"rendered":"<p>Intel Xeon Six Core E5-2620 2 GHz. \u00b7 24 Gb. DDR3 ECC RAM \u00b7 24 ba\u00edas (18 vazio ) \u00b7 SAS 2.5&#8221; \u00b7 8 ba\u00edas \u00b7 DVD-RW \u00b7<br \/>\n<strong>Controlador Raid P420i <\/strong>&#8211; <u>1xPCIe X16 \/ 1xPCIe X8 (ocupado pela porta de fibra)<br \/>\n<\/u><\/p>\n","protected":false},"featured_media":149389,"template":"","meta":[],"product_brand":[3453],"product_cat":[3182,2338,2344],"product_tag":[],"class_list":{"0":"post-149396","1":"product","2":"type-product","3":"status-publish","4":"has-post-thumbnail","6":"product_brand-hp","7":"product_cat-barebone-pt","8":"product_cat-servidores-pt","9":"product_cat-servidores-rack-pt","11":"first","12":"outofstock","13":"taxable","14":"shipping-taxable","15":"purchasable","16":"product-type-simple"},"bundled_by":[],"bundle_stock_status":"outofstock","bundle_stock_quantity":0,"bundle_virtual":false,"bundle_layout":"","bundle_add_to_cart_form_location":"","bundle_editable_in_cart":false,"bundle_sold_individually_context":"","bundle_item_grouping":"","bundle_min_size":"","bundle_max_size":"","bundle_price":[],"bundled_items":[],"bundle_sell_ids":[],"exclude_global_add_ons":[],"addons":[],"df_price":415.03,"df_sale_price":"","df_regular_price":415.03,"df_image_link":"https:\/\/zoca.es\/wp-content\/uploads\/images\/product\/13997\/hp03100_01-300x225.jpg","_links":{"self":[{"href":"https:\/\/zoca.es\/pt-pt\/wp-json\/wp\/v2\/product\/149396","targetHints":{"allow":["GET"]}}],"collection":[{"href":"https:\/\/zoca.es\/pt-pt\/wp-json\/wp\/v2\/product"}],"about":[{"href":"https:\/\/zoca.es\/pt-pt\/wp-json\/wp\/v2\/types\/product"}],"wp:featuredmedia":[{"embeddable":true,"href":"https:\/\/zoca.es\/pt-pt\/wp-json\/wp\/v2\/media\/149389"}],"wp:attachment":[{"href":"https:\/\/zoca.es\/pt-pt\/wp-json\/wp\/v2\/media?parent=149396"}],"wp:term":[{"taxonomy":"product_brand","embeddable":true,"href":"https:\/\/zoca.es\/pt-pt\/wp-json\/wp\/v2\/product_brand?post=149396"},{"taxonomy":"product_cat","embeddable":true,"href":"https:\/\/zoca.es\/pt-pt\/wp-json\/wp\/v2\/product_cat?post=149396"},{"taxonomy":"product_tag","embeddable":true,"href":"https:\/\/zoca.es\/pt-pt\/wp-json\/wp\/v2\/product_tag?post=149396"}],"curies":[{"name":"wp","href":"https:\/\/api.w.org\/{rel}","templated":true}]}}