{"id":147690,"date":"2025-11-04T12:22:51","date_gmt":"2025-11-04T11:22:51","guid":{"rendered":"https:\/\/zoca.es\/producto\/hp-proliant-dl360p-g8-barebone-rack-recondicionado-xeon-octa-core-2ghz-32-gb-ram-sas-pt-13998\/"},"modified":"2026-02-25T09:29:48","modified_gmt":"2026-02-25T08:29:48","slug":"hp-proliant-dl360p-g8-barebone-rack-recondicionado-xeon-octa-core-2ghz-32-gb-ram-sas-pt-13998","status":"publish","type":"product","link":"https:\/\/zoca.es\/pt-pt\/produto\/hp-proliant-dl360p-g8-barebone-rack-recondicionado-xeon-octa-core-2ghz-32-gb-ram-sas-pt-13998\/","title":{"rendered":"HP ProLiant DL360p G8-Barebone Rack | Recondicionado | Xeon Octa Core 2GHz | 32 GB RAM | SAS"},"content":{"rendered":"<p><strong>Processador<\/strong><br \/>Intel Xeon Octa Core E5 2650 2 GHz.<br \/><strong>Fator de forma<\/strong><br \/>Rack (1U)<br \/><strong>Mem\u00f3ria RAM<\/strong><br \/>32 Gb. DDR3 ECC RAM<br \/>24 ba\u00edas (22 vazio )<br \/><strong>Disco r\u00edgido<\/strong><br \/>SAS 2.5&#8221; 10000rpm<br \/>SAS 2.5&#8221; 10000rpm<br \/>8 ba\u00edas<br \/><strong>Drive \u00f3ptico<\/strong><br \/>DVD-RW<br \/><strong>Cart\u00f5es<\/strong><br \/>Network: HP FlexibleLOM 1Gb 331FLR Ethernet<br \/><strong>Sistema operativo<\/strong><br \/>&#8211; Sem sistema operativo &#8211;<br \/><strong>Portos<\/strong><br \/>S\u00e9rie<br \/>6x USB 3.0<br \/><strong>Multim\u00eddia<\/strong><br \/>Leitor SD<br \/><strong>Conectividade<\/strong><br \/>4x RJ-45<br \/><strong>Alimenta\u00e7\u00e3o<\/strong><br \/>2x Fontes de alimenta\u00e7\u00e3o (Hotplug)<br \/><strong>Outros<\/strong><br \/>hR embalagens<br \/><strong>Dimens\u00f5es<\/strong><br \/>43.2&#215;43.5&#215;69.8 cm.<br \/><strong>Peso<\/strong><br \/>20.00 Kg.<br \/><strong>Especifica\u00e7\u00f5es adicionais<\/strong><br \/>O HP ProLiant DL360p G8 \u00e9 um servidor rack 1U projetado para oferecer m\u00e1xima pot\u00eancia e fiabilidade em espa\u00e7os reduzidos. Equipado com um processador Intel Xeon Octa Core E5-2650 a 2.0 GHz e 32 GB de mem\u00f3ria DDR3 ECC, garante desempenho est\u00e1vel e alta efici\u00eancia mesmo nos ambientes empresariais mais exigentes, como virtualiza\u00e7\u00e3o, bases de dados ou servi\u00e7os de rede.Este modelo \u00e9 apresentado como barebone, sem discos instalados, oferecendo total liberdade para configurar o armazenamento de acordo com as necessidades do cliente. Disp\u00f5e de 24 baias (22 vazias) para unidades SAS de 2.5\u201d a 10 000 rpm, geridas pelo controlador HP Smart Array P420i RAID, que proporciona prote\u00e7\u00e3o avan\u00e7ada e total flexibilidade na gest\u00e3o de volumes e redund\u00e2ncia de dados.A sua dupla fonte de alimenta\u00e7\u00e3o redundante de 460W assegura opera\u00e7\u00e3o cont\u00ednua e m\u00e1xima disponibilidade, enquanto os slots de expans\u00e3o PCIe (1x X16 e 1x X8) permitem personalizar o servidor com placas de rede, armazenamento ou aceleradoras espec\u00edficas.O DL360p G8 destaca-se pelo seu design compacto, efici\u00eancia energ\u00e9tica e fiabilidade HP ProLiant, tornando-se numa escolha ideal para revendedores de TI, integradores e centros de dados que procuram uma plataforma profissional escal\u00e1vel, robusta e pronta para se adaptar a qualquer ambiente de TI.Servidor barebone, ideal para configura\u00e7\u00f5es personalizadas conforme as necessidades do cliente.Aspeto exterior atrativo. Se tiver alguma d\u00favida, ligue-nos ou utilize o nosso chat para obter mais informa\u00e7\u00f5es ou solicitar mais detalhes.<br \/><strong>Coment\u00e1rios<\/strong><br \/><u>Controlador RAID P420i &#8211; 1xPCIe X16 \/ 1xPCe X8 &#8211; 2xFte. Pot\u00eancia 460W<\/u><\/p>\n","protected":false},"excerpt":{"rendered":"<p>Processador Intel Xeon Octa Core E5 2650 de 2 GHz. \u00b7 32 GB de RAM DDR3 ECC \u00b7 24 ba\u00edas (22 vazias) \u00b7 8 ba\u00edas SAS\/SATA de 2,5&#8243; \u00b7 Unidade de DVD-RW \u00b7 <strong>Controladora RAID P420i<\/strong> &#8211; <u>1x PCIe x16 \/ 1x PCIe x8 &#8211; 2 fontes de alimenta\u00e7\u00e3o de 460 W<\/u><\/p>\n","protected":false},"featured_media":147684,"template":"","meta":[],"product_brand":[3453],"product_cat":[3182,2338,2344],"product_tag":[],"class_list":{"0":"post-147690","1":"product","2":"type-product","3":"status-publish","4":"has-post-thumbnail","6":"product_brand-hp","7":"product_cat-barebone-pt","8":"product_cat-servidores-pt","9":"product_cat-servidores-rack-pt","11":"first","12":"instock","13":"taxable","14":"shipping-taxable","15":"purchasable","16":"product-type-simple"},"bundled_by":[],"bundle_stock_status":"instock","bundle_stock_quantity":2,"bundle_virtual":false,"bundle_layout":"","bundle_add_to_cart_form_location":"","bundle_editable_in_cart":false,"bundle_sold_individually_context":"","bundle_item_grouping":"","bundle_min_size":"","bundle_max_size":"","bundle_price":[],"bundled_items":[],"bundle_sell_ids":[],"exclude_global_add_ons":[],"addons":[],"df_price":624.36,"df_sale_price":"","df_regular_price":624.36,"df_image_link":"https:\/\/zoca.es\/wp-content\/uploads\/images\/product\/13998\/hp03101_01-300x225.jpg","_links":{"self":[{"href":"https:\/\/zoca.es\/pt-pt\/wp-json\/wp\/v2\/product\/147690","targetHints":{"allow":["GET"]}}],"collection":[{"href":"https:\/\/zoca.es\/pt-pt\/wp-json\/wp\/v2\/product"}],"about":[{"href":"https:\/\/zoca.es\/pt-pt\/wp-json\/wp\/v2\/types\/product"}],"wp:featuredmedia":[{"embeddable":true,"href":"https:\/\/zoca.es\/pt-pt\/wp-json\/wp\/v2\/media\/147684"}],"wp:attachment":[{"href":"https:\/\/zoca.es\/pt-pt\/wp-json\/wp\/v2\/media?parent=147690"}],"wp:term":[{"taxonomy":"product_brand","embeddable":true,"href":"https:\/\/zoca.es\/pt-pt\/wp-json\/wp\/v2\/product_brand?post=147690"},{"taxonomy":"product_cat","embeddable":true,"href":"https:\/\/zoca.es\/pt-pt\/wp-json\/wp\/v2\/product_cat?post=147690"},{"taxonomy":"product_tag","embeddable":true,"href":"https:\/\/zoca.es\/pt-pt\/wp-json\/wp\/v2\/product_tag?post=147690"}],"curies":[{"name":"wp","href":"https:\/\/api.w.org\/{rel}","templated":true}]}}