{"id":147347,"date":"2025-10-30T13:57:29","date_gmt":"2025-10-30T12:57:29","guid":{"rendered":"https:\/\/zoca.es\/producto\/escaner-fujitsu-fi-7260-flatbed-recondicionado-pt-14165\/"},"modified":"2026-03-18T17:46:59","modified_gmt":"2026-03-18T16:46:59","slug":"escaner-fujitsu-fi-7260-flatbed-recondicionado-pt-14165","status":"publish","type":"product","link":"https:\/\/zoca.es\/pt-pt\/produto\/escaner-fujitsu-fi-7260-flatbed-recondicionado-pt-14165\/","title":{"rendered":"Esc\u00e1ner Fujitsu FI-7260 Flatbed | Recondicionado"},"content":{"rendered":"<p><b>Tecnologia<\/b><br \/>Scanner de Documentos Plano a Cores<br \/><b>Sensor de Imagem<\/b><br \/>CCD a Cores<br \/><b>Velocidade de Digitaliza\u00e7\u00e3o<\/b><br \/>Cor: 60 ppm<br \/><b>Resolu\u00e7\u00e3o<\/b><br \/>At\u00e9 600 dpi<br \/><b>Conectividade<\/b><br \/>USB 3.0 \/ USB 2.0 \/ USB 1.1<br \/><b>Duplex<\/b><br \/>Integrado<br \/><b>Manuseamento de Papel<\/b><br \/>Alimentador autom\u00e1tico para 80 folhas<br \/><b>\u00c1rea de Digitaliza\u00e7\u00e3o<\/b><br \/>ADF M\u00e1x. A4<br \/><b>Dimens\u00f5es<\/b><br \/>300 x 570 x 230 mm<br \/><b>Peso<\/b><br \/>8 kg<br \/><b>Especifica\u00e7\u00f5es Adicionais:<\/b><br \/>O Fujitsu\u202ffi\u20117260 \u00e9 um scanner de documentos a cores que combina um alimentador autom\u00e1tico (ADF) de 80 folhas com uma unidade plana, oferecendo flexibilidade para lidar tanto com lotes de documentos quanto com livros ou materiais delicados. Com sensor CCD a cores e digitaliza\u00e7\u00e3o duplex integrada, atinge velocidades de at\u00e9 60 ppm (ou 120 ipm em dupla face) no modo ADF. Sua resolu\u00e7\u00e3o \u00f3ptica m\u00e1xima de 600 dpi, juntamente com conectividade USB\u202f3.0\/2.0\/1.1, garante integra\u00e7\u00e3o r\u00e1pida e excelente qualidade de captura. Gra\u00e7as ao flatbed incorporado, permite digitalizar documentos que n\u00e3o podem passar pelo ADF, enquanto recursos avan\u00e7ados como detec\u00e7\u00e3o ultrass\u00f4nica de alimenta\u00e7\u00e3o dupla, redu\u00e7\u00e3o de skew e prote\u00e7\u00e3o do papel oferecem confiabilidade em ambientes exigentes. O fi\u20117260 \u00e9 ideal para empresas que precisam digitalizar faturas, arquivos, livros ou documentos em grande volume, com precis\u00e3o e rapidez.<br \/>Bom aspeto exterior. A carca\u00e7a pode apresentar uma tonalidade amarelada. Veja as &#8220;+ Fotos&#8221; e, caso tenha alguma d\u00favida, ligue-nos ou utilize o nosso chat para obter mais informa\u00e7\u00f5es ou solicitar detalhes adicionais.<\/p>\n","protected":false},"excerpt":{"rendered":"<p>Tecnologia: Scanner plano colorido de documentos &#8211; Sensor de imagem: CCD colorido &#8211; Velocidade de digitaliza\u00e7\u00e3o: at\u00e9 60 ppm &#8211; Resolu\u00e7\u00e3o: at\u00e9 600 dpi &#8211; Conectividade: USB 3.0\/2.0\/1.1 &#8211; Duplex integrado &#8211; Alimentador autom\u00e1tico para 80 folhas.<\/p>\n","protected":false},"featured_media":147335,"template":"","meta":[],"product_brand":[3458],"product_cat":[2401],"product_tag":[3292],"class_list":{"0":"post-147347","1":"product","2":"type-product","3":"status-publish","4":"has-post-thumbnail","6":"product_brand-fujitsu","7":"product_cat-scanners-pt","8":"product_tag-oferta-permanente","10":"first","11":"instock","12":"sale","13":"taxable","14":"shipping-taxable","15":"purchasable","16":"product-type-simple"},"bundled_by":[],"bundle_stock_status":"instock","bundle_stock_quantity":1,"bundle_virtual":false,"bundle_layout":"","bundle_add_to_cart_form_location":"","bundle_editable_in_cart":false,"bundle_sold_individually_context":"","bundle_item_grouping":"","bundle_min_size":"","bundle_max_size":"","bundle_price":[],"bundled_items":[],"bundle_sell_ids":[],"exclude_global_add_ons":[],"addons":[],"df_price":423.02,"df_sale_price":423.02,"df_regular_price":528.77,"df_image_link":"https:\/\/zoca.es\/wp-content\/uploads\/images\/product\/14165\/fuji00274_01-300x225.jpg","_links":{"self":[{"href":"https:\/\/zoca.es\/pt-pt\/wp-json\/wp\/v2\/product\/147347","targetHints":{"allow":["GET"]}}],"collection":[{"href":"https:\/\/zoca.es\/pt-pt\/wp-json\/wp\/v2\/product"}],"about":[{"href":"https:\/\/zoca.es\/pt-pt\/wp-json\/wp\/v2\/types\/product"}],"wp:featuredmedia":[{"embeddable":true,"href":"https:\/\/zoca.es\/pt-pt\/wp-json\/wp\/v2\/media\/147335"}],"wp:attachment":[{"href":"https:\/\/zoca.es\/pt-pt\/wp-json\/wp\/v2\/media?parent=147347"}],"wp:term":[{"taxonomy":"product_brand","embeddable":true,"href":"https:\/\/zoca.es\/pt-pt\/wp-json\/wp\/v2\/product_brand?post=147347"},{"taxonomy":"product_cat","embeddable":true,"href":"https:\/\/zoca.es\/pt-pt\/wp-json\/wp\/v2\/product_cat?post=147347"},{"taxonomy":"product_tag","embeddable":true,"href":"https:\/\/zoca.es\/pt-pt\/wp-json\/wp\/v2\/product_tag?post=147347"}],"curies":[{"name":"wp","href":"https:\/\/api.w.org\/{rel}","templated":true}]}}