{"id":147314,"date":"2025-10-30T11:57:37","date_gmt":"2025-10-30T10:57:37","guid":{"rendered":"https:\/\/zoca.es\/producto\/escaner-fujitsu-fi-7160-recondicionado-pt-14161\/"},"modified":"2026-03-18T17:45:43","modified_gmt":"2026-03-18T16:45:43","slug":"escaner-fujitsu-fi-7160-recondicionado-pt-14161","status":"publish","type":"product","link":"https:\/\/zoca.es\/pt-pt\/produto\/escaner-fujitsu-fi-7160-recondicionado-pt-14161\/","title":{"rendered":"Esc\u00e1ner Fujitsu FI-7160 | Recondicionado"},"content":{"rendered":"<p><b>Tecnologia<\/b><br \/>Scanner de Documentos a Cores<br \/><b>Sensor de Imagem<\/b><br \/>CCD a Cores<br \/><b>Velocidade de Digitaliza\u00e7\u00e3o<\/b><br \/>At\u00e9 60 ppm<br \/><b>Resolu\u00e7\u00e3o<\/b><br \/>At\u00e9 600 dpi<br \/><b>Conectividade<\/b><br \/>USB 3.0 \/ USB 2.0 \/ USB 1.1<br \/><b>Duplex<\/b><br \/>Integrado<br \/><b>Manuseamento de Papel<\/b><br \/>Alimentador autom\u00e1tico para 80 folhas<br \/><b>\u00c1rea de Digitaliza\u00e7\u00e3o<\/b><br \/>ADF M\u00e1x. A4<br \/><b>Dimens\u00f5es<\/b><br \/>300 x 170 x 163 mm<br \/><b>Peso<\/b><br \/>4,2 kg<br \/><b>Especifica\u00e7\u00f5es Adicionais:<br \/><\/b>O Fujitsufi-7160 \u00e9 um scanner de documentos avan\u00e7ado, concebido para ambientes de escrit\u00f3rio que exigem velocidade, fiabilidade e qualidade. Com tecnologia de sensor CCD a cores de dupla face, capta imagens n\u00edtidas em ambos os lados dos documentos (digitaliza\u00e7\u00e3o duplex) numa \u00fanica passagem, atingindo velocidades de at\u00e9 60 p\u00e1ginas por minuto (ppm) ou 120 imagens por minuto (ipm) no modo duplex. A sua resolu\u00e7\u00e3o \u00f3tica at\u00e9 600 ppp, juntamente com a conectividade USB 3.0\/2.0\/1.1, garante uma integra\u00e7\u00e3o vers\u00e1til com as esta\u00e7\u00f5es de trabalho existentes. Um alimentador autom\u00e1tico de documentos (ADF) de 80 folhas permite o processamento em lote de documentos sem supervis\u00e3o constante, otimizando os fluxos de trabalho de digitaliza\u00e7\u00e3o. Este modelo possui ainda funcionalidades de alimenta\u00e7\u00e3o avan\u00e7adas, como dete\u00e7\u00e3o ultrass\u00f3nica de alimenta\u00e7\u00e3o dupla, prote\u00e7\u00e3o inteligente do papel e redu\u00e7\u00e3o de inclina\u00e7\u00e3o, minimizando erros e garantindo a captura eficiente de diversos tipos de documentos. Ideal para digitalizar faturas, contratos, ficheiros ou documentos de arquivo em ambientes profissionais, o Fujitsufi-7160 combina desempenho, robustez e compatibilidade, sendo uma escolha recomendada para empresas que valorizam a efici\u00eancia e a qualidade.<br \/>Bom estado exterior. Pode apresentar um ligeiro amarelecimento, quase impercet\u00edvel. Veja as &#8220;+ Fotos&#8221; e, caso tenha alguma d\u00favida, ligue-nos ou utilize o nosso chat para obter mais informa\u00e7\u00f5es ou solicitar mais detalhes.<\/p>\n","protected":false},"excerpt":{"rendered":"<p>Tecnologia: Scanner de documentos coloridos &#8211; Sensor de imagem: CCD colorido &#8211; Velocidade de digitaliza\u00e7\u00e3o: at\u00e9 60 ppm &#8211; Resolu\u00e7\u00e3o: at\u00e9 600 dpi &#8211; Conectividade: USB 3.0\/2.0\/1.1 &#8211; Duplex integrado &#8211; Alimentador autom\u00e1tico para 80 folhas.<\/p>\n","protected":false},"featured_media":147305,"template":"","meta":[],"product_brand":[3458],"product_cat":[2401],"product_tag":[3292],"class_list":{"0":"post-147314","1":"product","2":"type-product","3":"status-publish","4":"has-post-thumbnail","6":"product_brand-fujitsu","7":"product_cat-scanners-pt","8":"product_tag-oferta-permanente","10":"first","11":"instock","12":"sale","13":"taxable","14":"shipping-taxable","15":"purchasable","16":"product-type-simple"},"bundled_by":[],"bundle_stock_status":"instock","bundle_stock_quantity":5,"bundle_virtual":false,"bundle_layout":"","bundle_add_to_cart_form_location":"","bundle_editable_in_cart":false,"bundle_sold_individually_context":"","bundle_item_grouping":"","bundle_min_size":"","bundle_max_size":"","bundle_price":[],"bundled_items":[],"bundle_sell_ids":[],"exclude_global_add_ons":[],"addons":[],"df_price":333.96,"df_sale_price":333.96,"df_regular_price":417.45,"df_image_link":"https:\/\/zoca.es\/wp-content\/uploads\/images\/product\/14161\/fuji00271_01-300x225.jpg","_links":{"self":[{"href":"https:\/\/zoca.es\/pt-pt\/wp-json\/wp\/v2\/product\/147314","targetHints":{"allow":["GET"]}}],"collection":[{"href":"https:\/\/zoca.es\/pt-pt\/wp-json\/wp\/v2\/product"}],"about":[{"href":"https:\/\/zoca.es\/pt-pt\/wp-json\/wp\/v2\/types\/product"}],"wp:featuredmedia":[{"embeddable":true,"href":"https:\/\/zoca.es\/pt-pt\/wp-json\/wp\/v2\/media\/147305"}],"wp:attachment":[{"href":"https:\/\/zoca.es\/pt-pt\/wp-json\/wp\/v2\/media?parent=147314"}],"wp:term":[{"taxonomy":"product_brand","embeddable":true,"href":"https:\/\/zoca.es\/pt-pt\/wp-json\/wp\/v2\/product_brand?post=147314"},{"taxonomy":"product_cat","embeddable":true,"href":"https:\/\/zoca.es\/pt-pt\/wp-json\/wp\/v2\/product_cat?post=147314"},{"taxonomy":"product_tag","embeddable":true,"href":"https:\/\/zoca.es\/pt-pt\/wp-json\/wp\/v2\/product_tag?post=147314"}],"curies":[{"name":"wp","href":"https:\/\/api.w.org\/{rel}","templated":true}]}}