{"id":146697,"date":"2025-10-24T11:31:34","date_gmt":"2025-10-24T10:31:34","guid":{"rendered":"https:\/\/zoca.es\/producto\/dell-7440-aio-tactil-24-aio-recondicionado-core-i5-32ghz-8-gb-ram-256-gb-ssd-m2-pt-13491\/"},"modified":"2026-02-25T10:30:58","modified_gmt":"2026-02-25T09:30:58","slug":"dell-7440-aio-tactil-24-aio-recondicionado-core-i5-32ghz-8-gb-ram-256-gb-ssd-m2-pt-13491","status":"publish","type":"product","link":"https:\/\/zoca.es\/pt-pt\/produto\/dell-7440-aio-tactil-24-aio-recondicionado-core-i5-32ghz-8-gb-ram-256-gb-ssd-m2-pt-13491\/","title":{"rendered":"Dell 7440 AIO T\u00e1ctil 24&#8221; AIO | Recondicionado | Core i5 3.2GHz | 8 GB RAM | 256 GB SSD M2"},"content":{"rendered":"<p><strong>Processador<\/strong><br \/>Intel Core i5 6500 3.2 GHz.<br \/><strong>Fator de forma<\/strong><br \/>AIO<br \/><strong>Mem\u00f3ria RAM<\/strong><br \/>8 Gb. SO-DDR4 RAM<br \/><strong>Disco r\u00edgido<\/strong><br \/>256 Gb. SSD M2<br \/><strong>Drive \u00f3ptico<\/strong><br \/>DVD-RW<br \/><strong>Cart\u00f5es<\/strong><br \/>Placa gr\u00e1fica: Intel HD Graphics 530 , AMDRadeon TM R7 M370<br \/>Som: Realtek Audio<br \/>Network: Intel i219-LM Gigabit Ethernet<br \/><strong>Sistema operativo<\/strong><br \/>Windows 10 Pro<br \/><strong>Portos<\/strong><br \/>2x USB 2.0<br \/>6x USB 3.0<br \/><strong>Tela<\/strong><br \/>T\u00e1til 24 &#8221; 4K 16:9  \u00b7 Resolu\u00e7\u00e3o 3840&#215;2160<br \/><strong>Portas de v\u00eddeo<\/strong><br \/>HDMI<br \/>Display Port<br \/><strong>Multim\u00eddia<\/strong><br \/>Webcam<br \/>Leitor SD<br \/><strong>Conectividade<\/strong><br \/>RJ-45<br \/><strong>Outros<\/strong><br \/>hR embalagens<br \/><strong>Dimens\u00f5es<\/strong><br \/>39.3&#215;57.5&#215;5 cm.<br \/><strong>Peso<\/strong><br \/>8.45 Kg.<br \/><strong>Especifica\u00e7\u00f5es adicionais<\/strong><br \/>O Dell 7440 All-in-One \u00e9 a solu\u00e7\u00e3o ideal para quem procura um ambiente de trabalho organizado, potente e visualmente impressionante. Este computador de secret\u00e1ria integra todo o desempenho de um PC profissional num design compacto com ecr\u00e3 t\u00e1til de 24 polegadas 4K (3840&#215;2160), oferecendo uma qualidade de imagem n\u00edtida e cores vibrantes que elevam qualquer tarefa, desde a ofim\u00e1tica at\u00e9 \u00e0 cria\u00e7\u00e3o de conte\u00fado visual.<br \/>Equipado com um processador Intel Core i5 6500 de 6.\u00aa gera\u00e7\u00e3o, 8 GB de mem\u00f3ria DDR4 e um r\u00e1pido SSD M.2 de 256 GB, garante uma experi\u00eancia \u00e1gil, silenciosa e eficiente. A sua placa gr\u00e1fica dedicada AMD Radeon R7 M370 com 2 GB GDDR5 proporciona fluidez em ambientes multim\u00e9dia e suporte para trabalhos gr\u00e1ficos moderados.<br \/>Com o Windows 10 Pro pr\u00e9-instalado, conectividade completa e perif\u00e9ricos inclu\u00eddos (teclado e rato), este equipamento est\u00e1 pronto a funcionar desde o primeiro momento. O seu design sem torre e o baixo consumo tornam-no uma escolha perfeita para escrit\u00f3rios modernos, pontos de venda ou espa\u00e7os de trabalho onde est\u00e9tica, desempenho e fiabilidade se unem.<br \/>O Dell 7440 AIO \u00e9 um tudo-em-um t\u00e1til profissional, pensado para otimizar o espa\u00e7o, melhorar a produtividade e oferecer uma experi\u00eancia visual de alto n\u00edvel.<br \/>Bom estado exterior. Se tiver alguma d\u00favida, ligue-nos ou utilize o chat para obter mais informa\u00e7\u00f5es ou solicitar mais detalhes.<br \/><strong>Coment\u00e1rios<\/strong><br \/><u>AMD Radeon TM R7 M370 2GB GDDR5 &#8211; Teclado e mouse inclu\u00eddos &#8211; Base n\u00e3o inclu\u00edda<\/u><\/p>\n","protected":false},"excerpt":{"rendered":"<p>Intel Core i5 6500 3.2 GHz. \u00b7 8 Gb. SO-DDR4 RAM \u00b7 256 Gb. SSD M2 \u00b7 DVD-RW \u00b7 Windows 10 Pro \u00b7 <strong>T\u00e1til 24 &#8221; 4K<\/strong> 16:9 \u00b7<br \/>\n<strong>AMD Radeon TM R7 M370 2GB GDDR5<\/strong> &#8211; <u>Teclado e mouse inclu\u00eddos &#8211; Base n\u00e3o inclu\u00edda<br \/>\n<\/u><\/p>\n","protected":false},"featured_media":146682,"template":"","meta":[],"product_brand":[3445],"product_cat":[2224,2218],"product_tag":[],"class_list":{"0":"post-146697","1":"product","2":"type-product","3":"status-publish","4":"has-post-thumbnail","6":"product_brand-dell","7":"product_cat-computadores-all-in-one-pt","8":"product_cat-computadores-pt","10":"first","11":"outofstock","12":"taxable","13":"shipping-taxable","14":"purchasable","15":"product-type-simple"},"bundled_by":[],"bundle_stock_status":"outofstock","bundle_stock_quantity":0,"bundle_virtual":false,"bundle_layout":"","bundle_add_to_cart_form_location":"","bundle_editable_in_cart":false,"bundle_sold_individually_context":"","bundle_item_grouping":"","bundle_min_size":"","bundle_max_size":"","bundle_price":[],"bundled_items":[],"bundle_sell_ids":[],"exclude_global_add_ons":true,"addons":{"ram-memory-upgrades":{"name":"Extens\u00e3o RAM","type":"multiple_choice","position":0,"required":false,"title_format":"heading","default":"","description_enable":false,"description":"","placeholder_enable":false,"placeholder":"","display":"radiobutton","restrictions_type":"any_text","adjust_price":false,"price":"","price_type":"quantity_based","restrictions":false,"min":"0","max":"0","options":[{"label":"Extens\u00e3o SO-DIMM RAM 16 Gb DDR4 [AMP00081]","price":"60.0000","price_type":"quantity_based","image":0,"visibility":true}]},"hdd-upgrades":{"name":"Extens\u00e3o disco r\u00edgido","type":"multiple_choice","position":0,"required":false,"title_format":"heading","default":"","description_enable":false,"description":"","placeholder_enable":false,"placeholder":"","display":"radiobutton","restrictions_type":"any_text","adjust_price":false,"price":"","price_type":"quantity_based","restrictions":false,"min":"0","max":"0","options":[{"label":"Cambio a Disco SSD 500 Gb. M.2 2280 PCIe [AMP00106]","price":110,"price_type":"quantity_based","image":0,"visibility":true},{"label":"Cambio a Disco SSD 1 Tb. M.2 2280 PCIe [AMP00107]","price":165,"price_type":"quantity_based","image":0,"visibility":true},{"label":"Cambio a Disco SSD 2 Tb. M.2 2280 PCIe [AMP00171]","price":260,"price_type":"quantity_based","image":0,"visibility":true}]},"network-card-upgrades":{"name":"Extens\u00e3o WIFI","type":"multiple_choice","position":0,"required":false,"title_format":"heading","default":"","description_enable":false,"description":"","placeholder_enable":false,"placeholder":"","display":"radiobutton","restrictions_type":"any_text","adjust_price":false,"price":"","price_type":"quantity_based","restrictions":false,"min":"0","max":"0","options":[{"label":"Ampliaci\u00f3n a Wireless nano USB [AMP00018]","price":"12.0000","price_type":"quantity_based","image":0,"visibility":true}]},"os-upgrades":{"name":"Extens\u00e3o OS","type":"multiple_choice","position":0,"required":false,"title_format":"heading","default":"","description_enable":false,"description":"","placeholder_enable":false,"placeholder":"","display":"radiobutton","restrictions_type":"any_text","adjust_price":false,"price":"","price_type":"quantity_based","restrictions":false,"min":"0","max":"0","options":[{"label":"Alterar idioma para franc\u00eas [AMP00125]","price":"0.0000","price_type":"quantity_based","image":0,"visibility":true},{"label":"Alterar idioma para ingl\u00eas [AMP00008]","price":"0.0000","price_type":"quantity_based","image":0,"visibility":true},{"label":"Alterar idioma para o portugu\u00eas [AMP00009]","price":"0.0000","price_type":"quantity_based","image":0,"visibility":true}]}},"df_price":373.89,"df_sale_price":"","df_regular_price":373.89,"df_image_link":"https:\/\/zoca.es\/wp-content\/uploads\/images\/product\/13491\/dell01430_01-300x225.jpg","_links":{"self":[{"href":"https:\/\/zoca.es\/pt-pt\/wp-json\/wp\/v2\/product\/146697","targetHints":{"allow":["GET"]}}],"collection":[{"href":"https:\/\/zoca.es\/pt-pt\/wp-json\/wp\/v2\/product"}],"about":[{"href":"https:\/\/zoca.es\/pt-pt\/wp-json\/wp\/v2\/types\/product"}],"wp:featuredmedia":[{"embeddable":true,"href":"https:\/\/zoca.es\/pt-pt\/wp-json\/wp\/v2\/media\/146682"}],"wp:attachment":[{"href":"https:\/\/zoca.es\/pt-pt\/wp-json\/wp\/v2\/media?parent=146697"}],"wp:term":[{"taxonomy":"product_brand","embeddable":true,"href":"https:\/\/zoca.es\/pt-pt\/wp-json\/wp\/v2\/product_brand?post=146697"},{"taxonomy":"product_cat","embeddable":true,"href":"https:\/\/zoca.es\/pt-pt\/wp-json\/wp\/v2\/product_cat?post=146697"},{"taxonomy":"product_tag","embeddable":true,"href":"https:\/\/zoca.es\/pt-pt\/wp-json\/wp\/v2\/product_tag?post=146697"}],"curies":[{"name":"wp","href":"https:\/\/api.w.org\/{rel}","templated":true}]}}