{"id":14650,"date":"2020-06-22T22:58:00","date_gmt":"2020-06-22T21:58:00","guid":{"rendered":"https:\/\/zoca.es\/producto\/opcao-portatil-dell-docking-station-port-pr02x-pt-1511\/"},"modified":"2026-02-25T10:38:42","modified_gmt":"2026-02-25T09:38:42","slug":"opcao-portatil-dell-docking-station-port-pr02x-pt-1511","status":"publish","type":"product","link":"https:\/\/zoca.es\/pt-pt\/produto\/opcao-portatil-dell-docking-station-port-pr02x-pt-1511\/","title":{"rendered":"Op\u00e7\u00e3o port\u00e1til Dell Docking Station Port PR02X | Recondicionado"},"content":{"rendered":"<p>5xUSB, 1xParalelo, 1xSerie, 1xeSATA, 1xVGA, 2xDVI-D, 2xDisplayPort, 1xEthernet, 1xLine In, 1xLine Out, 2xPS2, 1xE\/Dock<br \/><strong>Otros:<\/strong><br \/><u>Adaptador de corriente no incluido (Min. 90W)<\/u><\/p>\n","protected":false},"excerpt":{"rendered":"<p><u>Adaptador de corriente no incluido &#8211; <\/u>Compatible con Dell Latitude: E4200, E4300, E4310, E5400, E5410, E5420, E5500, E5510, E5520, E6220, E6320, E6400, E6400 ATG, E6400 XFR, E6410, E6410 ATG, E6420, E6420 ATG, E6500, E6510, E6520<\/p>\n","protected":false},"featured_media":59830,"template":"","meta":[],"product_brand":[3445],"product_cat":[2253,3084,3093],"product_tag":[],"class_list":{"0":"post-14650","1":"product","2":"type-product","3":"status-publish","4":"has-post-thumbnail","6":"product_brand-dell","7":"product_cat-laptops-pt","8":"product_cat-laptops-opcaos-pt","9":"product_cat-laptops-opcaos-docking-station-pt","11":"first","12":"instock","13":"taxable","14":"shipping-taxable","15":"purchasable","16":"product-type-simple"},"bundled_by":[],"bundle_stock_status":"instock","bundle_stock_quantity":115,"bundle_virtual":false,"bundle_layout":"","bundle_add_to_cart_form_location":"","bundle_editable_in_cart":false,"bundle_sold_individually_context":"","bundle_item_grouping":"","bundle_min_size":"","bundle_max_size":"","bundle_price":[],"bundled_items":[],"bundle_sell_ids":[],"exclude_global_add_ons":[],"addons":[],"df_price":48.4,"df_sale_price":"","df_regular_price":48.4,"df_image_link":"https:\/\/zoca.es\/wp-content\/uploads\/images\/product\/1511\/dell00271_01-300x225.jpg","_links":{"self":[{"href":"https:\/\/zoca.es\/pt-pt\/wp-json\/wp\/v2\/product\/14650","targetHints":{"allow":["GET"]}}],"collection":[{"href":"https:\/\/zoca.es\/pt-pt\/wp-json\/wp\/v2\/product"}],"about":[{"href":"https:\/\/zoca.es\/pt-pt\/wp-json\/wp\/v2\/types\/product"}],"wp:featuredmedia":[{"embeddable":true,"href":"https:\/\/zoca.es\/pt-pt\/wp-json\/wp\/v2\/media\/59830"}],"wp:attachment":[{"href":"https:\/\/zoca.es\/pt-pt\/wp-json\/wp\/v2\/media?parent=14650"}],"wp:term":[{"taxonomy":"product_brand","embeddable":true,"href":"https:\/\/zoca.es\/pt-pt\/wp-json\/wp\/v2\/product_brand?post=14650"},{"taxonomy":"product_cat","embeddable":true,"href":"https:\/\/zoca.es\/pt-pt\/wp-json\/wp\/v2\/product_cat?post=14650"},{"taxonomy":"product_tag","embeddable":true,"href":"https:\/\/zoca.es\/pt-pt\/wp-json\/wp\/v2\/product_tag?post=14650"}],"curies":[{"name":"wp","href":"https:\/\/api.w.org\/{rel}","templated":true}]}}