{"id":146350,"date":"2025-10-23T15:00:29","date_gmt":"2025-10-23T14:00:29","guid":{"rendered":"https:\/\/zoca.es\/producto\/dell-latitude-5410-14-recondicionado-core-i5-16ghz-16-gb-ram-256-gb-ssd-m2-1920x1080-pt-14077\/"},"modified":"2026-02-25T10:29:18","modified_gmt":"2026-02-25T09:29:18","slug":"dell-latitude-5410-14-recondicionado-core-i5-16ghz-16-gb-ram-256-gb-ssd-m2-1920x1080-pt-14077","status":"publish","type":"product","link":"https:\/\/zoca.es\/pt-pt\/produto\/dell-latitude-5410-14-recondicionado-core-i5-16ghz-16-gb-ram-256-gb-ssd-m2-1920x1080-pt-14077\/","title":{"rendered":"Dell Latitude 5410 14&#8221; | Recondicionado | Core i5 1.6GHz | 16 GB RAM | 256 GB SSD M2 1920&#215;1080"},"content":{"rendered":"<p><strong>Processador<\/strong><br \/>Intel Core i5 10210U 1.6 GHz.<br \/><strong>Mem\u00f3ria RAM<\/strong><br \/>16 Gb. SO-DDR4 RAM<br \/><strong>Disco r\u00edgido<\/strong><br \/>256 Gb. SSD M2<br \/><strong>Cart\u00f5es<\/strong><br \/>Placa gr\u00e1fica: Intel UHD Graphics<br \/>Som: Realtek HDA<br \/>Network: L219LM Gigabit Ethernet<br \/><strong>Sistema operativo<\/strong><br \/>Windows 11 Pro<br \/><strong>Portos<\/strong><br \/>3x USB 3.1<br \/><strong>Tela<\/strong><br \/>Led 14 &#8221; FullHD 16:9  \u00b7 Resolu\u00e7\u00e3o 1920&#215;1080<br \/><strong>Portas de v\u00eddeo<\/strong><br \/>HDMI<br \/>Mini Display Port<br \/><strong>Multim\u00eddia<\/strong><br \/>Webcam<br \/>Leitor SD<br \/>Leitor DNI<br \/><strong>Conectividade<\/strong><br \/>RJ-45<br \/>WIFI<br \/>Bluetooth<br \/><strong>Espec\u00edfico laptop<\/strong><br \/>Layout do teclado Espanhol<br \/><strong>Outros<\/strong><br \/>hR embalagens<br \/><strong>Dimens\u00f5es<\/strong><br \/>22x33x2 cm.<br \/><strong>Peso<\/strong><br \/>1.40 Kg.<br \/><strong>Especifica\u00e7\u00f5es adicionais<\/strong><br \/>O Dell Latitude 5410 foi projetado para oferecer um desempenho s\u00f3lido e consistente em ambientes empresariais e profissionais. Equipado com um processador Intel Core i5 10210U de 10\u00aa gera\u00e7\u00e3o, este port\u00e1til garante efici\u00eancia energ\u00e9tica e pot\u00eancia para lidar com v\u00e1rias tarefas simult\u00e2neas de forma fluida. Os seus 16 GB de mem\u00f3ria DDR4 asseguram uma experi\u00eancia multitarefa \u00e1gil, enquanto o SSD M.2 de 256 GB permite um arranque ultrarr\u00e1pido e acesso imediato a ficheiros e aplica\u00e7\u00f5es.<br \/>O ecr\u00e3 LED FullHD de 14\u201d oferece uma imagem n\u00edtida e brilhante, ideal para trabalhar confortavelmente durante longos per\u00edodos. Al\u00e9m disso, a webcam integrada facilita videoconfer\u00eancias com qualidade profissional, garantindo uma comunica\u00e7\u00e3o fluida a partir de qualquer lugar.<br \/>O Dell Latitude 5410 incorpora leitor de cart\u00f5es SD e leitor de DNI, oferecendo versatilidade e funcionalidade adicional no ambiente de trabalho. Com o Windows 11 Pro, o sistema proporciona um ambiente moderno, seguro e eficiente, otimizado para a produtividade empresarial.<br \/>S\u00f3lido, elegante e fi\u00e1vel, este modelo destaca-se pela durabilidade e desempenho equilibrado. O Dell Latitude 5410 \u00e9 a escolha perfeita para quem procura um port\u00e1til profissional robusto, eficiente e preparado para oferecer fiabilidade total dia ap\u00f3s dia.<br \/>Bom estado exterior. Pode apresentar ligeiras marcas de uso na carca\u00e7a. Se tiver alguma d\u00favida, ligue-nos ou use o nosso chat para obter mais informa\u00e7\u00f5es ou solicitar mais detalhes.<\/p>\n","protected":false},"excerpt":{"rendered":"<p>Intel Core i5 10210U 1.6 GHz. \u00b7 16 Gb. SO-DDR4 RAM \u00b7 256 Gb. SSD M2 \u00b7 <strong>Windows 11 Pro<\/strong> \u00b7 Led 14 &#8221; FullHD 16:9 \u00b7 Resolu\u00e7\u00e3o 1920&#215;1080 \u00b7 Webcam \u00b7 Leitor SD \u00b7 Leitor DNI<\/p>\n","protected":false},"featured_media":146320,"template":"","meta":[],"product_brand":[3445],"product_cat":[2253,3120],"product_tag":[3292],"class_list":{"0":"post-146350","1":"product","2":"type-product","3":"status-publish","4":"has-post-thumbnail","6":"product_brand-dell","7":"product_cat-laptops-pt","8":"product_cat-laptops-laptops-pt","9":"product_tag-oferta-permanente","11":"first","12":"outofstock","13":"sale","14":"taxable","15":"shipping-taxable","16":"purchasable","17":"product-type-simple"},"bundled_by":[],"bundle_stock_status":"outofstock","bundle_stock_quantity":0,"bundle_virtual":false,"bundle_layout":"","bundle_add_to_cart_form_location":"","bundle_editable_in_cart":false,"bundle_sold_individually_context":"","bundle_item_grouping":"","bundle_min_size":"","bundle_max_size":"","bundle_price":[],"bundled_items":[],"bundle_sell_ids":[],"exclude_global_add_ons":true,"addons":{"keyboard-iso-upgrades":{"name":"Selecione idioma teclado","type":"multiple_choice","position":0,"required":false,"title_format":"heading","default":"","description_enable":false,"description":"","placeholder_enable":false,"placeholder":"","display":"radiobutton","restrictions_type":"any_text","adjust_price":false,"price":"","price_type":"quantity_based","restrictions":false,"min":"0","max":"0","options":[{"label":"Pegatinas Franc\u00e9s [AMP00084]","price":"0.0000","price_type":"quantity_based","image":0,"visibility":true},{"label":"Pegatinas Portugues [AMP00083]","price":"0.0000","price_type":"quantity_based","image":0,"visibility":true}]},"ram-memory-upgrades":{"name":"Extens\u00e3o RAM","type":"multiple_choice","position":0,"required":false,"title_format":"heading","default":"","description_enable":false,"description":"","placeholder_enable":false,"placeholder":"","display":"radiobutton","restrictions_type":"any_text","adjust_price":false,"price":"","price_type":"quantity_based","restrictions":false,"min":"0","max":"0","options":[{"label":"Extens\u00e3o SODIM RAM 32 Gb [AMP00098]","price":"150.0000","price_type":"quantity_based","image":0,"visibility":true}]},"hdd-upgrades":{"name":"Extens\u00e3o disco r\u00edgido","type":"multiple_choice","position":0,"required":false,"title_format":"heading","default":"","description_enable":false,"description":"","placeholder_enable":false,"placeholder":"","display":"radiobutton","restrictions_type":"any_text","adjust_price":false,"price":"","price_type":"quantity_based","restrictions":false,"min":"0","max":"0","options":[{"label":"Cambio a Disco SSD 500 Gb. M.2 2280 PCIe [AMP00106]","price":110,"price_type":"quantity_based","image":0,"visibility":true},{"label":"Cambio a Disco SSD 1 Tb. M.2 2280 PCIe [AMP00107]","price":165,"price_type":"quantity_based","image":0,"visibility":true},{"label":"Cambio a Disco SSD 2 Tb. M.2 2280 PCIe [AMP00171]","price":260,"price_type":"quantity_based","image":0,"visibility":true}]},"os-upgrades":{"name":"Extens\u00e3o OS","type":"multiple_choice","position":0,"required":false,"title_format":"heading","default":"","description_enable":false,"description":"","placeholder_enable":false,"placeholder":"","display":"radiobutton","restrictions_type":"any_text","adjust_price":false,"price":"","price_type":"quantity_based","restrictions":false,"min":"0","max":"0","options":[{"label":"Alterar idioma para franc\u00eas [AMP00125]","price":"0.0000","price_type":"quantity_based","image":0,"visibility":true},{"label":"Alterar idioma para ingl\u00eas [AMP00008]","price":"0.0000","price_type":"quantity_based","image":0,"visibility":true},{"label":"Alterar idioma para o portugu\u00eas [AMP00009]","price":"0.0000","price_type":"quantity_based","image":0,"visibility":true}]},"briefcase-upgrades":{"name":"Maleta","type":"multiple_choice","position":0,"required":false,"title_format":"heading","default":"","description_enable":false,"description":"","placeholder_enable":false,"placeholder":"","display":"radiobutton","restrictions_type":"any_text","adjust_price":false,"price":"","price_type":"quantity_based","restrictions":false,"min":"0","max":"0","options":[{"label":"Maleta Port\u00e1til [AMP00041]","price":"5.0000","price_type":"quantity_based","image":0,"visibility":true}]}},"df_price":361.79,"df_sale_price":361.79,"df_regular_price":415.03,"df_image_link":"https:\/\/zoca.es\/wp-content\/uploads\/images\/product\/14077\/dell01518_01-300x225.jpg","_links":{"self":[{"href":"https:\/\/zoca.es\/pt-pt\/wp-json\/wp\/v2\/product\/146350","targetHints":{"allow":["GET"]}}],"collection":[{"href":"https:\/\/zoca.es\/pt-pt\/wp-json\/wp\/v2\/product"}],"about":[{"href":"https:\/\/zoca.es\/pt-pt\/wp-json\/wp\/v2\/types\/product"}],"wp:featuredmedia":[{"embeddable":true,"href":"https:\/\/zoca.es\/pt-pt\/wp-json\/wp\/v2\/media\/146320"}],"wp:attachment":[{"href":"https:\/\/zoca.es\/pt-pt\/wp-json\/wp\/v2\/media?parent=146350"}],"wp:term":[{"taxonomy":"product_brand","embeddable":true,"href":"https:\/\/zoca.es\/pt-pt\/wp-json\/wp\/v2\/product_brand?post=146350"},{"taxonomy":"product_cat","embeddable":true,"href":"https:\/\/zoca.es\/pt-pt\/wp-json\/wp\/v2\/product_cat?post=146350"},{"taxonomy":"product_tag","embeddable":true,"href":"https:\/\/zoca.es\/pt-pt\/wp-json\/wp\/v2\/product_tag?post=146350"}],"curies":[{"name":"wp","href":"https:\/\/api.w.org\/{rel}","templated":true}]}}