{"id":145866,"date":"2025-10-20T13:12:32","date_gmt":"2025-10-20T12:12:32","guid":{"rendered":"https:\/\/zoca.es\/producto\/hp-6300-pro-torre-recondicionado-core-i5-32ghz-8-gb-ram-500-gb-hdd-pt-14032\/"},"modified":"2025-12-01T13:38:52","modified_gmt":"2025-12-01T12:38:52","slug":"hp-6300-pro-torre-recondicionado-core-i5-32ghz-8-gb-ram-500-gb-hdd-pt-14032","status":"publish","type":"product","link":"https:\/\/zoca.es\/pt-pt\/produto\/hp-6300-pro-torre-recondicionado-core-i5-32ghz-8-gb-ram-500-gb-hdd-pt-14032\/","title":{"rendered":"HP 6300 Pro Torre | Recondicionado | Core i5 3.2GHz | 8 GB RAM | 500 GB HDD"},"content":{"rendered":"<p><strong>Processador<\/strong><br \/>Intel Core i5 3470 3.2 GHz.<br \/><strong>Fator de forma<\/strong><br \/>Torre<br \/><strong>Mem\u00f3ria RAM<\/strong><br \/>8 Gb. DDR3 RAM<br \/><strong>Disco r\u00edgido<\/strong><br \/>500 Gb. SATA<br \/><strong>Drive \u00f3ptico<\/strong><br \/>DVD-RW<br \/><strong>Cart\u00f5es<\/strong><br \/>Placa gr\u00e1fica: Intel HD Graphics 2500<br \/>Som: High Definition Audio<br \/>Network: Intel 82579LM Gigabit Ethernet<br \/><strong>Sistema operativo<\/strong><br \/>Windows 7 Pro<br \/><strong>Portos<\/strong><br \/>S\u00e9rie<br \/>6x USB 2.0<br \/>2x PS2<br \/>4x USB 3.0<br \/><strong>Portas de v\u00eddeo<\/strong><br \/>VGA<br \/>Display Port<br \/><strong>Multim\u00eddia<\/strong><br \/>Leitor SD<br \/><strong>Conectividade<\/strong><br \/>RJ-45<br \/><strong>Outros<\/strong><br \/>hR embalagens<br \/><strong>Dimens\u00f5es<\/strong><br \/>43.5x38x18 cm.<br \/><strong>Peso<\/strong><br \/>9.05 Kg.<br \/><strong>Especifica\u00e7\u00f5es adicionais<\/strong><br \/>Excelente apar\u00eancia exterior. Veja &#8220;+ Fotos&#8221; e, se tiver alguma d\u00favida, ligue-nos ou utilize o nosso chat para obter mais informa\u00e7\u00f5es ou solicitar mais detalhes.<br \/><strong>Coment\u00e1rios<\/strong><br \/><u>1xPCIe X16 \/ 2xPCIe X1 \/ 1xPCI<\/u><\/p>\n","protected":false},"excerpt":{"rendered":"<p>Intel Core i5 3470 3.2 GHz. \u00b7 8 Gb. DDR3 RAM \u00b7 500 Gb. SATA \u00b7 DVD-RW \u00b7 Windows 7 Pro \u00b7 <u>1xPCIe X16 \/ 2xPCIe X1 \/ 1xPCI<\/u><\/p>\n","protected":false},"featured_media":145848,"template":"","meta":[],"product_brand":[3453],"product_cat":[3123,2218],"product_tag":[],"class_list":{"0":"post-145866","1":"product","2":"type-product","3":"status-publish","4":"has-post-thumbnail","6":"product_brand-hp","7":"product_cat-computadores-computadores-pt","8":"product_cat-computadores-pt","10":"first","11":"outofstock","12":"taxable","13":"shipping-taxable","14":"purchasable","15":"product-type-simple"},"bundled_by":[],"bundle_stock_status":"outofstock","bundle_stock_quantity":0,"bundle_virtual":false,"bundle_layout":"","bundle_add_to_cart_form_location":"","bundle_editable_in_cart":false,"bundle_sold_individually_context":"","bundle_item_grouping":"","bundle_min_size":"","bundle_max_size":"","bundle_price":[],"bundled_items":[],"bundle_sell_ids":[],"exclude_global_add_ons":true,"addons":{"webcam-upgrades":{"name":"Extens\u00e3o Webcam","type":"multiple_choice","position":0,"required":false,"title_format":"heading","default":"","description_enable":false,"description":"","placeholder_enable":false,"placeholder":"","display":"radiobutton","restrictions_type":"any_text","adjust_price":false,"price":"","price_type":"quantity_based","restrictions":false,"min":"0","max":"0","options":[{"label":"Conceptronic AMDIS FullHD [AMP00085]","price":"29.0000","price_type":"quantity_based","image":0,"visibility":true}]},"ram-memory-upgrades":{"name":"Extens\u00e3o RAM","type":"multiple_choice","position":0,"required":false,"title_format":"heading","default":"","description_enable":false,"description":"","placeholder_enable":false,"placeholder":"","display":"radiobutton","restrictions_type":"any_text","adjust_price":false,"price":"","price_type":"quantity_based","restrictions":false,"min":"0","max":"0","options":[{"label":"Extens\u00e3o RAM 16 Gb DDR3 [AMP00002]","price":"30.0000","price_type":"quantity_based","image":0,"visibility":true}]},"hdd-upgrades":{"name":"Extens\u00e3o disco r\u00edgido","type":"multiple_choice","position":0,"required":false,"title_format":"heading","default":"","description_enable":false,"description":"","placeholder_enable":false,"placeholder":"","display":"radiobutton","restrictions_type":"any_text","adjust_price":false,"price":"","price_type":"quantity_based","restrictions":false,"min":"0","max":"0","options":[{"label":"Cambio a Disco SSD 240 Gb. [AMP00013]","price":"35.0000","price_type":"quantity_based","image":0,"visibility":true},{"label":"Cambio a Disco SSD 480 Gb. [AMP00014]","price":"59.0000","price_type":"quantity_based","image":0,"visibility":true},{"label":"Cambio a Disco SSD 1 Tb. [AMP00071]","price":"95.0000","price_type":"quantity_based","image":0,"visibility":true},{"label":"Disco SSD 240 Gb. adicional (S.O.) [AMP00031]","price":"35.0000","price_type":"quantity_based","image":0,"visibility":true},{"label":"Disco SSD 480 Gb. adicional (S.O.) [AMP00032]","price":"64.0000","price_type":"quantity_based","image":0,"visibility":true},{"label":"Disco SSD 1 Tb. adicional [AMP00072]","price":"100.0000","price_type":"quantity_based","image":0,"visibility":true}]},"graphic-card-upgrades":{"name":"Extens\u00e3o placa gr\u00e1fica","type":"multiple_choice","position":0,"required":false,"title_format":"heading","default":"","description_enable":false,"description":"","placeholder_enable":false,"placeholder":"","display":"radiobutton","restrictions_type":"any_text","adjust_price":false,"price":"","price_type":"quantity_based","restrictions":false,"min":"0","max":"0","options":[{"label":"T. Gr\u00e1fica 2 Gb. (1xDVI, 1xHDMI) [AMP00010]","price":"60.0000","price_type":"quantity_based","image":0,"visibility":true}]},"network-card-upgrades":{"name":"Extens\u00e3o WIFI","type":"multiple_choice","position":0,"required":false,"title_format":"heading","default":"","description_enable":false,"description":"","placeholder_enable":false,"placeholder":"","display":"radiobutton","restrictions_type":"any_text","adjust_price":false,"price":"","price_type":"quantity_based","restrictions":false,"min":"0","max":"0","options":[{"label":"Ampliaci\u00f3n a Tarj. Wi-Fi PCI [AMP00017]","price":"15.0000","price_type":"quantity_based","image":0,"visibility":true},{"label":"Ampliaci\u00f3n a Wireless nano USB [AMP00018]","price":"12.0000","price_type":"quantity_based","image":0,"visibility":true}]},"os-upgrades":{"name":"Extens\u00e3o OS","type":"multiple_choice","position":0,"required":false,"title_format":"heading","default":"","description_enable":false,"description":"","placeholder_enable":false,"placeholder":"","display":"radiobutton","restrictions_type":"any_text","adjust_price":false,"price":"","price_type":"quantity_based","restrictions":false,"min":"0","max":"0","options":[{"label":"Alterar idioma para franc\u00eas [AMP00125]","price":"0.0000","price_type":"quantity_based","image":0,"visibility":true},{"label":"Alterar idioma para ingl\u00eas [AMP00008]","price":"0.0000","price_type":"quantity_based","image":0,"visibility":true},{"label":"Alterar idioma para o portugu\u00eas [AMP00009]","price":"0.0000","price_type":"quantity_based","image":0,"visibility":true}]},"keyboard-upgrades":{"name":"Extens\u00e3o teclado","type":"multiple_choice","position":0,"required":false,"title_format":"heading","default":"","description_enable":false,"description":"","placeholder_enable":false,"placeholder":"","display":"radiobutton","restrictions_type":"any_text","adjust_price":false,"price":"","price_type":"quantity_based","restrictions":false,"min":"0","max":"0","options":[{"label":"Teclado e Mouse [AMP00020]","price":"8.0000","price_type":"quantity_based","image":0,"visibility":true},{"label":"Teclado e Mouse Portugu\u00e9s Nuevo [AMP00088]","price":"15.0000","price_type":"quantity_based","image":0,"visibility":true},{"label":"Teclado e mouse USB em espanhol (Novo) [AMP00068]","price":"12.0000","price_type":"quantity_based","image":0,"visibility":true}]}},"df_price":108.9,"df_sale_price":"","df_regular_price":108.9,"df_image_link":"https:\/\/zoca.es\/wp-content\/uploads\/images\/product\/14032\/hp03114_01-300x225.jpg","_links":{"self":[{"href":"https:\/\/zoca.es\/pt-pt\/wp-json\/wp\/v2\/product\/145866","targetHints":{"allow":["GET"]}}],"collection":[{"href":"https:\/\/zoca.es\/pt-pt\/wp-json\/wp\/v2\/product"}],"about":[{"href":"https:\/\/zoca.es\/pt-pt\/wp-json\/wp\/v2\/types\/product"}],"wp:featuredmedia":[{"embeddable":true,"href":"https:\/\/zoca.es\/pt-pt\/wp-json\/wp\/v2\/media\/145848"}],"wp:attachment":[{"href":"https:\/\/zoca.es\/pt-pt\/wp-json\/wp\/v2\/media?parent=145866"}],"wp:term":[{"taxonomy":"product_brand","embeddable":true,"href":"https:\/\/zoca.es\/pt-pt\/wp-json\/wp\/v2\/product_brand?post=145866"},{"taxonomy":"product_cat","embeddable":true,"href":"https:\/\/zoca.es\/pt-pt\/wp-json\/wp\/v2\/product_cat?post=145866"},{"taxonomy":"product_tag","embeddable":true,"href":"https:\/\/zoca.es\/pt-pt\/wp-json\/wp\/v2\/product_tag?post=145866"}],"curies":[{"name":"wp","href":"https:\/\/api.w.org\/{rel}","templated":true}]}}