{"id":145530,"date":"2025-10-17T10:48:32","date_gmt":"2025-10-17T09:48:32","guid":{"rendered":"https:\/\/zoca.es\/producto\/apple-macbook-air-101-133-recondicionado-m1-32ghz-16-gb-ram-256-gb-ssd-m2-2560x1600-pt-14201\/"},"modified":"2026-02-25T09:41:23","modified_gmt":"2026-02-25T08:41:23","slug":"apple-macbook-air-101-133-recondicionado-m1-32ghz-16-gb-ram-256-gb-ssd-m2-2560x1600-pt-14201","status":"publish","type":"product","link":"https:\/\/zoca.es\/pt-pt\/produto\/apple-macbook-air-101-133-recondicionado-m1-32ghz-16-gb-ram-256-gb-ssd-m2-2560x1600-pt-14201\/","title":{"rendered":"Apple MacBook Air 10,1 13.3&#8221; | Recondicionado | M1 3.2GHz | 16 GB RAM | 256 GB SSD M2 2560&#215;1600"},"content":{"rendered":"<p><strong>Processador<\/strong><br \/>Apple M1 3.2 GHz.<br \/><strong>Mem\u00f3ria RAM<\/strong><br \/>16 Gb. SO-DDR4 RAM<br \/><strong>Disco r\u00edgido<\/strong><br \/>256 Gb. SSD M2<br \/><strong>Cart\u00f5es<\/strong><br \/>Placa gr\u00e1fica: Apple G13G<br \/>Som: HD Audio<br \/><strong>Sistema operativo<\/strong><br \/>macOS Sequoia<br \/><strong>Portos<\/strong><br \/>2x USB-C<br \/><strong>Tela<\/strong><br \/>Retina 13.3 &#8221; 2K 16:9 \u00b7 Resolu\u00e7\u00e3o 2560&#215;1600<br \/><strong>Multim\u00eddia<\/strong><br \/>Webcam<br \/><strong>Conectividade<\/strong><br \/>WIFI<br \/>Bluetooth<br \/><strong>Espec\u00edfico laptop<\/strong><br \/>Layout do teclado Internacional (adesivos espanhol)<br \/><strong>Outros<\/strong><br \/>hR embalagens<br \/><strong>Dimens\u00f5es<\/strong><br \/>30.4&#215;21.2&#215;1.6 cm.<br \/><strong>Peso<\/strong><br \/>1.30 Kg.<br \/><strong>Especifica\u00e7\u00f5es adicionais<\/strong><br \/>Elegante, silencioso e mais potente do que imagina. O MacBook Air 13.3&#8243; modelo A2337 (2020) na cor Space Grey marca o in\u00edcio de uma nova era com o chip Apple M1 a 3.2 GHz, que revoluciona a forma de trabalhar, criar e desfrutar de conte\u00fados num port\u00e1til ultraleve.Com 16 GB de RAM DDR4 e SSD M.2 de 256 GB, oferece uma experi\u00eancia fluida e reativa desde o primeiro segundo: abertura instant\u00e2nea de apps, multitarefa sem bloqueios e excelente autonomia. Ideal tanto para estudantes como para profissionais que precisam de desempenho real em movimento.O ecr\u00e3 LED Retina de 13.3 polegadas, com resolu\u00e7\u00e3o 2K (2560&#215;1600), oferece imagens vibrantes e texto perfeitamente definido. Perfeito para design leve, navega\u00e7\u00e3o intensiva ou simplesmente desfrutar de s\u00e9ries e videochamadas em alta qualidade gra\u00e7as \u00e0 webcam HD integrada.Tudo isto com macOS Sequoia, o sistema operativo mais avan\u00e7ado da Apple at\u00e9 hoje.Fino, resistente e com um design impec\u00e1vel, este MacBook Air A2337 prova que n\u00e3o \u00e9 preciso ser grande para ser incrivelmente capaz.Bom estado exterior. <strong>Apresenta ligeiras marcas de autocolantes na carca\u00e7a<\/strong>. Consulte \u201c+ Fotos\u201d e se tiver alguma d\u00favida ligue-nos ou use o nosso chat para mais informa\u00e7\u00f5es ou para solicitar mais detalhes.<br \/><strong>Coment\u00e1rios<\/strong><br \/><u>Modelo A2337 (2020) \u2013 Cor Space Grey<\/u><\/p>\n","protected":false},"excerpt":{"rendered":"<p><strong>Apple M1 3.2 GHz.<\/strong> \u00b7 16 Gb. SO-DDR4 RAM \u00b7 256 Gb. SSD M2 \u00b7 macOS Sequoia \u00b7 Retina 13.3 &#8221; 2K 16:9 \u00b7 Webcam \u00b7<br \/>\n<u>Modelo A2337 (2020) \u2013 Cor Space Grey \u00b7Marcas leves de autocolante na caixa<\/u><\/p>\n","protected":false},"featured_media":145503,"template":"","meta":[],"product_brand":[3449],"product_cat":[2253,3120],"product_tag":[],"class_list":{"0":"post-145530","1":"product","2":"type-product","3":"status-publish","4":"has-post-thumbnail","6":"product_brand-apple","7":"product_cat-laptops-pt","8":"product_cat-laptops-laptops-pt","10":"first","11":"instock","12":"taxable","13":"shipping-taxable","14":"purchasable","15":"product-type-simple"},"bundled_by":[],"bundle_stock_status":"instock","bundle_stock_quantity":1,"bundle_virtual":false,"bundle_layout":"","bundle_add_to_cart_form_location":"","bundle_editable_in_cart":false,"bundle_sold_individually_context":"","bundle_item_grouping":"","bundle_min_size":"","bundle_max_size":"","bundle_price":[],"bundled_items":[],"bundle_sell_ids":[],"exclude_global_add_ons":true,"addons":{"keyboard-iso-upgrades":{"name":"Selecione idioma teclado","type":"multiple_choice","position":0,"required":false,"title_format":"heading","default":"","description_enable":false,"description":"","placeholder_enable":false,"placeholder":"","display":"radiobutton","restrictions_type":"any_text","adjust_price":false,"price":"","price_type":"quantity_based","restrictions":false,"min":"0","max":"0","options":[{"label":"Pegatinas Espanhol [AMP00082]","price":"0.0000","price_type":"quantity_based","image":0,"visibility":true},{"label":"Pegatinas Franc\u00e9s [AMP00084]","price":"0.0000","price_type":"quantity_based","image":0,"visibility":true},{"label":"Pegatinas Portugues [AMP00083]","price":"0.0000","price_type":"quantity_based","image":0,"visibility":true}]},"mouse-upgrades":{"name":"Extens\u00e3o rato","type":"multiple_choice","position":0,"required":false,"title_format":"heading","default":"","description_enable":false,"description":"","placeholder_enable":false,"placeholder":"","display":"radiobutton","restrictions_type":"any_text","adjust_price":false,"price":"","price_type":"quantity_based","restrictions":false,"min":"0","max":"0","options":[{"label":"Apple Magic Mouse 2 (A1657) [AMP00060]","price":"60.0000","price_type":"quantity_based","image":0,"visibility":true}]}},"df_price":625.57,"df_sale_price":"","df_regular_price":625.57,"df_image_link":"https:\/\/zoca.es\/wp-content\/uploads\/images\/product\/14201\/appl00652_01-300x225.jpg","_links":{"self":[{"href":"https:\/\/zoca.es\/pt-pt\/wp-json\/wp\/v2\/product\/145530","targetHints":{"allow":["GET"]}}],"collection":[{"href":"https:\/\/zoca.es\/pt-pt\/wp-json\/wp\/v2\/product"}],"about":[{"href":"https:\/\/zoca.es\/pt-pt\/wp-json\/wp\/v2\/types\/product"}],"wp:featuredmedia":[{"embeddable":true,"href":"https:\/\/zoca.es\/pt-pt\/wp-json\/wp\/v2\/media\/145503"}],"wp:attachment":[{"href":"https:\/\/zoca.es\/pt-pt\/wp-json\/wp\/v2\/media?parent=145530"}],"wp:term":[{"taxonomy":"product_brand","embeddable":true,"href":"https:\/\/zoca.es\/pt-pt\/wp-json\/wp\/v2\/product_brand?post=145530"},{"taxonomy":"product_cat","embeddable":true,"href":"https:\/\/zoca.es\/pt-pt\/wp-json\/wp\/v2\/product_cat?post=145530"},{"taxonomy":"product_tag","embeddable":true,"href":"https:\/\/zoca.es\/pt-pt\/wp-json\/wp\/v2\/product_tag?post=145530"}],"curies":[{"name":"wp","href":"https:\/\/api.w.org\/{rel}","templated":true}]}}