{"id":143484,"date":"2025-09-29T11:05:16","date_gmt":"2025-09-29T10:05:16","guid":{"rendered":"https:\/\/zoca.es\/producto\/fujitsu-stylistiq-q7311-bateria-nueva-133-recondicionado-core-i5-26ghz-16-gb-ram-512-gb-ssd-m2-1920x1080-pt-14107\/"},"modified":"2026-01-29T09:54:12","modified_gmt":"2026-01-29T08:54:12","slug":"fujitsu-stylistiq-q7311-bateria-nueva-133-recondicionado-core-i5-26ghz-16-gb-ram-512-gb-ssd-m2-1920x1080-pt-14107","status":"publish","type":"product","link":"https:\/\/zoca.es\/pt-pt\/produto\/fujitsu-stylistiq-q7311-bateria-nueva-133-recondicionado-core-i5-26ghz-16-gb-ram-512-gb-ssd-m2-1920x1080-pt-14107\/","title":{"rendered":"Fujitsu Stylistiq Q7311-Bater\u00eda Nueva 13.3&#8221; | Recondicionado | Core i5 2.6GHz | 16 GB RAM | 512 GB SSD M2 1920&#215;1080"},"content":{"rendered":"<p><strong>Processador<\/strong><br \/>Intel Core i5 1145G7 2.6 GHz.<br \/><strong>Mem\u00f3ria RAM<\/strong><br \/>16 Gb. SO-DDR4 RAM<br \/><strong>Disco r\u00edgido<\/strong><br \/>512 Gb. SSD M2<br \/><strong>Cart\u00f5es<\/strong><br \/>Placa gr\u00e1fica: Intel Iris Xe Graphics<br \/>Som: Realtek HDA<br \/>Network: Realtek USB GbE<br \/><strong>Sistema operativo<\/strong><br \/>Windows 11 Pro<br \/><strong>Portos<\/strong><br \/>USB 2.0<br \/>USB-C<br \/>USB 3.1<br \/><strong>Tela<\/strong><br \/>T\u00e1til 13.3 &#8221; FullHD 16:10 \u00b7 Resolu\u00e7\u00e3o 1920&#215;1080<br \/><strong>Portas de v\u00eddeo<\/strong><br \/>HDMI<br \/><strong>Multim\u00eddia<\/strong><br \/>Leitor impress\u00f5es digitais<br \/>C\u00e2mera traseira<br \/>C\u00e2mera frontal<br \/><strong>Conectividade<\/strong><br \/>RJ-45<br \/>WIFI<br \/>Bluetooth<br \/>4G<br \/><strong>Outros<\/strong><br \/>hR embalagens<br \/><strong>Dimens\u00f5es<\/strong><br \/>31.5&#215;25.5&#215;2 cm.<br \/><strong>Peso<\/strong><br \/>1.25 Kg.<br \/><strong>Especifica\u00e7\u00f5es adicionais<\/strong><br \/>O Fujitsu Stylistic Q7311 \u00e9 um tablet 2 em 1 de alto desempenho, concebido para oferecer fiabilidade, seguran\u00e7a e durabilidade em ambientes profissionais. Equipado com um moderno Intel Core i5-1145G7 de 2,6 GHz, 16 GB de RAM SO-DDR4 e um r\u00e1pido SSD M. 2 de 512 GB, garante um funcionamento sem problemas para tarefas intensivas, aplica\u00e7\u00f5es empresariais e trabalho remoto.Possui um ecr\u00e3 t\u00e1til FullHD (1920&#215;1080) de 13,3 polegadas no formato 16:10, ideal para melhorar a produtividade e oferecer uma experi\u00eancia visual confort\u00e1vel. Com o Windows 11 Pro e o TPM 2.0, cumpre as normas de seguran\u00e7a empresarial. Al\u00e9m disso, a sua certifica\u00e7\u00e3o IP42 oferece prote\u00e7\u00e3o contra a entrada de objetos s\u00f3lidos e gotejamento de \u00e1gua, sendo perfeito para ambientes de trabalho din\u00e2micos ou com uma certa exposi\u00e7\u00e3o ambiental.Vers\u00e1til, potente e dur\u00e1vel, o Stylistic Q7311 \u00e9 o companheiro ideal para profissionais que necessitam de mobilidade sem comprometer a seguran\u00e7a ou a durabilidade.Boa apar\u00eancia exterior. Caso tenha alguma d\u00favida, ligue-nos ou utilize o nosso chat para obter mais informa\u00e7\u00f5es ou solicitar mais detalhes.<br \/><strong>Coment\u00e1rios<\/strong><br \/><u>Nova bateria &#8211; IP42 padr\u00e3o (objetos de prote\u00e7\u00e3o de entrada e gotejamento de \u00e1gua)<\/u><\/p>\n","protected":false},"excerpt":{"rendered":"<p>Intel Core i5 1145G7 2.6 GHz. \u00b7 16 Gb. SO-DDR4 RAM \u00b7 512 Gb. SSD M2 \u00b7 Windows 11 Pro \u00b7 T\u00e1til 13.3 &#8221; FullHD 16:10 \u00b7<br \/>\n<strong>Nova bateria<\/strong> \u00b7<u>Teclado internacional com stickers em Portugu\u00eas \u00b7IP42 padr\u00e3o (objetos de prote\u00e7\u00e3o de entrada e gotejamento de \u00e1gua)<br \/>\n<\/u><\/p>\n","protected":false},"featured_media":143466,"template":"","meta":[],"product_brand":[3458],"product_cat":[3111,3129,2301,3071],"product_tag":[],"class_list":{"0":"post-143484","1":"product","2":"type-product","3":"status-publish","4":"has-post-thumbnail","6":"product_brand-fujitsu","7":"product_cat-tablets-tablets-pt","8":"product_cat-tablets-ruggerized-pt","9":"product_cat-tablets-pt","10":"product_cat-ruggerized-pt","12":"first","13":"outofstock","14":"taxable","15":"shipping-taxable","16":"purchasable","17":"product-type-simple"},"bundled_by":[],"bundle_stock_status":"outofstock","bundle_stock_quantity":0,"bundle_virtual":false,"bundle_layout":"","bundle_add_to_cart_form_location":"","bundle_editable_in_cart":false,"bundle_sold_individually_context":"","bundle_item_grouping":"","bundle_min_size":"","bundle_max_size":"","bundle_price":[],"bundled_items":[],"bundle_sell_ids":[],"exclude_global_add_ons":true,"addons":{"keyboard-iso-upgrades":{"name":"Selecione idioma teclado","type":"multiple_choice","position":0,"required":false,"title_format":"heading","default":"","description_enable":false,"description":"","placeholder_enable":false,"placeholder":"","display":"radiobutton","restrictions_type":"any_text","adjust_price":false,"price":"","price_type":"quantity_based","restrictions":false,"min":"0","max":"0","options":[{"label":"Pegatinas Espanhol [AMP00082]","price":"0.0000","price_type":"quantity_based","image":0,"visibility":true},{"label":"Pegatinas Franc\u00e9s [AMP00084]","price":"0.0000","price_type":"quantity_based","image":0,"visibility":true},{"label":"Pegatinas Portugues [AMP00083]","price":"0.0000","price_type":"quantity_based","image":0,"visibility":true}]},"os-upgrades":{"name":"Extens\u00e3o OS","type":"multiple_choice","position":0,"required":false,"title_format":"heading","default":"","description_enable":false,"description":"","placeholder_enable":false,"placeholder":"","display":"radiobutton","restrictions_type":"any_text","adjust_price":false,"price":"","price_type":"quantity_based","restrictions":false,"min":"0","max":"0","options":[{"label":"Alterar idioma para franc\u00eas [AMP00125]","price":"0.0000","price_type":"quantity_based","image":0,"visibility":true},{"label":"Alterar idioma para ingl\u00eas [AMP00008]","price":"0.0000","price_type":"quantity_based","image":0,"visibility":true},{"label":"Alterar idioma para o portugu\u00eas [AMP00009]","price":"0.0000","price_type":"quantity_based","image":0,"visibility":true}]}},"df_price":590.48,"df_sale_price":"","df_regular_price":590.48,"df_image_link":"https:\/\/zoca.es\/wp-content\/uploads\/images\/product\/14107\/fuji00270_01-300x225.jpg","_links":{"self":[{"href":"https:\/\/zoca.es\/pt-pt\/wp-json\/wp\/v2\/product\/143484","targetHints":{"allow":["GET"]}}],"collection":[{"href":"https:\/\/zoca.es\/pt-pt\/wp-json\/wp\/v2\/product"}],"about":[{"href":"https:\/\/zoca.es\/pt-pt\/wp-json\/wp\/v2\/types\/product"}],"wp:featuredmedia":[{"embeddable":true,"href":"https:\/\/zoca.es\/pt-pt\/wp-json\/wp\/v2\/media\/143466"}],"wp:attachment":[{"href":"https:\/\/zoca.es\/pt-pt\/wp-json\/wp\/v2\/media?parent=143484"}],"wp:term":[{"taxonomy":"product_brand","embeddable":true,"href":"https:\/\/zoca.es\/pt-pt\/wp-json\/wp\/v2\/product_brand?post=143484"},{"taxonomy":"product_cat","embeddable":true,"href":"https:\/\/zoca.es\/pt-pt\/wp-json\/wp\/v2\/product_cat?post=143484"},{"taxonomy":"product_tag","embeddable":true,"href":"https:\/\/zoca.es\/pt-pt\/wp-json\/wp\/v2\/product_tag?post=143484"}],"curies":[{"name":"wp","href":"https:\/\/api.w.org\/{rel}","templated":true}]}}