{"id":142740,"date":"2025-09-23T11:07:17","date_gmt":"2025-09-23T10:07:17","guid":{"rendered":"https:\/\/zoca.es\/producto\/dell-latitude-7212-rugged-extreme-116-tara-core-i5-17ghz-8-gb-ram-256-gb-ssd-m2-1920x1080-pt-14055\/"},"modified":"2025-09-25T09:26:08","modified_gmt":"2025-09-25T08:26:08","slug":"dell-latitude-7212-rugged-extreme-116-tara-core-i5-17ghz-8-gb-ram-256-gb-ssd-m2-1920x1080-pt-14055","status":"publish","type":"product","link":"https:\/\/zoca.es\/pt-pt\/produto\/dell-latitude-7212-rugged-extreme-116-tara-core-i5-17ghz-8-gb-ram-256-gb-ssd-m2-1920x1080-pt-14055\/","title":{"rendered":"Dell Latitude 7212 Rugged Extreme 11.6&#8243; com Tara"},"content":{"rendered":"<p><strong>Processador<\/strong><br \/>Intel Core i5 8350U 1.7 GHz.<br \/><strong>Mem\u00f3ria RAM<\/strong><br \/>8 Gb. SO-DDR3 RAM<br \/><strong>Disco r\u00edgido<\/strong><br \/>256 Gb. SSD M2<br \/><strong>Cart\u00f5es<\/strong><br \/>Placa gr\u00e1fica: Intel UHD Graphics 620<br \/>Som: Realtek Audio<br \/><strong>Sistema operativo<\/strong><br \/>Windows 11 Pro<br \/><strong>Portos<\/strong><br \/>USB 3.0<br \/>USB-C<br \/><strong>Tela<\/strong><br \/>T\u00e1til 11.6 &#8221; FullHD 16:9  \u00b7 Resolu\u00e7\u00e3o 1920&#215;1080<br \/><strong>Portas de v\u00eddeo<\/strong><br \/>Mini HDMI<br \/><strong>Multim\u00eddia<\/strong><br \/>Leitor impress\u00f5es digitais<br \/>C\u00e2mera traseira<br \/>C\u00e2mera frontal<br \/><strong>Conectividade<\/strong><br \/>WIFI<br \/>Bluetooth<br \/><strong>Outros<\/strong><br \/>hR embalagens<br \/><strong>Dimens\u00f5es<\/strong><br \/>31x20x3 cm.<br \/><strong>Peso<\/strong><br \/>1.50 Kg.<br \/><strong>Coment\u00e1rios<\/strong><br \/><u>Uma porta USB n\u00e3o est\u00e1 a funcionar. As restantes portas est\u00e3o a funcionar corretamente. Os restantes recursos do tablet est\u00e3o corretos. Este \u00e9 definitivamente um grande neg\u00f3cio. Se tiver alguma d\u00favida, ligue-nos ou utilize o nosso chat para obter mais informa\u00e7\u00f5es ou solicitar mais detalhes.<\/u><\/p>\n","protected":false},"excerpt":{"rendered":"<p>Descobre o Dell Latitude 7212 Rugged Extreme recondicionado em condi\u00e7\u00e3o de tara. Equipado com Intel Core i5 a 1.7 GHz, 8 GB de RAM DDR3 e SSD M.2 de 256 GB, oferece resist\u00eancia e portabilidade em qualquer ambiente. Inclui 1 porta USB n\u00e3o operacional, mas todas as outras funcionalidades est\u00e3o corretas. Uma oportunidade fi\u00e1vel e econ\u00f3mica.<\/p>\n","protected":false},"featured_media":142734,"template":"","meta":[],"product_brand":[3445],"product_cat":[2307,3129,2301,3071,166,3114],"product_tag":[],"class_list":{"0":"post-142740","1":"product","2":"type-product","3":"status-publish","4":"has-post-thumbnail","6":"product_brand-dell","7":"product_cat-tablets-com-taras-pt","8":"product_cat-tablets-ruggerized-pt","9":"product_cat-tablets-pt","10":"product_cat-ruggerized-pt","11":"product_cat-com-taras-pt","12":"product_cat-com-taras-tablets-pt","14":"first","15":"outofstock","16":"taxable","17":"shipping-taxable","18":"purchasable","19":"product-type-simple"},"bundled_by":[],"bundle_stock_status":"outofstock","bundle_stock_quantity":0,"bundle_virtual":false,"bundle_layout":"","bundle_add_to_cart_form_location":"","bundle_editable_in_cart":false,"bundle_sold_individually_context":"","bundle_item_grouping":"","bundle_min_size":"","bundle_max_size":"","bundle_price":[],"bundled_items":[],"bundle_sell_ids":[],"exclude_global_add_ons":[],"addons":[],"df_price":506.99,"df_sale_price":"","df_regular_price":506.99,"df_image_link":"https:\/\/zoca.es\/wp-content\/uploads\/images\/product\/14055\/dell01443tr01_01-300x225.jpg","_links":{"self":[{"href":"https:\/\/zoca.es\/pt-pt\/wp-json\/wp\/v2\/product\/142740","targetHints":{"allow":["GET"]}}],"collection":[{"href":"https:\/\/zoca.es\/pt-pt\/wp-json\/wp\/v2\/product"}],"about":[{"href":"https:\/\/zoca.es\/pt-pt\/wp-json\/wp\/v2\/types\/product"}],"wp:featuredmedia":[{"embeddable":true,"href":"https:\/\/zoca.es\/pt-pt\/wp-json\/wp\/v2\/media\/142734"}],"wp:attachment":[{"href":"https:\/\/zoca.es\/pt-pt\/wp-json\/wp\/v2\/media?parent=142740"}],"wp:term":[{"taxonomy":"product_brand","embeddable":true,"href":"https:\/\/zoca.es\/pt-pt\/wp-json\/wp\/v2\/product_brand?post=142740"},{"taxonomy":"product_cat","embeddable":true,"href":"https:\/\/zoca.es\/pt-pt\/wp-json\/wp\/v2\/product_cat?post=142740"},{"taxonomy":"product_tag","embeddable":true,"href":"https:\/\/zoca.es\/pt-pt\/wp-json\/wp\/v2\/product_tag?post=142740"}],"curies":[{"name":"wp","href":"https:\/\/api.w.org\/{rel}","templated":true}]}}