{"id":139329,"date":"2025-07-16T10:36:52","date_gmt":"2025-07-16T09:36:52","guid":{"rendered":"https:\/\/zoca.es\/producto\/dell-optiplex-3070-impecable-sff-recondicionado-core-i5-29ghz-16-gb-ram-256-gb-ssd-pt-13870\/"},"modified":"2026-01-29T09:53:46","modified_gmt":"2026-01-29T08:53:46","slug":"dell-optiplex-3070-impecable-sff-recondicionado-core-i5-29ghz-16-gb-ram-256-gb-ssd-pt-13870","status":"publish","type":"product","link":"https:\/\/zoca.es\/pt-pt\/produto\/dell-optiplex-3070-impecable-sff-recondicionado-core-i5-29ghz-16-gb-ram-256-gb-ssd-pt-13870\/","title":{"rendered":"Dell Optiplex 3070 &#8211; Impecable SFF | Recondicionado | Core i5 2.9GHz | 16 GB RAM | 256 GB SSD"},"content":{"rendered":"<p><strong>Processador<\/strong><br \/>Intel Core i5 9400 2.9 GHz.<br \/><strong>Fator de forma<\/strong><br \/>SFF<br \/><strong>Mem\u00f3ria RAM<\/strong><br \/>16 Gb. DDR4 RAM<br \/><strong>Disco r\u00edgido<\/strong><br \/>256 Gb. SSD<br \/><strong>Cart\u00f5es<\/strong><br \/>Placa gr\u00e1fica: UHD Graphics 630<br \/>Som: Realtek high definition<br \/>Network: PCle GbE Family Controller<br \/><strong>Sistema operativo<\/strong><br \/>Windows 11 Pro<br \/><strong>Portos<\/strong><br \/>4x USB 2.0<br \/>4x USB 3.0<br \/><strong>Portas de v\u00eddeo<\/strong><br \/>HDMI<br \/>Display Port<br \/><strong>Conectividade<\/strong><br \/>RJ-45<br \/><strong>Outros<\/strong><br \/>hR embalagens<br \/><strong>Dimens\u00f5es<\/strong><br \/>29x31x9.5 cm.<br \/><strong>Peso<\/strong><br \/>4.00 Kg.<br \/><strong>Especifica\u00e7\u00f5es adicionais<\/strong><br \/>O DELL OptiPlex 3070 SFF \u00e9 um computador de secret\u00e1ria concebido para oferecer fiabilidade e efici\u00eancia em ambientes empresariais. Equipado com um processador Intel Core i5-9400 de 2,9 GHz, 16 GB de mem\u00f3ria DDR4 e um SSD r\u00e1pido de 256 GB, oferece um desempenho s\u00f3lido para tarefas de escrit\u00f3rio, gest\u00e3o de dados e multitarefa.Inclui o Windows 11 Pro e o TPM 2.0, garantindo um ambiente de trabalho seguro e atualizado. O seu formato SFF (Small Form Factor) poupa espa\u00e7o sem sacrificar a capacidade de expans\u00e3o, gra\u00e7as ao seu slot de armazenamento M.2 2280 e \u00e0s portas PCIe x16 e x1.Apar\u00eancia exterior impec\u00e1vel. Veja &#8220;+ Fotos&#8221; e &#8220;V\u00eddeo&#8221; e, em caso de d\u00favida, ligue-nos ou utilize o nosso chat para obter mais informa\u00e7\u00f5es ou solicitar mais detalhes.<br \/><strong>Coment\u00e1rios<\/strong><br \/><u>1xm.2 2280 para armazenamento &#8211; 1xPCIe X16 \/ 1xPCIe X1<\/u><\/p>\n","protected":false},"excerpt":{"rendered":"<p>Intel Core i5 9400 2.9 GHz. \u00b7 16 Gb. DDR4 RAM \u00b7 256 Gb. SSD \u00b7 <strong>Windows 11 Pro<\/strong> \u00b7<br \/>\n<u>1xm.2 2280 para armazenamento &#8211; 1xPCIe X16 \/ 1xPCIe X1<br \/>\n<\/u><\/p>\n","protected":false},"featured_media":139296,"template":"","meta":[],"product_brand":[3445],"product_cat":[3123,3122,2218,2217],"product_tag":[],"class_list":{"0":"post-139329","1":"product","2":"type-product","3":"status-publish","4":"has-post-thumbnail","6":"product_brand-dell","7":"product_cat-computadores-computadores-pt","8":"product_cat-ordenadores-ordenadores-es","9":"product_cat-computadores-pt","10":"product_cat-ordenadores-es","12":"first","13":"outofstock","14":"taxable","15":"shipping-taxable","16":"purchasable","17":"product-type-simple"},"bundled_by":[],"bundle_stock_status":"outofstock","bundle_stock_quantity":0,"bundle_virtual":false,"bundle_layout":"","bundle_add_to_cart_form_location":"","bundle_editable_in_cart":false,"bundle_sold_individually_context":"","bundle_item_grouping":"","bundle_min_size":"","bundle_max_size":"","bundle_price":[],"bundled_items":[],"bundle_sell_ids":[],"exclude_global_add_ons":true,"addons":{"webcam-upgrades":{"name":"Extens\u00e3o Webcam","type":"multiple_choice","position":0,"required":false,"title_format":"heading","default":"","description_enable":false,"description":"","placeholder_enable":false,"placeholder":"","display":"radiobutton","restrictions_type":"any_text","adjust_price":false,"price":"","price_type":"quantity_based","restrictions":false,"min":"0","max":"0","options":[{"label":"Conceptronic AMDIS FullHD [AMP00085]","price":"29.0000","price_type":"quantity_based","image":0,"visibility":true}]},"ram-memory-upgrades":{"name":"Extens\u00e3o RAM","type":"multiple_choice","position":0,"required":false,"title_format":"heading","default":"","description_enable":false,"description":"","placeholder_enable":false,"placeholder":"","display":"radiobutton","restrictions_type":"any_text","adjust_price":false,"price":"","price_type":"quantity_based","restrictions":false,"min":"0","max":"0","options":[{"label":"Extens\u00e3o DIMM RAM 32 Gb [AMP00122]","price":"50.0000","price_type":"quantity_based","image":0,"visibility":true}]},"hdd-upgrades":{"name":"Extens\u00e3o disco r\u00edgido","type":"multiple_choice","position":0,"required":false,"title_format":"heading","default":"","description_enable":false,"description":"","placeholder_enable":false,"placeholder":"","display":"radiobutton","restrictions_type":"any_text","adjust_price":false,"price":"","price_type":"quantity_based","restrictions":false,"min":"0","max":"0","options":[{"label":"Cambio a Disco SSD 480 Gb. [AMP00014]","price":"49.0000","price_type":"quantity_based","image":0,"visibility":true},{"label":"Cambio a Disco SSD 1 Tb. [AMP00071]","price":"69.0000","price_type":"quantity_based","image":0,"visibility":true},{"label":"Cambio a Disco SSD 500 Gb. M.2 2280 PCIe [AMP00106]","price":60,"price_type":"quantity_based","image":0,"visibility":true},{"label":"Cambio a Disco SSD 1 Tb. M.2 2280 PCIe [AMP00107]","price":95,"price_type":"quantity_based","image":0,"visibility":true},{"label":"SSD adicional de 500 Gb. M.2 2280 PCIe [AMP00108]","price":65,"price_type":"quantity_based","image":0,"visibility":true},{"label":"Disco SSD de 1 TB. M.2 2280 PCIe Adicional [AMP00109]","price":99,"price_type":"quantity_based","image":0,"visibility":true}]},"network-card-upgrades":{"name":"Extens\u00e3o WIFI","type":"multiple_choice","position":0,"required":false,"title_format":"heading","default":"","description_enable":false,"description":"","placeholder_enable":false,"placeholder":"","display":"radiobutton","restrictions_type":"any_text","adjust_price":false,"price":"","price_type":"quantity_based","restrictions":false,"min":"0","max":"0","options":[{"label":"Ampliaci\u00f3n a Tarj. Wi-Fi PCI [AMP00017]","price":"15.0000","price_type":"quantity_based","image":0,"visibility":true},{"label":"Ampliaci\u00f3n a Wireless nano USB [AMP00018]","price":"12.0000","price_type":"quantity_based","image":0,"visibility":true}]},"os-upgrades":{"name":"Extens\u00e3o OS","type":"multiple_choice","position":0,"required":false,"title_format":"heading","default":"","description_enable":false,"description":"","placeholder_enable":false,"placeholder":"","display":"radiobutton","restrictions_type":"any_text","adjust_price":false,"price":"","price_type":"quantity_based","restrictions":false,"min":"0","max":"0","options":[{"label":"Alterar idioma para franc\u00eas [AMP00125]","price":"0.0000","price_type":"quantity_based","image":0,"visibility":true},{"label":"Alterar idioma para ingl\u00eas [AMP00008]","price":"0.0000","price_type":"quantity_based","image":0,"visibility":true},{"label":"Alterar idioma para o portugu\u00eas [AMP00009]","price":"0.0000","price_type":"quantity_based","image":0,"visibility":true}]},"keyboard-upgrades":{"name":"Extens\u00e3o teclado","type":"multiple_choice","position":0,"required":false,"title_format":"heading","default":"","description_enable":false,"description":"","placeholder_enable":false,"placeholder":"","display":"radiobutton","restrictions_type":"any_text","adjust_price":false,"price":"","price_type":"quantity_based","restrictions":false,"min":"0","max":"0","options":[{"label":"Teclado e Mouse [AMP00020]","price":"8.0000","price_type":"quantity_based","image":0,"visibility":true},{"label":"Teclado e Mouse Portugu\u00e9s Nuevo [AMP00088]","price":"15.0000","price_type":"quantity_based","image":0,"visibility":true},{"label":"Teclado e mouse USB em espanhol (Novo) [AMP00068]","price":"12.0000","price_type":"quantity_based","image":0,"visibility":true}]}},"df_price":359.37,"df_sale_price":"","df_regular_price":359.37,"df_image_link":"https:\/\/zoca.es\/wp-content\/uploads\/images\/product\/13870\/dell01487_01-300x225.jpg","_links":{"self":[{"href":"https:\/\/zoca.es\/pt-pt\/wp-json\/wp\/v2\/product\/139329","targetHints":{"allow":["GET"]}}],"collection":[{"href":"https:\/\/zoca.es\/pt-pt\/wp-json\/wp\/v2\/product"}],"about":[{"href":"https:\/\/zoca.es\/pt-pt\/wp-json\/wp\/v2\/types\/product"}],"wp:featuredmedia":[{"embeddable":true,"href":"https:\/\/zoca.es\/pt-pt\/wp-json\/wp\/v2\/media\/139296"}],"wp:attachment":[{"href":"https:\/\/zoca.es\/pt-pt\/wp-json\/wp\/v2\/media?parent=139329"}],"wp:term":[{"taxonomy":"product_brand","embeddable":true,"href":"https:\/\/zoca.es\/pt-pt\/wp-json\/wp\/v2\/product_brand?post=139329"},{"taxonomy":"product_cat","embeddable":true,"href":"https:\/\/zoca.es\/pt-pt\/wp-json\/wp\/v2\/product_cat?post=139329"},{"taxonomy":"product_tag","embeddable":true,"href":"https:\/\/zoca.es\/pt-pt\/wp-json\/wp\/v2\/product_tag?post=139329"}],"curies":[{"name":"wp","href":"https:\/\/api.w.org\/{rel}","templated":true}]}}