{"id":139194,"date":"2025-07-10T16:04:00","date_gmt":"2025-07-10T15:04:05","guid":{"rendered":"https:\/\/zoca.es\/producto\/apple-macbook-air-72-133-recondicionado-core-i5-18ghz-8-gb-ram-128-gb-ssd-1440x900-pt-13833\/"},"modified":"2025-07-10T16:04:05","modified_gmt":"2025-07-10T15:04:05","slug":"apple-macbook-air-72-133-recondicionado-core-i5-18ghz-8-gb-ram-128-gb-ssd-1440x900-pt-13833","status":"publish","type":"product","link":"https:\/\/zoca.es\/pt-pt\/produto\/apple-macbook-air-72-133-recondicionado-core-i5-18ghz-8-gb-ram-128-gb-ssd-1440x900-pt-13833\/","title":{"rendered":"Apple MacBook Air 7,2 13.3&#8221; | Recondicionado | Core i5 1.8GHz | 8 GB RAM | 128 GB SSD 1440&#215;900"},"content":{"rendered":"<p><strong>Processador<\/strong><br \/>Intel Core i5 5350U 1.8 GHz.<br \/><strong>Mem\u00f3ria RAM<\/strong><br \/>8 Gb. SO-DDR3 RAM<br \/><strong>Disco r\u00edgido<\/strong><br \/>128 Gb. SSD<br \/><strong>Cart\u00f5es<\/strong><br \/>Placa gr\u00e1fica: Intel HD Graphics 6000 1.5Gb<br \/>Som: High Definition Audio<br \/><strong>Sistema operativo<\/strong><br \/>macOS Monterey<br \/><strong>Portos<\/strong><br \/>Thunderbolt<br \/>2x USB 3.0<br \/><strong>Tela<\/strong><br \/>Led 13.3 &#8221; HD 16:10  \u00b7 Resolu\u00e7\u00e3o 1440&#215;900<br \/><strong>Multim\u00eddia<\/strong><br \/>Webcam<br \/>Leitor SD<br \/><strong>Conectividade<\/strong><br \/>WIFI<br \/>Bluetooth<br \/><strong>Espec\u00edfico laptop<\/strong><br \/>Layout do teclado Internacional (adesivos espanhol)<br \/><strong>Outros<\/strong><br \/>hR embalagens<br \/><strong>Dimens\u00f5es<\/strong><br \/>32.5&#215;22.7&#215;1.7 cm.<br \/><strong>Peso<\/strong><br \/>1.35 Kg.<br \/><strong>Especifica\u00e7\u00f5es adicionais<\/strong><br \/>Simples, fi\u00e1vel e pronto a trabalhar desde o primeiro minuto. O MacBook Air 13,3&#8243; modelo A1466 (meados de 2017) continua a ser um dos port\u00e1teis mais valorizados por quem procura efici\u00eancia, leveza e uma experi\u00eancia macOS sem complica\u00e7\u00f5es.<br \/>Possui um processador Intel Core i5 5350U de 1,8 GHz, acompanhado por 8 GB de RAM DDR3 e um SSD de 128 GB, uma combina\u00e7\u00e3o ideal para tarefas de escrit\u00f3rio, navega\u00e7\u00e3o, computa\u00e7\u00e3o em nuvem, aulas online ou gest\u00e3o de conte\u00fados. Tudo isto com a fluidez do macOS Monterey, um sistema est\u00e1vel e bem otimizado para este dispositivo.<br \/>O ecr\u00e3 LED de 13,3 polegadas com resolu\u00e7\u00e3o HD (1440&#215;900) oferece uma boa defini\u00e7\u00e3o e brilho, perfeito para ambientes produtivos e de estudo. Possui ainda uma webcam HD, um leitor de cart\u00f5es SD e uma constru\u00e7\u00e3o robusta em alum\u00ednio que o torna dur\u00e1vel, leve e f\u00e1cil de transportar.<br \/>O MacBook Air A1466 \u00e9 uma solu\u00e7\u00e3o s\u00f3lida para quem procura entrar no mundo Apple com um dispositivo funcional, confort\u00e1vel e com uma excelente rela\u00e7\u00e3o qualidade-pre\u00e7o.<br \/>Boa apar\u00eancia exterior. <b>Ligeiro amassado no canto da tela. N\u00e3o afeta em nada o ecr\u00e3.<\/b> Veja &#8220;+ Fotos&#8221; e &#8220;V\u00eddeo&#8221; e, se tiver alguma d\u00favida, ligue-nos ou utilize o nosso chat para obter mais informa\u00e7\u00f5es ou solicitar mais detalhes.<br \/><strong>Coment\u00e1rios<\/strong><br \/><u>Modelo A1466 (Mid 2017)<\/u><\/p>\n","protected":false},"excerpt":{"rendered":"<p>Intel Core i5 5350U 1.8 GHz. \u00b7 8 Gb. SO-DDR3 RAM \u00b7 128 Gb. SSD \u00b7 macOS Monterey \u00b7 Led 13.3 &#8221; HD 16:10 \u00b7 Webcam \u00b7 Leitor SD \u00b7<br \/>\n<u>Modelo A1466 (Mid 2017) \u00b7Ligeira mossa no canto da tela (Ver &#8220;+ Fotos&#8221;)<\/u><\/p>\n","protected":false},"featured_media":139179,"template":"","meta":[],"product_brand":[3449],"product_cat":[2253,3120],"product_tag":[],"class_list":{"0":"post-139194","1":"product","2":"type-product","3":"status-publish","4":"has-post-thumbnail","6":"product_brand-apple","7":"product_cat-laptops-pt","8":"product_cat-laptops-laptops-pt","10":"first","11":"outofstock","12":"taxable","13":"shipping-taxable","14":"purchasable","15":"product-type-simple"},"bundled_by":[],"bundle_stock_status":"outofstock","bundle_stock_quantity":0,"bundle_virtual":false,"bundle_layout":"","bundle_add_to_cart_form_location":"","bundle_editable_in_cart":false,"bundle_sold_individually_context":"","bundle_item_grouping":"","bundle_min_size":"","bundle_max_size":"","bundle_price":[],"bundled_items":[],"bundle_sell_ids":[],"exclude_global_add_ons":true,"addons":{"keyboard-iso-upgrades":{"name":"Selecione idioma teclado","type":"multiple_choice","position":0,"required":false,"title_format":"heading","default":"","description_enable":false,"description":"","placeholder_enable":false,"placeholder":"","display":"radiobutton","restrictions_type":"any_text","adjust_price":false,"price":"","price_type":"quantity_based","restrictions":false,"min":"0","max":"0","options":[{"label":"Pegatinas Espanhol [AMP00082]","price":"0.0000","price_type":"quantity_based","image":0,"visibility":true},{"label":"Pegatinas Franc\u00e9s [AMP00084]","price":"0.0000","price_type":"quantity_based","image":0,"visibility":true},{"label":"Pegatinas Portugues [AMP00083]","price":"0.0000","price_type":"quantity_based","image":0,"visibility":true}]},"mouse-upgrades":{"name":"Extens\u00e3o rato","type":"multiple_choice","position":0,"required":false,"title_format":"heading","default":"","description_enable":false,"description":"","placeholder_enable":false,"placeholder":"","display":"radiobutton","restrictions_type":"any_text","adjust_price":false,"price":"","price_type":"quantity_based","restrictions":false,"min":"0","max":"0","options":[{"label":"Apple Magic Mouse 2 (A1657) [AMP00060]","price":"60.0000","price_type":"quantity_based","image":0,"visibility":true}]}},"df_price":242,"df_sale_price":"","df_regular_price":242,"df_image_link":"https:\/\/zoca.es\/wp-content\/uploads\/images\/product\/13833\/appl00622_01-300x225.jpg","_links":{"self":[{"href":"https:\/\/zoca.es\/pt-pt\/wp-json\/wp\/v2\/product\/139194","targetHints":{"allow":["GET"]}}],"collection":[{"href":"https:\/\/zoca.es\/pt-pt\/wp-json\/wp\/v2\/product"}],"about":[{"href":"https:\/\/zoca.es\/pt-pt\/wp-json\/wp\/v2\/types\/product"}],"wp:featuredmedia":[{"embeddable":true,"href":"https:\/\/zoca.es\/pt-pt\/wp-json\/wp\/v2\/media\/139179"}],"wp:attachment":[{"href":"https:\/\/zoca.es\/pt-pt\/wp-json\/wp\/v2\/media?parent=139194"}],"wp:term":[{"taxonomy":"product_brand","embeddable":true,"href":"https:\/\/zoca.es\/pt-pt\/wp-json\/wp\/v2\/product_brand?post=139194"},{"taxonomy":"product_cat","embeddable":true,"href":"https:\/\/zoca.es\/pt-pt\/wp-json\/wp\/v2\/product_cat?post=139194"},{"taxonomy":"product_tag","embeddable":true,"href":"https:\/\/zoca.es\/pt-pt\/wp-json\/wp\/v2\/product_tag?post=139194"}],"curies":[{"name":"wp","href":"https:\/\/api.w.org\/{rel}","templated":true}]}}