{"id":138436,"date":"2025-07-01T16:02:55","date_gmt":"2025-07-01T15:02:55","guid":{"rendered":"https:\/\/zoca.es\/producto\/placa-grafica-geforce-gtx-1060-3gb-recondicionado-pt-13552\/"},"modified":"2026-02-25T10:31:42","modified_gmt":"2026-02-25T09:31:42","slug":"placa-grafica-geforce-gtx-1060-3gb-recondicionado-pt-13552","status":"publish","type":"product","link":"https:\/\/zoca.es\/pt-pt\/produto\/placa-grafica-geforce-gtx-1060-3gb-recondicionado-pt-13552\/","title":{"rendered":"Placa gr\u00e1fica GeForce GTX 1060 3GB | Recondicionado"},"content":{"rendered":"<p><b>GPU:<\/b><br \/>nVidia GeForce GTX 1060 (arquitetura Pascal, 16 nm)<br \/><b>Mem\u00f3ria:<\/b><br \/>3 GB GDDR5 a 8000 MHz efetivos<br \/><b>Barramento de mem\u00f3ria:<\/b><br \/>192 bits<br \/><b>Largura de banda:<\/b><br \/>192 GB\/s<br \/><b>N\u00facleos CUDA:<\/b><br \/>1152<br \/><b>Frequ\u00eancia base:<\/b><br \/>1506 MHz<br \/><b>Frequ\u00eancia de boost:<\/b><br \/>at\u00e9 1708 MHz<br \/><b>TDP:<\/b><br \/>120 W<br \/><b>Conector de alimenta\u00e7\u00e3o:<\/b><br \/>1 x 6 pinos<br \/><b>Sa\u00eddas de v\u00eddeo:<\/b><br \/>1 x HDMI 2.0b<br \/>1 x DVI-D<br \/>3 x DisplayPort 1.4<br \/>Suporta at\u00e9 4 monitores simult\u00e2neos<\/p>\n","protected":false},"excerpt":{"rendered":"<p>Concebido para oferecer um excelente desempenho em jogos com resolu\u00e7\u00e3o Full HD (1080p), \u00e9 tamb\u00e9m ideal para aplica\u00e7\u00f5es gr\u00e1ficas leves, multim\u00e9dia avan\u00e7ada e ambientes de trabalho que n\u00e3o exijam acelera\u00e7\u00e3o profissional.<\/p>\n","protected":false},"featured_media":138433,"template":"","meta":[],"product_brand":[3465],"product_cat":[2218,2221,2405,2453],"product_tag":[],"class_list":{"0":"post-138436","1":"product","2":"type-product","3":"status-publish","4":"has-post-thumbnail","6":"product_brand-generic","7":"product_cat-computadores-pt","8":"product_cat-computadores-workstations-pt","9":"product_cat-componentes-pt","10":"product_cat-componentes-placas-graficas-pt","12":"first","13":"instock","14":"taxable","15":"shipping-taxable","16":"purchasable","17":"product-type-simple"},"bundled_by":[],"bundle_stock_status":"instock","bundle_stock_quantity":1,"bundle_virtual":false,"bundle_layout":"","bundle_add_to_cart_form_location":"","bundle_editable_in_cart":false,"bundle_sold_individually_context":"","bundle_item_grouping":"","bundle_min_size":"","bundle_max_size":"","bundle_price":[],"bundled_items":[],"bundle_sell_ids":[],"exclude_global_add_ons":[],"addons":[],"df_price":119.79,"df_sale_price":"","df_regular_price":119.79,"df_image_link":"https:\/\/zoca.es\/wp-content\/uploads\/images\/product\/13552\/gene00315_01-300x225.jpg","_links":{"self":[{"href":"https:\/\/zoca.es\/pt-pt\/wp-json\/wp\/v2\/product\/138436","targetHints":{"allow":["GET"]}}],"collection":[{"href":"https:\/\/zoca.es\/pt-pt\/wp-json\/wp\/v2\/product"}],"about":[{"href":"https:\/\/zoca.es\/pt-pt\/wp-json\/wp\/v2\/types\/product"}],"wp:featuredmedia":[{"embeddable":true,"href":"https:\/\/zoca.es\/pt-pt\/wp-json\/wp\/v2\/media\/138433"}],"wp:attachment":[{"href":"https:\/\/zoca.es\/pt-pt\/wp-json\/wp\/v2\/media?parent=138436"}],"wp:term":[{"taxonomy":"product_brand","embeddable":true,"href":"https:\/\/zoca.es\/pt-pt\/wp-json\/wp\/v2\/product_brand?post=138436"},{"taxonomy":"product_cat","embeddable":true,"href":"https:\/\/zoca.es\/pt-pt\/wp-json\/wp\/v2\/product_cat?post=138436"},{"taxonomy":"product_tag","embeddable":true,"href":"https:\/\/zoca.es\/pt-pt\/wp-json\/wp\/v2\/product_tag?post=138436"}],"curies":[{"name":"wp","href":"https:\/\/api.w.org\/{rel}","templated":true}]}}