{"id":138017,"date":"2025-06-27T10:06:10","date_gmt":"2025-06-27T09:06:10","guid":{"rendered":"https:\/\/zoca.es\/producto\/escaner-brother-ads-1600w-recondicionado-pt-13823\/"},"modified":"2026-04-28T15:06:26","modified_gmt":"2026-04-28T14:06:26","slug":"escaner-brother-ads-1600w-recondicionado-pt-13823","status":"publish","type":"product","link":"https:\/\/zoca.es\/pt-pt\/produto\/escaner-brother-ads-1600w-recondicionado-pt-13823\/","title":{"rendered":"Esc\u00e1ner Brother ADS-1600W | Recondicionado"},"content":{"rendered":"<p><b>Sensor de Imagem<\/b><br \/>CCD a Cores<br \/><b>Ecr\u00e3<\/b><br \/>Ecr\u00e3 T\u00e1til a Cores de 2,7&#8243;<br \/><b>Velocidade de Digitaliza\u00e7\u00e3o<\/b><br \/>Cor: At\u00e9 18 ppm<br \/><b>Resolu\u00e7\u00e3o<\/b><br \/>At\u00e9 1200 dpi<br \/><b>Conectividade<\/b><br \/>USB 2.0 \/ Wi-Fi<br \/><b>Manuseamento de Papel<\/b><br \/>Alimentador autom\u00e1tico para 20 folhas. Scanner de cart\u00e3o de identifica\u00e7\u00e3o<br \/><b>\u00c1rea de Digitaliza\u00e7\u00e3o<\/b><br \/>ADF M\u00e1x. A4<br \/><b>Especifica\u00e7\u00f5es Adicionais:<\/b><br \/>O Brother\u202fADS\u20111600W \u00e9 um scanner de documentos compacto e vers\u00e1til, ideal para pequenos escrit\u00f3rios ou ambientes m\u00f3veis que exigem digitaliza\u00e7\u00e3o r\u00e1pida e de qualidade. Com digitaliza\u00e7\u00e3o duplex em passagem \u00fanica e uma velocidade de at\u00e9 18 p\u00e1ginas por minuto (ppm) em A4, otimiza os fluxos de trabalho. A resolu\u00e7\u00e3o \u00f3tica chega a 600 \u00d7 600 dpi, com capacidade interpolada at\u00e9 1.200 \u00d7 1.200 dpi, garantindo excelente defini\u00e7\u00e3o de imagem para documentos e gr\u00e1ficos. Equipado com um alimentador autom\u00e1tico (ADF) para 20 folhas, permite digitalizar lotes de documentos sem interven\u00e7\u00e3o manual constante. A conectividade h\u00edbrida suporta USB 2.0 e Wi-Fi, facilitando a integra\u00e7\u00e3o em esta\u00e7\u00f5es de trabalho cl\u00e1ssicas, ambientes m\u00f3veis ou rede sem fio. Gra\u00e7as ao seu tamanho reduzido, ecr\u00e3 t\u00e1til a cores e digitaliza\u00e7\u00e3o direta para USB ou dispositivos m\u00f3veis, o ADS\u20111600W \u00e9 uma solu\u00e7\u00e3o ideal para empresas que procuram digitaliza\u00e7\u00e3o \u00e1gil, fi\u00e1vel e moderna.<br \/>Bom aspeto exterior. Se tiver alguma d\u00favida, ligue-nos ou use o nosso chat para obter mais informa\u00e7\u00f5es ou solicitar mais detalhes.<\/p>\n","protected":false},"excerpt":{"rendered":"<p>Tecnologia:Digitalizador de documentos e<strong>Leitor de Cart\u00e3o de Cidad\u00e3o<\/strong>a cores- Sensor de imagem: CCD a cores \u2013 Velocidade de digitaliza\u00e7\u00e3o: At\u00e9 18 ppm \u2013 Resolu\u00e7\u00e3o: At\u00e9 1200 dpi \u2013 Conectividade: USB 2.0 \/ WiFi \u2013 Duplex: Digitaliza\u00e7\u00e3o frente e verso integrada \u2013 Alimentador autom\u00e1tico de documentos para 20 folhas.<\/p>\n","protected":false},"featured_media":138011,"template":"","meta":[],"product_brand":[3446],"product_cat":[2401],"product_tag":[3267,3273,3289,3296],"class_list":{"0":"post-138017","1":"product","2":"type-product","3":"status-publish","4":"has-post-thumbnail","6":"product_brand-brother","7":"product_cat-scanners-pt","8":"product_tag-202509_123septiembre-pt-pt","9":"product_tag-202510_halloween-pt-pt","10":"product_tag-black-15","11":"product_tag-navidad","13":"first","14":"instock","15":"taxable","16":"shipping-taxable","17":"purchasable","18":"product-type-simple"},"bundled_by":[],"bundle_stock_status":"instock","bundle_stock_quantity":1,"bundle_virtual":false,"bundle_layout":"","bundle_add_to_cart_form_location":"","bundle_editable_in_cart":false,"bundle_sold_individually_context":"","bundle_item_grouping":"","bundle_min_size":"","bundle_max_size":"","bundle_price":[],"bundled_items":[],"bundle_sell_ids":[],"exclude_global_add_ons":[],"addons":[],"df_price":175.45,"df_sale_price":"","df_regular_price":175.45,"df_image_link":"https:\/\/zoca.es\/wp-content\/uploads\/images\/product\/13823\/brot00040_01-300x225.jpg","_links":{"self":[{"href":"https:\/\/zoca.es\/pt-pt\/wp-json\/wp\/v2\/product\/138017","targetHints":{"allow":["GET"]}}],"collection":[{"href":"https:\/\/zoca.es\/pt-pt\/wp-json\/wp\/v2\/product"}],"about":[{"href":"https:\/\/zoca.es\/pt-pt\/wp-json\/wp\/v2\/types\/product"}],"wp:featuredmedia":[{"embeddable":true,"href":"https:\/\/zoca.es\/pt-pt\/wp-json\/wp\/v2\/media\/138011"}],"wp:attachment":[{"href":"https:\/\/zoca.es\/pt-pt\/wp-json\/wp\/v2\/media?parent=138017"}],"wp:term":[{"taxonomy":"product_brand","embeddable":true,"href":"https:\/\/zoca.es\/pt-pt\/wp-json\/wp\/v2\/product_brand?post=138017"},{"taxonomy":"product_cat","embeddable":true,"href":"https:\/\/zoca.es\/pt-pt\/wp-json\/wp\/v2\/product_cat?post=138017"},{"taxonomy":"product_tag","embeddable":true,"href":"https:\/\/zoca.es\/pt-pt\/wp-json\/wp\/v2\/product_tag?post=138017"}],"curies":[{"name":"wp","href":"https:\/\/api.w.org\/{rel}","templated":true}]}}