{"id":137351,"date":"2025-06-18T11:08:17","date_gmt":"2025-06-18T10:08:17","guid":{"rendered":"https:\/\/zoca.es\/producto\/lenovo-thinkpad-l590-156-recondicionado-core-i5-16ghz-16-gb-ram-256-gb-ssd-m2-1920x1080-pt-13457\/"},"modified":"2026-03-30T16:41:30","modified_gmt":"2026-03-30T15:41:30","slug":"lenovo-thinkpad-l590-156-recondicionado-core-i5-16ghz-16-gb-ram-256-gb-ssd-m2-1920x1080-pt-13457","status":"publish","type":"product","link":"https:\/\/zoca.es\/pt-pt\/produto\/lenovo-thinkpad-l590-156-recondicionado-core-i5-16ghz-16-gb-ram-256-gb-ssd-m2-1920x1080-pt-13457\/","title":{"rendered":"Lenovo Thinkpad L590 15.6&#8221; | Recondicionado | Core i5 1.6GHz | 16 GB RAM | 256 GB SSD M2 1920&#215;1080"},"content":{"rendered":"<p><strong>Processador<\/strong><br \/>Intel Core i5 8265U 1.6 GHz. [TPM 2.0]<br \/><strong>Mem\u00f3ria RAM<\/strong><br \/>16 Gb. SO-DDR4 RAM<br \/><strong>Disco r\u00edgido<\/strong><br \/>256 Gb. SSD M2<br \/><strong>Cart\u00f5es<\/strong><br \/>Placa gr\u00e1fica: ntel UHD Graphics 620<br \/>Som: Realtek High Definition Audio<br \/>Network: Intel Ethernet Connection I219-v<br \/><strong>Sistema operativo<\/strong><br \/>Windows 11 Pro<br \/><strong>Portos<\/strong><br \/>2x USB 3.0<br \/>2x USB-C<br \/><strong>Tela<\/strong><br \/>Led 15.6 &#8221; FullHD 16:10  \u00b7 Resolu\u00e7\u00e3o 1920&#215;1080<br \/><strong>Portas de v\u00eddeo<\/strong><br \/>HDMI<br \/><strong>Multim\u00eddia<\/strong><br \/>Webcam<br \/><strong>Conectividade<\/strong><br \/>RJ-45<br \/>WIFI<br \/>Bluetooth<br \/><strong>Espec\u00edfico laptop<\/strong><br \/>Layout do teclado Espanhol<br \/>Teclado num\u00e9rico<br \/><strong>Outros<\/strong><br \/>hR embalagens<br \/><strong>Dimens\u00f5es<\/strong><br \/>37.7&#215;25.5&#215;3 cm.<br \/><strong>Peso<\/strong><br \/>2.00 Kg.<br \/><strong>Especifica\u00e7\u00f5es adicionais<\/strong><br \/>O Lenovo ThinkPad L590 \u00e9 um port\u00e1til concebido para profissionais que exigem fiabilidade, desempenho e seguran\u00e7a no trabalho di\u00e1rio. Equipado com um potente processador Intel Core i5 8265U e 16 GB de RAM, permite trabalhar sem problemas, mesmo em tarefas exigentes. Inclui um SSD M. 2 de 256 GB, garantindo arranques r\u00e1pidos e uma gest\u00e3o eficiente de ficheiros.<br \/>O seu ecr\u00e3 LCD Full HD (1920&#215;1080) de 15,6 polegadas com um r\u00e1cio de 16:10 oferece um amplo espa\u00e7o de trabalho com uma excelente nitidez. Inclui ainda funcionalidades orientadas para os profissionais, como a webcam, o leitor de impress\u00f5es digitais, o leitor de cart\u00f5es de identifica\u00e7\u00e3o e o m\u00f3dulo TPM 2.0, que refor\u00e7a a seguran\u00e7a f\u00edsica e digital do dispositivo. Tudo isto gerido pelo Windows 11 Pro, o sistema operativo mais atualizado para ambientes empresariais.<br \/>Uma excelente op\u00e7\u00e3o para os utilizadores que procuram produtividade e fiabilidade com o suporte da s\u00e9rie ThinkPad.<br \/>Excelente apar\u00eancia exterior. Consulte &#8220;+ Fotos&#8221; e &#8220;V\u00eddeo&#8221; e, se tiver alguma d\u00favida, ligue-nos ou utilize o nosso chat para obter mais informa\u00e7\u00f5es ou solicitar mais detalhes.<\/p>\n","protected":false},"excerpt":{"rendered":"<p>Intel Core i5 8265U 1.6 GHz. \u00b7 16 Gb. SO-DDR4 RAM \u00b7 256 Gb. SSD M2 \u00b7 <strong>Windows 11 Pro<\/strong> \u00b7 Led 15.6 &#8221; FullHD 16:10 \u00b7 Webcam<\/p>\n","protected":false},"featured_media":137318,"template":"","meta":[],"product_brand":[3452],"product_cat":[2253,3120],"product_tag":[],"class_list":{"0":"post-137351","1":"product","2":"type-product","3":"status-publish","4":"has-post-thumbnail","6":"product_brand-lenovo","7":"product_cat-laptops-pt","8":"product_cat-laptops-laptops-pt","10":"first","11":"outofstock","12":"taxable","13":"shipping-taxable","14":"purchasable","15":"product-type-simple"},"bundled_by":[],"bundle_stock_status":"outofstock","bundle_stock_quantity":0,"bundle_virtual":false,"bundle_layout":"","bundle_add_to_cart_form_location":"","bundle_editable_in_cart":false,"bundle_sold_individually_context":"","bundle_item_grouping":"","bundle_min_size":"","bundle_max_size":"","bundle_price":[],"bundled_items":[],"bundle_sell_ids":[],"exclude_global_add_ons":true,"addons":{"keyboard-iso-upgrades":{"name":"Selecione idioma teclado","type":"multiple_choice","position":0,"required":false,"title_format":"heading","default":"","description_enable":false,"description":"","placeholder_enable":false,"placeholder":"","display":"radiobutton","restrictions_type":"any_text","adjust_price":false,"price":"","price_type":"quantity_based","restrictions":false,"min":"0","max":"0","options":[{"label":"Pegatinas Franc\u00e9s [AMP00084]","price":"0.0000","price_type":"quantity_based","image":0,"visibility":true},{"label":"Pegatinas Portugues [AMP00083]","price":"0.0000","price_type":"quantity_based","image":0,"visibility":true}]},"ram-memory-upgrades":{"name":"Extens\u00e3o RAM","type":"multiple_choice","position":0,"required":false,"title_format":"heading","default":"","description_enable":false,"description":"","placeholder_enable":false,"placeholder":"","display":"radiobutton","restrictions_type":"any_text","adjust_price":false,"price":"","price_type":"quantity_based","restrictions":false,"min":"0","max":"0","options":[{"label":"Extens\u00e3o SODIM RAM 32 Gb [AMP00098]","price":"150.0000","price_type":"quantity_based","image":0,"visibility":true}]},"hdd-upgrades":{"name":"Extens\u00e3o disco r\u00edgido","type":"multiple_choice","position":0,"required":false,"title_format":"heading","default":"","description_enable":false,"description":"","placeholder_enable":false,"placeholder":"","display":"radiobutton","restrictions_type":"any_text","adjust_price":false,"price":"","price_type":"quantity_based","restrictions":false,"min":"0","max":"0","options":[{"label":"Cambio a Disco SSD 500 Gb. M.2 2280 PCIe [AMP00106]","price":"110.0000","price_type":"quantity_based","image":0,"visibility":true},{"label":"Cambio a Disco SSD 1 Tb. M.2 2280 PCIe [AMP00107]","price":"165.0000","price_type":"quantity_based","image":0,"visibility":true}]},"os-upgrades":{"name":"Extens\u00e3o OS","type":"multiple_choice","position":0,"required":false,"title_format":"heading","default":"","description_enable":false,"description":"","placeholder_enable":false,"placeholder":"","display":"radiobutton","restrictions_type":"any_text","adjust_price":false,"price":"","price_type":"quantity_based","restrictions":false,"min":"0","max":"0","options":[{"label":"Alterar idioma para franc\u00eas [AMP00125]","price":"0.0000","price_type":"quantity_based","image":0,"visibility":true},{"label":"Alterar idioma para ingl\u00eas [AMP00008]","price":"0.0000","price_type":"quantity_based","image":0,"visibility":true},{"label":"Alterar idioma para o portugu\u00eas [AMP00009]","price":"0.0000","price_type":"quantity_based","image":0,"visibility":true}]},"briefcase-upgrades":{"name":"Maleta","type":"multiple_choice","position":0,"required":false,"title_format":"heading","default":"","description_enable":false,"description":"","placeholder_enable":false,"placeholder":"","display":"radiobutton","restrictions_type":"any_text","adjust_price":false,"price":"","price_type":"quantity_based","restrictions":false,"min":"0","max":"0","options":[{"label":"Maleta Port\u00e1til [AMP00041]","price":"5.0000","price_type":"quantity_based","image":0,"visibility":true}]}},"df_price":410.19,"df_sale_price":"","df_regular_price":410.19,"df_image_link":"https:\/\/zoca.es\/wp-content\/uploads\/images\/product\/13457\/leno00958_01-300x225.jpg","_links":{"self":[{"href":"https:\/\/zoca.es\/pt-pt\/wp-json\/wp\/v2\/product\/137351","targetHints":{"allow":["GET"]}}],"collection":[{"href":"https:\/\/zoca.es\/pt-pt\/wp-json\/wp\/v2\/product"}],"about":[{"href":"https:\/\/zoca.es\/pt-pt\/wp-json\/wp\/v2\/types\/product"}],"wp:featuredmedia":[{"embeddable":true,"href":"https:\/\/zoca.es\/pt-pt\/wp-json\/wp\/v2\/media\/137318"}],"wp:attachment":[{"href":"https:\/\/zoca.es\/pt-pt\/wp-json\/wp\/v2\/media?parent=137351"}],"wp:term":[{"taxonomy":"product_brand","embeddable":true,"href":"https:\/\/zoca.es\/pt-pt\/wp-json\/wp\/v2\/product_brand?post=137351"},{"taxonomy":"product_cat","embeddable":true,"href":"https:\/\/zoca.es\/pt-pt\/wp-json\/wp\/v2\/product_cat?post=137351"},{"taxonomy":"product_tag","embeddable":true,"href":"https:\/\/zoca.es\/pt-pt\/wp-json\/wp\/v2\/product_tag?post=137351"}],"curies":[{"name":"wp","href":"https:\/\/api.w.org\/{rel}","templated":true}]}}