{"id":136882,"date":"2025-06-12T09:38:34","date_gmt":"2025-06-12T08:38:38","guid":{"rendered":"https:\/\/zoca.es\/producto\/fujitsu-stylistic-r727-125-recondicionado-core-i5-25ghz-8-gb-ram-256-gb-ssd-m2-1920x1080-pt-13649\/"},"modified":"2025-06-12T09:38:38","modified_gmt":"2025-06-12T08:38:38","slug":"fujitsu-stylistic-r727-125-recondicionado-core-i5-25ghz-8-gb-ram-256-gb-ssd-m2-1920x1080-pt-13649","status":"publish","type":"product","link":"https:\/\/zoca.es\/pt-pt\/produto\/fujitsu-stylistic-r727-125-recondicionado-core-i5-25ghz-8-gb-ram-256-gb-ssd-m2-1920x1080-pt-13649\/","title":{"rendered":"Fujitsu Stylistic R727 12.5&#8221; | Recondicionado | Core i5 2.5GHz | 8 GB RAM | 256 GB SSD M2 1920&#215;1080"},"content":{"rendered":"<p><strong>Processador<\/strong><br \/>Intel Core i5 7200U 2.5 GHz.<br \/><strong>Mem\u00f3ria RAM<\/strong><br \/>8 Gb. SO-DDR3 RAM<br \/><strong>Disco r\u00edgido<\/strong><br \/>256 Gb. SSD M2<br \/><strong>Cart\u00f5es<\/strong><br \/>Placa gr\u00e1fica: Intel HD Graphics 620<br \/>Som: Realtek High Definition Audio<br \/><strong>Sistema operativo<\/strong><br \/>Windows 10 Pro<br \/><strong>Portos<\/strong><br \/>USB 3.1<br \/><strong>Tela<\/strong><br \/>T\u00e1til 12.5 &#8221; FullHD 16:9  \u00b7 Resolu\u00e7\u00e3o 1920&#215;1080<br \/><strong>Portas de v\u00eddeo<\/strong><br \/>Mini Display Port<br \/><strong>Multim\u00eddia<\/strong><br \/>C\u00e2mera traseira<br \/>C\u00e2mera frontal<br \/><strong>Conectividade<\/strong><br \/>WIFI<br \/><strong>Outros<\/strong><br \/>hR embalagens<br \/><strong>Dimens\u00f5es<\/strong><br \/>1.5x32x20.7 cm.<br \/><strong>Peso<\/strong><br \/>1.17 Kg.<br \/><strong>Especifica\u00e7\u00f5es adicionais<\/strong><br \/>O Fujitsu Stylistic R727 combina a versatilidade de um tablet com a produtividade de um port\u00e1til, gra\u00e7as ao teclado inclu\u00eddo e ao design robusto e profissional. Equipado com um processador Intel Core i5-7200U de 2,5 GHz, 8 GB de RAM SO-DDR3 e um SSD M. 2 de 256 GB, garante um desempenho eficiente para tarefas de escrit\u00f3rio, trabalho remoto e ambientes profissionais exigentes.<br \/>O seu ecr\u00e3 t\u00e1til Full HD (1920&#215;1080) de 12,5 polegadas no formato 16:9 oferece uma excelente qualidade visual. Com o Windows 10 Pro e o TPM 2.0, oferece seguran\u00e7a e compatibilidade com ambientes empresariais.<br \/>Ideal para utilizadores que procuram um tablet potente com um teclado fi\u00e1vel e pronto para trabalhar em qualquer lugar.<br \/>Boa apar\u00eancia exterior. Pode apresentar ligeiros sinais de uso na estrutura. Em caso de d\u00favida, contacte-nos ou utilize o nosso chat para obter mais informa\u00e7\u00f5es ou solicitar mais detalhes.<\/p>\n","protected":false},"excerpt":{"rendered":"<p>Intel Core i5 7200U 2.5 GHz. [TPM 2.0] \u00b7 8 Gb. SO-DDR3 RAM \u00b7 256 Gb. SSD M2 \u00b7 Windows 10 Pro \u00b7 T\u00e1til 12.5 &#8221; FullHD 16:9 \u00b7<u>Teclado internacional com stickers em Portugu\u00eas<\/u><\/p>\n","protected":false},"featured_media":136870,"template":"","meta":[],"product_brand":[3458],"product_cat":[3111,2301],"product_tag":[],"class_list":{"0":"post-136882","1":"product","2":"type-product","3":"status-publish","4":"has-post-thumbnail","6":"product_brand-fujitsu","7":"product_cat-tablets-tablets-pt","8":"product_cat-tablets-pt","10":"first","11":"outofstock","12":"taxable","13":"shipping-taxable","14":"purchasable","15":"product-type-simple"},"bundled_by":[],"bundle_stock_status":"outofstock","bundle_stock_quantity":0,"bundle_virtual":false,"bundle_layout":"","bundle_add_to_cart_form_location":"","bundle_editable_in_cart":false,"bundle_sold_individually_context":"","bundle_item_grouping":"","bundle_min_size":"","bundle_max_size":"","bundle_price":[],"bundled_items":[],"bundle_sell_ids":[],"exclude_global_add_ons":true,"addons":{"keyboard-iso-upgrades":{"name":"Selecione idioma teclado","type":"multiple_choice","position":0,"required":false,"title_format":"heading","default":"","description_enable":false,"description":"","placeholder_enable":false,"placeholder":"","display":"radiobutton","restrictions_type":"any_text","adjust_price":false,"price":"","price_type":"quantity_based","restrictions":false,"min":"0","max":"0","options":[{"label":"Pegatinas Espanhol [AMP00082]","price":"0.0000","price_type":"quantity_based","image":0,"visibility":true},{"label":"Pegatinas Franc\u00e9s [AMP00084]","price":"0.0000","price_type":"quantity_based","image":0,"visibility":true},{"label":"Pegatinas Portugues [AMP00083]","price":"0.0000","price_type":"quantity_based","image":0,"visibility":true}]},"os-upgrades":{"name":"Extens\u00e3o OS","type":"multiple_choice","position":0,"required":false,"title_format":"heading","default":"","description_enable":false,"description":"","placeholder_enable":false,"placeholder":"","display":"radiobutton","restrictions_type":"any_text","adjust_price":false,"price":"","price_type":"quantity_based","restrictions":false,"min":"0","max":"0","options":[{"label":"Alterar idioma para franc\u00eas [AMP00125]","price":"0.0000","price_type":"quantity_based","image":0,"visibility":true},{"label":"Alterar idioma para ingl\u00eas [AMP00008]","price":"0.0000","price_type":"quantity_based","image":0,"visibility":true},{"label":"Alterar idioma para o portugu\u00eas [AMP00009]","price":"0.0000","price_type":"quantity_based","image":0,"visibility":true}]}},"df_price":248.05,"df_sale_price":"","df_regular_price":248.05,"df_image_link":"https:\/\/zoca.es\/wp-content\/uploads\/images\/product\/13649\/fuji00264_01-300x225.jpg","_links":{"self":[{"href":"https:\/\/zoca.es\/pt-pt\/wp-json\/wp\/v2\/product\/136882","targetHints":{"allow":["GET"]}}],"collection":[{"href":"https:\/\/zoca.es\/pt-pt\/wp-json\/wp\/v2\/product"}],"about":[{"href":"https:\/\/zoca.es\/pt-pt\/wp-json\/wp\/v2\/types\/product"}],"wp:featuredmedia":[{"embeddable":true,"href":"https:\/\/zoca.es\/pt-pt\/wp-json\/wp\/v2\/media\/136870"}],"wp:attachment":[{"href":"https:\/\/zoca.es\/pt-pt\/wp-json\/wp\/v2\/media?parent=136882"}],"wp:term":[{"taxonomy":"product_brand","embeddable":true,"href":"https:\/\/zoca.es\/pt-pt\/wp-json\/wp\/v2\/product_brand?post=136882"},{"taxonomy":"product_cat","embeddable":true,"href":"https:\/\/zoca.es\/pt-pt\/wp-json\/wp\/v2\/product_cat?post=136882"},{"taxonomy":"product_tag","embeddable":true,"href":"https:\/\/zoca.es\/pt-pt\/wp-json\/wp\/v2\/product_tag?post=136882"}],"curies":[{"name":"wp","href":"https:\/\/api.w.org\/{rel}","templated":true}]}}