{"id":135658,"date":"2025-06-04T14:34:44","date_gmt":"2025-06-04T13:34:44","guid":{"rendered":"https:\/\/zoca.es\/producto\/dell-latitude-7320-13-recondicionado-core-i7-13ghz-16-gb-ram-512-gb-ssd-m2-1920x1280-pt-13646\/"},"modified":"2026-04-09T12:01:17","modified_gmt":"2026-04-09T11:01:17","slug":"dell-latitude-7320-13-recondicionado-core-i7-13ghz-16-gb-ram-512-gb-ssd-m2-1920x1280-pt-13646","status":"publish","type":"product","link":"https:\/\/zoca.es\/pt-pt\/produto\/dell-latitude-7320-13-recondicionado-core-i7-13ghz-16-gb-ram-512-gb-ssd-m2-1920x1280-pt-13646\/","title":{"rendered":"Dell Latitude 7320 13&#8221; | Recondicionado | Core i7 1.3GHz | 16 GB RAM | 512 GB SSD M2 1920&#215;1280"},"content":{"rendered":"<p><strong>Processador<\/strong><br \/>Intel Core i7 1180G7 1.3 GHz.<br \/><strong>Mem\u00f3ria RAM<\/strong><br \/>16 Gb. SO-DDR4 RAM<br \/><strong>Disco r\u00edgido<\/strong><br \/>512 Gb. SSD M2<br \/><strong>Cart\u00f5es<\/strong><br \/>Placa gr\u00e1fica: Intel Iris Xe Graphics<br \/>Som: Realtek SoundWire HW<br \/><strong>Sistema operativo<\/strong><br \/>Windows 11 Pro<br \/><strong>Portos<\/strong><br \/>2x USB-C<br \/><strong>Tela<\/strong><br \/>T\u00e1til 13 &#8221; FullHD 16:10  \u00b7 Resolu\u00e7\u00e3o 1920&#215;1280<br \/><strong>Multim\u00eddia<\/strong><br \/>C\u00e2mera traseira<br \/>C\u00e2mera frontal<br \/><strong>Conectividade<\/strong><br \/>WIFI<br \/>Bluetooth<br \/>4G<br \/><strong>Outros<\/strong><br \/>hR embalagens<br \/><strong>Dimens\u00f5es<\/strong><br \/>28x20x1 cm.<br \/><strong>Peso<\/strong><br \/>0.78 Kg.<br \/><strong>Especifica\u00e7\u00f5es adicionais<\/strong><br \/>O Dell Latitude 7320 combina a pot\u00eancia de um port\u00e1til com a versatilidade de um tablet profissional, oferecendo a solu\u00e7\u00e3o ideal para ambientes de trabalho m\u00f3veis exigentes. Conta com um potente processador Intel Core i7-1180G7 de 1,3 GHz, 16 GB de RAM SO-DDR4 e um SSD M. 2 veloz de 512 GB, garantindo um desempenho est\u00e1vel mesmo durante tarefas intensas.<br \/>Equipado com um ecr\u00e3 t\u00e1ctil Full HD (1920&#215;1280) de 13 polegadas com um r\u00e1cio de 16:10, proporciona uma experi\u00eancia de visualiza\u00e7\u00e3o confort\u00e1vel e produtiva. Com o Windows 11 Pro e o TPM 2.0, est\u00e1 pronto para satisfazer os mais rigorosos requisitos de seguran\u00e7a e gest\u00e3o empresarial.<br \/>Concebido para profissionais em movimento, o Latitude 7320 destaca-se pelo seu design elegante, leveza e alto desempenho num formato 2 em 1 que se adapta a qualquer ambiente.<br \/>Design exterior elegante. Caso tenha alguma d\u00favida, ligue-nos ou utilize o nosso chat para obter mais informa\u00e7\u00f5es ou solicitar mais detalhes.<\/p>\n","protected":false},"excerpt":{"rendered":"<p>Intel Core i7 1180G7 1.3 GHz. \u00b7 16 Gb. SO-DDR4 RAM \u00b7 512 Gb. SSD M2 \u00b7 <strong>Windows 11 Pro<\/strong> \u00b7 T\u00e1til 13 &#8221; FullHD 16:10 \u00b7 <strong>Teclado internacional com stickers em Portugu\u00eas<\/strong><\/p>\n","protected":false},"featured_media":135649,"template":"","meta":[],"product_brand":[3445],"product_cat":[3111,2301],"product_tag":[],"class_list":{"0":"post-135658","1":"product","2":"type-product","3":"status-publish","4":"has-post-thumbnail","6":"product_brand-dell","7":"product_cat-tablets-tablets-pt","8":"product_cat-tablets-pt","10":"first","11":"instock","12":"taxable","13":"shipping-taxable","14":"purchasable","15":"product-type-simple"},"bundled_by":[],"bundle_stock_status":"instock","bundle_stock_quantity":2,"bundle_virtual":false,"bundle_layout":"","bundle_add_to_cart_form_location":"","bundle_editable_in_cart":false,"bundle_sold_individually_context":"","bundle_item_grouping":"","bundle_min_size":"","bundle_max_size":"","bundle_price":[],"bundled_items":[],"bundle_sell_ids":[],"exclude_global_add_ons":true,"addons":[{"name":"Selecione idioma teclado","type":"multiple_choice","position":0,"required":false,"title_format":"heading","default":"","description_enable":false,"description":"","placeholder_enable":false,"placeholder":"","display":"radiobutton","restrictions_type":"any_text","adjust_price":false,"price":"","price_type":"quantity_based","restrictions":false,"min":"0","max":"0","options":[{"label":"Pegatinas Espanhol [AMP00082]","price":"0.0000","price_type":"quantity_based","image":0,"visibility":true},{"label":"Pegatinas Franc\u00e9s [AMP00084]","price":"0.0000","price_type":"quantity_based","image":0,"visibility":true},{"label":"Pegatinas Portugues [AMP00083]","price":"0.0000","price_type":"quantity_based","image":0,"visibility":true}],"id":1775729294},{"name":"Extens\u00e3o OS","type":"multiple_choice","position":1,"required":false,"title_format":"heading","default":"","description_enable":false,"description":"","placeholder_enable":false,"placeholder":"","display":"radiobutton","restrictions_type":"any_text","adjust_price":false,"price":"","price_type":"quantity_based","restrictions":false,"min":"0","max":"0","options":[{"label":"Alterar idioma para franc\u00eas [AMP00125]","price":"0.0000","price_type":"quantity_based","image":0,"visibility":true},{"label":"Alterar idioma para ingl\u00eas [AMP00008]","price":"0.0000","price_type":"quantity_based","image":0,"visibility":true},{"label":"Alterar idioma para o portugu\u00eas [AMP00009]","price":"0.0000","price_type":"quantity_based","image":0,"visibility":true}],"id":1775729295}],"df_price":506.99,"df_sale_price":"","df_regular_price":506.99,"df_image_link":"https:\/\/zoca.es\/wp-content\/uploads\/images\/product\/13646\/dell01450_01-300x225.jpg","_links":{"self":[{"href":"https:\/\/zoca.es\/pt-pt\/wp-json\/wp\/v2\/product\/135658","targetHints":{"allow":["GET"]}}],"collection":[{"href":"https:\/\/zoca.es\/pt-pt\/wp-json\/wp\/v2\/product"}],"about":[{"href":"https:\/\/zoca.es\/pt-pt\/wp-json\/wp\/v2\/types\/product"}],"wp:featuredmedia":[{"embeddable":true,"href":"https:\/\/zoca.es\/pt-pt\/wp-json\/wp\/v2\/media\/135649"}],"wp:attachment":[{"href":"https:\/\/zoca.es\/pt-pt\/wp-json\/wp\/v2\/media?parent=135658"}],"wp:term":[{"taxonomy":"product_brand","embeddable":true,"href":"https:\/\/zoca.es\/pt-pt\/wp-json\/wp\/v2\/product_brand?post=135658"},{"taxonomy":"product_cat","embeddable":true,"href":"https:\/\/zoca.es\/pt-pt\/wp-json\/wp\/v2\/product_cat?post=135658"},{"taxonomy":"product_tag","embeddable":true,"href":"https:\/\/zoca.es\/pt-pt\/wp-json\/wp\/v2\/product_tag?post=135658"}],"curies":[{"name":"wp","href":"https:\/\/api.w.org\/{rel}","templated":true}]}}