{"id":135139,"date":"2025-05-30T12:04:29","date_gmt":"2025-05-30T11:04:29","guid":{"rendered":"https:\/\/zoca.es\/producto\/hp-elite-x2-g8-impecable-13-recondicionado-core-i5-26ghz-8-gb-ram-256-gb-ssd-m2-3000x2000-pt-13334\/"},"modified":"2026-02-25T10:14:45","modified_gmt":"2026-02-25T09:14:45","slug":"hp-elite-x2-g8-impecable-13-recondicionado-core-i5-26ghz-8-gb-ram-256-gb-ssd-m2-3000x2000-pt-13334","status":"publish","type":"product","link":"https:\/\/zoca.es\/pt-pt\/produto\/hp-elite-x2-g8-impecable-13-recondicionado-core-i5-26ghz-8-gb-ram-256-gb-ssd-m2-3000x2000-pt-13334\/","title":{"rendered":"HP Elite X2 G8-Impecable 13&#8221; | Recondicionado | Core i5 2.6GHz | 8 GB RAM | 256 GB SSD M2 3000&#215;2000"},"content":{"rendered":"<p><strong>Processador<\/strong><br \/>Intel Core i5 i5-1145G7 2.6 GHz.<br \/><strong>Mem\u00f3ria RAM<\/strong><br \/>8 Gb. SO-DDR4 RAM<br \/><strong>Disco r\u00edgido<\/strong><br \/>256 Gb. SSD M2<br \/><strong>Cart\u00f5es<\/strong><br \/>Placa gr\u00e1fica: Intel Irix Xe Graphics<br \/>Som: Audio Bang &amp; Olufsen<br \/><strong>Sistema operativo<\/strong><br \/>Windows 11 Pro<br \/><strong>Portos<\/strong><br \/>3x USB-C<br \/><strong>Tela<\/strong><br \/>T\u00e1til 13 &#8221; 2K 16:10  \u00b7 Resolu\u00e7\u00e3o 3000&#215;2000<br \/><strong>Multim\u00eddia<\/strong><br \/>Leitor impress\u00f5es digitais<br \/>C\u00e2mera traseira<br \/>C\u00e2mera frontal<br \/><strong>Conectividade<\/strong><br \/>WIFI<br \/>Bluetooth<br \/>4G<br \/><strong>Outros<\/strong><br \/>hR embalagens<br \/><strong>Dimens\u00f5es<\/strong><br \/>29&#215;22.5&#215;2 cm.<br \/><strong>Peso<\/strong><br \/>1.15 Kg.<br \/><strong>Especifica\u00e7\u00f5es adicionais<\/strong><br \/>O HP Elite X2 G8 \u00e9 uma solu\u00e7\u00e3o de computa\u00e7\u00e3o de ponta concebida para profissionais que necessitam de mobilidade, seguran\u00e7a e pot\u00eancia num \u00fanico dispositivo. Possui um processador Intel Core i5-1145G7 de 2,6 GHz, 8 GB de RAM SO-DDR4 e um r\u00e1pido SSD M. 2 de 256 GB, garantindo um desempenho eficiente em aplica\u00e7\u00f5es multitarefa, empresariais e produtividade m\u00f3vel.<br \/>O seu ecr\u00e3 t\u00e1til de 13 polegadas com resolu\u00e7\u00e3o 2K (3000&#215;2000) e formato 16:10 oferece uma experi\u00eancia visual excecional, ideal para trabalhos gr\u00e1ficos, leituras prolongadas ou apresenta\u00e7\u00f5es. Equipado com Windows 11 Pro e TPM 2.0, este tablet cumpre as normas empresariais de seguran\u00e7a e compatibilidade.<br \/>Compacto, dur\u00e1vel e sofisticado, o HP Elite X2 G8 \u00e9 a escolha ideal para quem procura um tablet profissional 2 em 1 com um ecr\u00e3 de alta resolu\u00e7\u00e3o e grande fiabilidade.<br \/>Boa apar\u00eancia exterior. D\u00ea uma vista de olhos a \u201c+ Fotos\u201d e se tiver alguma d\u00favida, ligue-nos ou utilize o nosso chat para obter mais informa\u00e7\u00f5es ou solicitar mais detalhes.<\/p>\n","protected":false},"excerpt":{"rendered":"<p>Intel Core i5 i5-1145G7 2.6 GHz. \u00b7 8 Gb. SO-DDR4 RAM \u00b7 256 Gb. SSD M2 \u00b7 <strong>Windows 11 Pro<\/strong> \u00b7 T\u00e1til 13 &#8221; 2K 16:10 \u00b7 Resolu\u00e7\u00e3o 3000&#215;2000 \u00b7<u>Teclado internacional com stickers em Portugu\u00eas<\/u><\/p>\n","protected":false},"featured_media":135118,"template":"","meta":[],"product_brand":[3453],"product_cat":[3111,2301],"product_tag":[3267,3289],"class_list":{"0":"post-135139","1":"product","2":"type-product","3":"status-publish","4":"has-post-thumbnail","6":"product_brand-hp","7":"product_cat-tablets-tablets-pt","8":"product_cat-tablets-pt","9":"product_tag-202509_123septiembre-pt-pt","10":"product_tag-black-15","12":"first","13":"outofstock","14":"taxable","15":"shipping-taxable","16":"purchasable","17":"product-type-simple"},"bundled_by":[],"bundle_stock_status":"outofstock","bundle_stock_quantity":0,"bundle_virtual":false,"bundle_layout":"","bundle_add_to_cart_form_location":"","bundle_editable_in_cart":false,"bundle_sold_individually_context":"","bundle_item_grouping":"","bundle_min_size":"","bundle_max_size":"","bundle_price":[],"bundled_items":[],"bundle_sell_ids":[],"exclude_global_add_ons":true,"addons":{"keyboard-iso-upgrades":{"name":"Selecione idioma teclado","type":"multiple_choice","position":0,"required":false,"title_format":"heading","default":"","description_enable":false,"description":"","placeholder_enable":false,"placeholder":"","display":"radiobutton","restrictions_type":"any_text","adjust_price":false,"price":"","price_type":"quantity_based","restrictions":false,"min":"0","max":"0","options":[{"label":"Pegatinas Espanhol [AMP00082]","price":"0.0000","price_type":"quantity_based","image":0,"visibility":true},{"label":"Pegatinas Franc\u00e9s [AMP00084]","price":"0.0000","price_type":"quantity_based","image":0,"visibility":true},{"label":"Pegatinas Portugues [AMP00083]","price":"0.0000","price_type":"quantity_based","image":0,"visibility":true}]},"pencil-upgrades":{"name":"Extens\u00e3o L\u00e1pis","type":"multiple_choice","position":0,"required":false,"title_format":"heading","default":"","description_enable":false,"description":"","placeholder_enable":false,"placeholder":"","display":"radiobutton","restrictions_type":"any_text","adjust_price":false,"price":"","price_type":"quantity_based","restrictions":false,"min":"0","max":"0","options":[{"label":"HP Elite X2 Active Pen [AMP00092]","price":"35.0000","price_type":"quantity_based","image":0,"visibility":true}]},"os-upgrades":{"name":"Extens\u00e3o OS","type":"multiple_choice","position":0,"required":false,"title_format":"heading","default":"","description_enable":false,"description":"","placeholder_enable":false,"placeholder":"","display":"radiobutton","restrictions_type":"any_text","adjust_price":false,"price":"","price_type":"quantity_based","restrictions":false,"min":"0","max":"0","options":[{"label":"Alterar idioma para franc\u00eas [AMP00125]","price":"0.0000","price_type":"quantity_based","image":0,"visibility":true},{"label":"Alterar idioma para ingl\u00eas [AMP00008]","price":"0.0000","price_type":"quantity_based","image":0,"visibility":true},{"label":"Alterar idioma para o portugu\u00eas [AMP00009]","price":"0.0000","price_type":"quantity_based","image":0,"visibility":true}]}},"df_price":470.69,"df_sale_price":"","df_regular_price":470.69,"df_image_link":"https:\/\/zoca.es\/wp-content\/uploads\/images\/product\/13334\/hp02905_01-300x225.jpg","_links":{"self":[{"href":"https:\/\/zoca.es\/pt-pt\/wp-json\/wp\/v2\/product\/135139","targetHints":{"allow":["GET"]}}],"collection":[{"href":"https:\/\/zoca.es\/pt-pt\/wp-json\/wp\/v2\/product"}],"about":[{"href":"https:\/\/zoca.es\/pt-pt\/wp-json\/wp\/v2\/types\/product"}],"wp:featuredmedia":[{"embeddable":true,"href":"https:\/\/zoca.es\/pt-pt\/wp-json\/wp\/v2\/media\/135118"}],"wp:attachment":[{"href":"https:\/\/zoca.es\/pt-pt\/wp-json\/wp\/v2\/media?parent=135139"}],"wp:term":[{"taxonomy":"product_brand","embeddable":true,"href":"https:\/\/zoca.es\/pt-pt\/wp-json\/wp\/v2\/product_brand?post=135139"},{"taxonomy":"product_cat","embeddable":true,"href":"https:\/\/zoca.es\/pt-pt\/wp-json\/wp\/v2\/product_cat?post=135139"},{"taxonomy":"product_tag","embeddable":true,"href":"https:\/\/zoca.es\/pt-pt\/wp-json\/wp\/v2\/product_tag?post=135139"}],"curies":[{"name":"wp","href":"https:\/\/api.w.org\/{rel}","templated":true}]}}