{"id":132887,"date":"2025-05-14T09:00:46","date_gmt":"2025-05-14T08:00:46","guid":{"rendered":"https:\/\/zoca.es\/producto\/apple-macbook-pro-171-impecable-133-recondicionado-m1-32ghz-8-gb-ram-512-gb-ssd-m2-2560x1600-pt-13291\/"},"modified":"2026-03-11T08:49:09","modified_gmt":"2026-03-11T07:49:09","slug":"apple-macbook-pro-171-impecable-133-recondicionado-m1-32ghz-8-gb-ram-512-gb-ssd-m2-2560x1600-pt-13291","status":"publish","type":"product","link":"https:\/\/zoca.es\/pt-pt\/produto\/apple-macbook-pro-171-impecable-133-recondicionado-m1-32ghz-8-gb-ram-512-gb-ssd-m2-2560x1600-pt-13291\/","title":{"rendered":"Apple MacBook Pro 17,1-Impecable 13.3&#8221; | Recondicionado | M1 3.2GHz | 8 GB RAM | 512 GB SSD M2 2560&#215;1600"},"content":{"rendered":"<p><strong>Processador<\/strong><br \/>Apple M1 3.2 GHz.<br \/><strong>Mem\u00f3ria RAM<\/strong><br \/>8 Gb. SO-DDR4 RAM<br \/><strong>Disco r\u00edgido<\/strong><br \/>512 Gb. SSD M2<br \/><strong>Cart\u00f5es<\/strong><br \/>Placa gr\u00e1fica: Apple G13G<br \/>Som: HD Audio Dolby Atmos<br \/><strong>Sistema operativo<\/strong><br \/>macOS Tahoe<br \/><strong>Portos<\/strong><br \/>2x USB-C<br \/><strong>Tela<\/strong><br \/>Retina 13.3 &#8221; 2K 16:9  \u00b7 Resolu\u00e7\u00e3o 2560&#215;1600<br \/><strong>Multim\u00eddia<\/strong><br \/>Webcam<br \/><strong>Conectividade<\/strong><br \/>WIFI<br \/>Bluetooth<br \/><strong>Espec\u00edfico laptop<\/strong><br \/>Layout do teclado Internacional (adesivos espanhol)<br \/><strong>Outros<\/strong><br \/>hR embalagens<br \/><strong>Dimens\u00f5es<\/strong><br \/>30.4&#215;21.2&#215;1.6 cm.<br \/><strong>Peso<\/strong><br \/>1.40 Kg.<br \/><strong>Especifica\u00e7\u00f5es adicionais<\/strong><br \/>O MacBook Pro 13&#8243; A2338 (2020) com chip Apple M1 \u00e9 a prova de que a pot\u00eancia e a efici\u00eancia podem andar de m\u00e3os dadas. Com o seu processador de 8 n\u00facleos de 3,2 GHz, este port\u00e1til supera em muito as gera\u00e7\u00f5es anteriores, oferecendo um desempenho ultrarr\u00e1pido e um consumo de energia otimizado. Quer trabalhe com edi\u00e7\u00e3o de v\u00eddeo, design gr\u00e1fico ou desenvolvimento de software, a sua arquitetura baseada em Apple Silicon eleva a experi\u00eancia do macOS a outro n\u00edvel. Os seus 8 GB de RAM SO-DDR4 garantem fluidez no dia-a-dia, enquanto o O SSD M.2 de 512 GB permite velocidades de carregamento e transfer\u00eancia espetaculares, mas o que realmente impressiona \u00e9 o seu ecr\u00e3 Retina de 13,3&#8243; com resolu\u00e7\u00e3o 2K (2560&#215;1600): cores vibrantes, detalhes n\u00edtidos e qualidade de imagem que transforma qualquer tarefa numa experi\u00eancia visual incr\u00edvel. A Touch Bar continua a ser um ponto diferenciador, adaptando-se de forma inteligente a cada aplica\u00e7\u00e3o para agilizar o trabalho. E com o macOS Sequoia, a integra\u00e7\u00e3o com o ecossistema Apple \u00e9 perfeita, garantindo estabilidade, seguran\u00e7a e um desempenho otimizado. O MacBook Pro A2338 \u00e9 a escolha perfeita para quem procura portabilidade sem sacrificar a pot\u00eancia. Leve, elegante e com uma autonomia surpreendente, este port\u00e1til \u00e9 o seu melhor aliado para a produtividade e criatividade, onde quer que v\u00e1. Apar\u00eancia exterior impec\u00e1vel. Pesquise em \u201c+ Fotos\u201d e caso tenha alguma d\u00favida ligue ou utilize o nosso chat para mais informa\u00e7\u00f5es ou para solicitar mais detalhes.<br \/><strong>Coment\u00e1rios<\/strong><br \/><u>TouchBar &#8211; Modelo A2338 (2020) &#8211; Cor de Cinza Espacial<\/u><\/p>\n","protected":false},"excerpt":{"rendered":"<p><strong>Apple M1 3.2 GHz.<\/strong> \u00b7 8 Gb. SO-DDR4 RAM \u00b7 512 Gb. SSD M2 \u00b7 macOS Sequoia \u00b7 Retina 13.3 &#8221; 2K 16:9 \u00b7 Resolu\u00e7\u00e3o 2560&#215;1600 \u00b7 Webcam \u00b7<br \/>\n<strong>TouchBar<\/strong> &#8211; <u>Modelo A2338 (2020) &#8211; Cor de Cinza Espacial<br \/>\n<\/u><\/p>\n","protected":false},"featured_media":132866,"template":"","meta":[],"product_brand":[3449],"product_cat":[2253,3120],"product_tag":[],"class_list":{"0":"post-132887","1":"product","2":"type-product","3":"status-publish","4":"has-post-thumbnail","6":"product_brand-apple","7":"product_cat-laptops-pt","8":"product_cat-laptops-laptops-pt","10":"first","11":"instock","12":"taxable","13":"shipping-taxable","14":"purchasable","15":"product-type-simple"},"bundled_by":[],"bundle_stock_status":"instock","bundle_stock_quantity":5,"bundle_virtual":false,"bundle_layout":"","bundle_add_to_cart_form_location":"","bundle_editable_in_cart":false,"bundle_sold_individually_context":"","bundle_item_grouping":"","bundle_min_size":"","bundle_max_size":"","bundle_price":[],"bundled_items":[],"bundle_sell_ids":[],"exclude_global_add_ons":true,"addons":{"keyboard-iso-upgrades":{"name":"Selecione idioma teclado","type":"multiple_choice","position":0,"required":false,"title_format":"heading","default":"","description_enable":false,"description":"","placeholder_enable":false,"placeholder":"","display":"radiobutton","restrictions_type":"any_text","adjust_price":false,"price":"","price_type":"quantity_based","restrictions":false,"min":"0","max":"0","options":[{"label":"Pegatinas Espanhol [AMP00082]","price":"0.0000","price_type":"quantity_based","image":0,"visibility":true},{"label":"Pegatinas Franc\u00e9s [AMP00084]","price":"0.0000","price_type":"quantity_based","image":0,"visibility":true},{"label":"Pegatinas Portugues [AMP00083]","price":"0.0000","price_type":"quantity_based","image":0,"visibility":true}]},"mouse-upgrades":{"name":"Extens\u00e3o rato","type":"multiple_choice","position":0,"required":false,"title_format":"heading","default":"","description_enable":false,"description":"","placeholder_enable":false,"placeholder":"","display":"radiobutton","restrictions_type":"any_text","adjust_price":false,"price":"","price_type":"quantity_based","restrictions":false,"min":"0","max":"0","options":[{"label":"Apple Magic Mouse 2 (A1657) [AMP00060]","price":"60.0000","price_type":"quantity_based","image":0,"visibility":true}]}},"df_price":816.75,"df_sale_price":"","df_regular_price":816.75,"df_image_link":"https:\/\/zoca.es\/wp-content\/uploads\/images\/product\/13291\/appl00570_01-300x225.jpg","_links":{"self":[{"href":"https:\/\/zoca.es\/pt-pt\/wp-json\/wp\/v2\/product\/132887","targetHints":{"allow":["GET"]}}],"collection":[{"href":"https:\/\/zoca.es\/pt-pt\/wp-json\/wp\/v2\/product"}],"about":[{"href":"https:\/\/zoca.es\/pt-pt\/wp-json\/wp\/v2\/types\/product"}],"wp:featuredmedia":[{"embeddable":true,"href":"https:\/\/zoca.es\/pt-pt\/wp-json\/wp\/v2\/media\/132866"}],"wp:attachment":[{"href":"https:\/\/zoca.es\/pt-pt\/wp-json\/wp\/v2\/media?parent=132887"}],"wp:term":[{"taxonomy":"product_brand","embeddable":true,"href":"https:\/\/zoca.es\/pt-pt\/wp-json\/wp\/v2\/product_brand?post=132887"},{"taxonomy":"product_cat","embeddable":true,"href":"https:\/\/zoca.es\/pt-pt\/wp-json\/wp\/v2\/product_cat?post=132887"},{"taxonomy":"product_tag","embeddable":true,"href":"https:\/\/zoca.es\/pt-pt\/wp-json\/wp\/v2\/product_tag?post=132887"}],"curies":[{"name":"wp","href":"https:\/\/api.w.org\/{rel}","templated":true}]}}