{"id":132596,"date":"2025-05-12T16:00:32","date_gmt":"2025-05-12T15:00:32","guid":{"rendered":"https:\/\/zoca.es\/producto\/hp-elite-x2-g4-13-recondicionado-core-i5-16ghz-16-gb-ram-256-gb-ssd-m2-1920x1280-pt-13606\/"},"modified":"2026-02-11T16:19:29","modified_gmt":"2026-02-11T15:19:29","slug":"hp-elite-x2-g4-13-recondicionado-core-i5-16ghz-16-gb-ram-256-gb-ssd-m2-1920x1280-pt-13606","status":"publish","type":"product","link":"https:\/\/zoca.es\/pt-pt\/produto\/hp-elite-x2-g4-13-recondicionado-core-i5-16ghz-16-gb-ram-256-gb-ssd-m2-1920x1280-pt-13606\/","title":{"rendered":"HP Elite X2 G4 13&#8221; | Recondicionado | Core i5 1.6GHz | 16 GB RAM | 256 GB SSD M2 1920&#215;1280"},"content":{"rendered":"<p><strong>Processador<\/strong><br \/>Intel Core i5 8265U 1.6 GHz.<br \/><strong>Mem\u00f3ria RAM<\/strong><br \/>16 Gb. SO-DDR3 RAM<br \/><strong>Disco r\u00edgido<\/strong><br \/>256 Gb. SSD M2<br \/><strong>Cart\u00f5es<\/strong><br \/>Placa gr\u00e1fica: Intel Graphics 620<br \/>Som: Audio Bang &amp; Olufsen<br \/><strong>Sistema operativo<\/strong><br \/>Windows 11 Pro<br \/><strong>Portos<\/strong><br \/>3x USB-C<br \/><strong>Tela<\/strong><br \/>T\u00e1til 13 &#8221; FullHD 16:10  \u00b7 Resolu\u00e7\u00e3o 1920&#215;1280<br \/><strong>Multim\u00eddia<\/strong><br \/>Webcam<br \/>Leitor impress\u00f5es digitais<br \/>C\u00e2mera traseira<br \/>C\u00e2mera frontal<br \/><strong>Conectividade<\/strong><br \/>WIFI<br \/>Bluetooth<br \/>4G<br \/><strong>Outros<\/strong><br \/>hR embalagens<br \/><strong>Dimens\u00f5es<\/strong><br \/>29&#215;22.5&#215;2 cm.<br \/><strong>Peso<\/strong><br \/>1.15 Kg.<br \/><strong>Especifica\u00e7\u00f5es adicionais<\/strong><br \/>Pot\u00eancia, portabilidade e produtividade unem-se no HP Elite x2 G4, um descapot\u00e1vel premium concebido para profissionais exigentes. Equipado com um processador Intel Core i5-8265U de 1,6 GHz, 16 GB de RAM SO-DDR3 e um r\u00e1pido SSD M. 2 de 256 GB, este dispositivo oferece um desempenho responsivo para aplica\u00e7\u00f5es multitarefa, empresariais e navega\u00e7\u00e3o sem problemas. O seu ecr\u00e3 t\u00e1til Full HD de 13 polegadas (1920&#215;1280, 16:10) proporciona uma experi\u00eancia visual envolvente com mais espa\u00e7o vertical, ideal para produtividade. Al\u00e9m disso, vem com o Windows 11 Pro, otimizado para ambientes profissionais e seguro desde o in\u00edcio.<br \/>Boa apar\u00eancia exterior. D\u00ea uma vista de olhos a \u201c+ Fotos\u201d e se tiver alguma d\u00favida, ligue-nos ou utilize o nosso chat para obter mais informa\u00e7\u00f5es ou solicitar mais detalhes.<\/p>\n","protected":false},"excerpt":{"rendered":"<p>Intel Core i5 8265U 1.6 GHz. \u00b7 16 Gb. SO-DDR3 RAM \u00b7 256 Gb. SSD M2 \u00b7 <strong>Windows 11 Pro<\/strong> \u00b7 <u>T\u00e1til 13 &#8221; FullHD 16:10 \u00b7sem teclado<\/u><\/p>\n","protected":false},"featured_media":132578,"template":"","meta":[],"product_brand":[3453],"product_cat":[3111,2301],"product_tag":[],"class_list":{"0":"post-132596","1":"product","2":"type-product","3":"status-publish","4":"has-post-thumbnail","6":"product_brand-hp","7":"product_cat-tablets-tablets-pt","8":"product_cat-tablets-pt","10":"first","11":"outofstock","12":"taxable","13":"shipping-taxable","14":"purchasable","15":"product-type-simple"},"bundled_by":[],"bundle_stock_status":"outofstock","bundle_stock_quantity":0,"bundle_virtual":false,"bundle_layout":"","bundle_add_to_cart_form_location":"","bundle_editable_in_cart":false,"bundle_sold_individually_context":"","bundle_item_grouping":"","bundle_min_size":"","bundle_max_size":"","bundle_price":[],"bundled_items":[],"bundle_sell_ids":[],"exclude_global_add_ons":[],"addons":[],"df_price":319.44,"df_sale_price":"","df_regular_price":319.44,"df_image_link":"https:\/\/zoca.es\/wp-content\/uploads\/images\/product\/13606\/hp03005_01-300x225.jpg","_links":{"self":[{"href":"https:\/\/zoca.es\/pt-pt\/wp-json\/wp\/v2\/product\/132596","targetHints":{"allow":["GET"]}}],"collection":[{"href":"https:\/\/zoca.es\/pt-pt\/wp-json\/wp\/v2\/product"}],"about":[{"href":"https:\/\/zoca.es\/pt-pt\/wp-json\/wp\/v2\/types\/product"}],"wp:featuredmedia":[{"embeddable":true,"href":"https:\/\/zoca.es\/pt-pt\/wp-json\/wp\/v2\/media\/132578"}],"wp:attachment":[{"href":"https:\/\/zoca.es\/pt-pt\/wp-json\/wp\/v2\/media?parent=132596"}],"wp:term":[{"taxonomy":"product_brand","embeddable":true,"href":"https:\/\/zoca.es\/pt-pt\/wp-json\/wp\/v2\/product_brand?post=132596"},{"taxonomy":"product_cat","embeddable":true,"href":"https:\/\/zoca.es\/pt-pt\/wp-json\/wp\/v2\/product_cat?post=132596"},{"taxonomy":"product_tag","embeddable":true,"href":"https:\/\/zoca.es\/pt-pt\/wp-json\/wp\/v2\/product_tag?post=132596"}],"curies":[{"name":"wp","href":"https:\/\/api.w.org\/{rel}","templated":true}]}}