{"id":131909,"date":"2025-05-06T13:05:42","date_gmt":"2025-05-06T12:05:42","guid":{"rendered":"https:\/\/zoca.es\/producto\/hp-z24n-24-ips-1610-recondicionado-1920x1200-pt-13535\/"},"modified":"2026-03-30T14:57:30","modified_gmt":"2026-03-30T13:57:30","slug":"hp-z24n-24-ips-1610-recondicionado-1920x1200-pt-13535","status":"publish","type":"product","link":"https:\/\/zoca.es\/pt-pt\/produto\/hp-z24n-24-ips-1610-recondicionado-1920x1200-pt-13535\/","title":{"rendered":"HP Z24n 24&#8221; IPS 16:10 | Recondicionado | 1920&#215;1200"},"content":{"rendered":"<p><strong>Tela<\/strong><br \/>IPS 24 &#8221; FullHD 16:10 \u00b7 Resolu\u00e7\u00e3o 1920&#215;1200<br \/>Dot pitch 0.270 mm<br \/>Resposta 7 ms<br \/>Contraste 1000:1<br \/>Brilho 300 cd\/m2<br \/>\u00c2ngulo vis\u00e3o 178\u00b0v\/178\u00b0h<br \/><strong>Portas de v\u00eddeo<\/strong><br \/>HDMI<br \/>Display Port<br \/>Mini Display Port<br \/>DVI<br \/><strong>Espec\u00edfico tela<\/strong><br \/>Apoio VESA<br \/>Pedestal<br \/>Regul\u00e1vel em altura<br \/><strong>Outros<\/strong><br \/>hR embalagens<br \/><strong>Dimens\u00f5es<\/strong><br \/>53.5&#215;39.5&#215;21 cm.<br \/><strong>Peso<\/strong><br \/>5.75 Kg.<br \/><strong>Especifica\u00e7\u00f5es adicionais<\/strong><br \/>O HP Z24n \u00e9 um monitor profissional de 24 polegadas que se destaca pela propor\u00e7\u00e3o de 16:10 e pela resolu\u00e7\u00e3o melhorada de 1920&#215;1200, ideal para quem necessita de um ambiente de trabalho vertical maior sem abdicar da nitidez. Gra\u00e7as ao seu painel IPS, oferece cores precisas e consistentes a partir de qualquer \u00e2ngulo (178\u00b0\/178\u00b0), com um brilho de 300 cd\/m\u00b2, um contraste de 1000:1 e um passo de ponto de 0,270 mm que garantem uma visualiza\u00e7\u00e3o n\u00edtida e confort\u00e1vel mesmo durante sess\u00f5es prolongadas.Concebida para ambientes exigentes, a HP Z24n apresenta uma conectividade avan\u00e7ada, incluindo HDMI, DisplayPort, Mini DisplayPort, DVI e quatro portas USB 3.0 para uma integra\u00e7\u00e3o flex\u00edvel com v\u00e1rios dispositivos e perif\u00e9ricos. O seu tempo de resposta de 7 ms garante um desempenho suave para tarefas com uso intensivo de gr\u00e1ficos, edi\u00e7\u00e3o ou multitarefa.O HP Z24n \u00e9 a escolha perfeita para profissionais que procuram precis\u00e3o, ergonomia e conectividade abrangente num monitor dur\u00e1vel e fi\u00e1vel, otimizado para ambientes de trabalho de alto desempenho.Boa apar\u00eancia exterior. D\u00ea uma vista de olhos a \u201c+ Fotos\u201d e se tiver alguma d\u00favida, ligue-nos ou utilize o nosso chat para obter mais informa\u00e7\u00f5es ou solicitar mais detalhes.<br \/><strong>Coment\u00e1rios<\/strong><br \/><u>4xUSB 3.0 &#8211; Cabo de alimenta\u00e7\u00e3o e DisplayPort inclu\u00eddos<\/u><\/p>\n","protected":false},"excerpt":{"rendered":"<p>IPS 24 &#8221; FullHD 16:10\u00b7 Dot pitch 0.270 mm \u00b7 Resposta 7 ms \u00b7 Contraste 1000:1 \u00b7 Brilho 300 cd\/m2\u00b7 HDMI \u00b7 Display Port \u00b7 Mini Display Port \u00b7 DVI \u00b7<br \/>\n<u>4xUSB 3.0<\/u> &#8211; <u>Cabo de alimenta\u00e7\u00e3o e DisplayPort inclu\u00eddos<br \/>\n<\/u><\/p>\n","protected":false},"featured_media":131879,"template":"","meta":[],"product_brand":[3453],"product_cat":[2236,3126],"product_tag":[],"class_list":{"0":"post-131909","1":"product","2":"type-product","3":"status-publish","4":"has-post-thumbnail","6":"product_brand-hp","7":"product_cat-monitores-pt","8":"product_cat-monitores-monitores-pt","10":"first","11":"instock","12":"taxable","13":"shipping-taxable","14":"purchasable","15":"product-type-simple"},"bundled_by":[],"bundle_stock_status":"instock","bundle_stock_quantity":2,"bundle_virtual":false,"bundle_layout":"","bundle_add_to_cart_form_location":"","bundle_editable_in_cart":false,"bundle_sold_individually_context":"","bundle_item_grouping":"","bundle_min_size":"","bundle_max_size":"","bundle_price":[],"bundled_items":[],"bundle_sell_ids":[],"exclude_global_add_ons":true,"addons":{"webcam-upgrades":{"name":"Extens\u00e3o Webcam","type":"multiple_choice","position":0,"required":false,"title_format":"heading","default":"","description_enable":false,"description":"","placeholder_enable":false,"placeholder":"","display":"radiobutton","restrictions_type":"any_text","adjust_price":false,"price":"","price_type":"quantity_based","restrictions":false,"min":"0","max":"0","options":[{"label":"Conceptronic AMDIS FullHD [AMP00085]","price":"29.0000","price_type":"quantity_based","image":0,"visibility":true}]},"hdmi-upgrades":{"name":"Extens\u00e3o cabo","type":"multiple_choice","position":0,"required":false,"title_format":"heading","default":"","description_enable":false,"description":"","placeholder_enable":false,"placeholder":"","display":"radiobutton","restrictions_type":"any_text","adjust_price":false,"price":"","price_type":"quantity_based","restrictions":false,"min":"0","max":"0","options":[{"label":"Cabo HDMI 2 mts. [AMP00104]","price":"6.0000","price_type":"quantity_based","image":0,"visibility":true},{"label":"Cabo DVI-D M \/ M Dual Link 1,8 mts. [AMP00102]","price":"2.0000","price_type":"quantity_based","image":0,"visibility":true}]}},"df_price":108.9,"df_sale_price":"","df_regular_price":108.9,"df_image_link":"https:\/\/zoca.es\/wp-content\/uploads\/images\/product\/13535\/hp02983_01-300x225.jpg","_links":{"self":[{"href":"https:\/\/zoca.es\/pt-pt\/wp-json\/wp\/v2\/product\/131909","targetHints":{"allow":["GET"]}}],"collection":[{"href":"https:\/\/zoca.es\/pt-pt\/wp-json\/wp\/v2\/product"}],"about":[{"href":"https:\/\/zoca.es\/pt-pt\/wp-json\/wp\/v2\/types\/product"}],"wp:featuredmedia":[{"embeddable":true,"href":"https:\/\/zoca.es\/pt-pt\/wp-json\/wp\/v2\/media\/131879"}],"wp:attachment":[{"href":"https:\/\/zoca.es\/pt-pt\/wp-json\/wp\/v2\/media?parent=131909"}],"wp:term":[{"taxonomy":"product_brand","embeddable":true,"href":"https:\/\/zoca.es\/pt-pt\/wp-json\/wp\/v2\/product_brand?post=131909"},{"taxonomy":"product_cat","embeddable":true,"href":"https:\/\/zoca.es\/pt-pt\/wp-json\/wp\/v2\/product_cat?post=131909"},{"taxonomy":"product_tag","embeddable":true,"href":"https:\/\/zoca.es\/pt-pt\/wp-json\/wp\/v2\/product_tag?post=131909"}],"curies":[{"name":"wp","href":"https:\/\/api.w.org\/{rel}","templated":true}]}}