{"id":130875,"date":"2025-04-22T12:54:48","date_gmt":"2025-04-22T11:54:53","guid":{"rendered":"https:\/\/zoca.es\/producto\/hp-z2-g3-workstation-mini-recondicionado-core-i5-34ghz-16-gb-ram-250-gb-ssd-pt-13549\/"},"modified":"2025-04-22T12:54:53","modified_gmt":"2025-04-22T11:54:53","slug":"hp-z2-g3-workstation-mini-recondicionado-core-i5-34ghz-16-gb-ram-250-gb-ssd-pt-13549","status":"publish","type":"product","link":"https:\/\/zoca.es\/pt-pt\/produto\/hp-z2-g3-workstation-mini-recondicionado-core-i5-34ghz-16-gb-ram-250-gb-ssd-pt-13549\/","title":{"rendered":"HP Z2 G3 WorkStation Mini | Recondicionado | Core i5 3.4GHz | 16 GB RAM | 250 GB SSD"},"content":{"rendered":"<p><strong>Processador<\/strong><br \/>Intel Core i5 7500 3.4 GHz.<br \/><strong>Fator de forma<\/strong><br \/>Mini<br \/><strong>Mem\u00f3ria RAM<\/strong><br \/>16 Gb. SO-DDR4 RAM<br \/><strong>Disco r\u00edgido<\/strong><br \/>250 Gb. SSD<br \/><strong>Cart\u00f5es<\/strong><br \/>Placa gr\u00e1fica: Intel Graphics 630<br \/>Som: Realtek HDA<br \/>Network: Intel I219-LM<br \/><strong>Sistema operativo<\/strong><br \/>Windows 10 Pro<br \/><strong>Portos<\/strong><br \/>4x USB 3.0<br \/><strong>Portas de v\u00eddeo<\/strong><br \/>3x Display Port<br \/><strong>Conectividade<\/strong><br \/>RJ-45<br \/><strong>Outros<\/strong><br \/>hR embalagens<br \/><strong>Dimens\u00f5es<\/strong><br \/>21.8&#215;21.8&#215;6 cm.<br \/><strong>Peso<\/strong><br \/>2.00 Kg.<br \/><strong>Especifica\u00e7\u00f5es adicionais<\/strong><br \/>A WorkStation Mini HP Z2 G3 prova que o desempenho profissional n\u00e3o compromete o tamanho. Equipado com um processador Intel Core i5-7500 de 3,4 GHz e 16 GB de mem\u00f3ria SO-DDR4, oferece um desempenho suave para tarefas avan\u00e7adas de escrit\u00f3rio, design leve, desenvolvimento e gest\u00e3o de projetos. O seu SSD de 250 GB garante arranques r\u00e1pidos, carregamento eficiente e uma experi\u00eancia de utilizador suave e est\u00e1vel em todos os momentos. Com o suporte para armazenamento M. 2 2280, pode facilmente expandir a capacidade se o seu fluxo de trabalho o exigir. Com o Windows 10 Pro e o TPM 2.0, est\u00e1 preparado para ambientes empresariais que exijam seguran\u00e7a e compatibilidade. O Z2 G3 Mini \u00e9 a escolha perfeita para quem precisa de um computador profissional, silencioso, de baixo consumo, que n\u00e3o ocupe espa\u00e7o e que esteja sempre pronto a funcionar.Boa apar\u00eancia exterior. Pode apresentar ligeiros sinais de uso na caixa. Consulte &#8220;+ Fotos&#8221; e &#8220;V\u00eddeo&#8221; e, se tiver alguma d\u00favida, ligue-nos ou utilize o nosso chat para obter mais informa\u00e7\u00f5es ou solicitar mais detalhes.<br \/><strong>Coment\u00e1rios<\/strong><br \/><u>1xM.2 2280 para armazenamento<\/u><\/p>\n","protected":false},"excerpt":{"rendered":"<p>Intel Core i5 7500 3.4 GHz. \u00b7 16 Gb. SO-DDR4 RAM \u00b7 250 Gb. SSD \u00b7 Windows 10 Pro \u00b7<br \/>\n<u>1xM.2 2280 para armazenamento<br \/>\n<\/u><\/p>\n","protected":false},"featured_media":130854,"template":"","meta":[],"product_brand":[3453],"product_cat":[2218,2221,2227],"product_tag":[],"class_list":{"0":"post-130875","1":"product","2":"type-product","3":"status-publish","4":"has-post-thumbnail","6":"product_brand-hp","7":"product_cat-computadores-pt","8":"product_cat-computadores-workstations-pt","9":"product_cat-computadores-mini-pt","11":"first","12":"outofstock","13":"taxable","14":"shipping-taxable","15":"purchasable","16":"product-type-simple"},"bundled_by":[],"bundle_stock_status":"outofstock","bundle_stock_quantity":0,"bundle_virtual":false,"bundle_layout":"","bundle_add_to_cart_form_location":"","bundle_editable_in_cart":false,"bundle_sold_individually_context":"","bundle_item_grouping":"","bundle_min_size":"","bundle_max_size":"","bundle_price":[],"bundled_items":[],"bundle_sell_ids":[],"exclude_global_add_ons":true,"addons":{"webcam-upgrades":{"name":"Extens\u00e3o Webcam","type":"multiple_choice","position":0,"required":false,"title_format":"heading","default":"","description_enable":false,"description":"","placeholder_enable":false,"placeholder":"","display":"radiobutton","restrictions_type":"any_text","adjust_price":false,"price":"","price_type":"quantity_based","restrictions":false,"min":"0","max":"0","options":[{"label":"Conceptronic AMDIS FullHD [AMP00085]","price":"29.0000","price_type":"quantity_based","image":0,"visibility":true}]},"ram-memory-upgrades":{"name":"Extens\u00e3o RAM","type":"multiple_choice","position":0,"required":false,"title_format":"heading","default":"","description_enable":false,"description":"","placeholder_enable":false,"placeholder":"","display":"radiobutton","restrictions_type":"any_text","adjust_price":false,"price":"","price_type":"quantity_based","restrictions":false,"min":"0","max":"0","options":[{"label":"Extens\u00e3o SODIM RAM 32 Gb [AMP00098]","price":"70.0000","price_type":"quantity_based","image":0,"visibility":true}]},"hdd-upgrades":{"name":"Extens\u00e3o disco r\u00edgido","type":"multiple_choice","position":0,"required":false,"title_format":"heading","default":"","description_enable":false,"description":"","placeholder_enable":false,"placeholder":"","display":"radiobutton","restrictions_type":"any_text","adjust_price":false,"price":"","price_type":"quantity_based","restrictions":false,"min":"0","max":"0","options":[{"label":"Cambio a Disco SSD 480 Gb. [AMP00014]","price":"49.0000","price_type":"quantity_based","image":0,"visibility":true},{"label":"Cambio a Disco SSD 1 Tb. [AMP00071]","price":"69.0000","price_type":"quantity_based","image":0,"visibility":true},{"label":"Cambio a Disco SSD 500 Gb. M.2 2280 PCIe [AMP00106]","price":"65.0000","price_type":"quantity_based","image":0,"visibility":true},{"label":"Cambio a Disco SSD 1 Tb. M.2 2280 PCIe [AMP00107]","price":"110.0000","price_type":"quantity_based","image":0,"visibility":true},{"label":"SSD adicional de 500 Gb. M.2 2280 PCIe [AMP00108]","price":"65.0000","price_type":"quantity_based","image":0,"visibility":true},{"label":"Disco SSD de 1 TB. M.2 2280 PCIe Adicional [AMP00109]","price":"110.0000","price_type":"quantity_based","image":0,"visibility":true}]},"network-card-upgrades":{"name":"Extens\u00e3o WIFI","type":"multiple_choice","position":0,"required":false,"title_format":"heading","default":"","description_enable":false,"description":"","placeholder_enable":false,"placeholder":"","display":"radiobutton","restrictions_type":"any_text","adjust_price":false,"price":"","price_type":"quantity_based","restrictions":false,"min":"0","max":"0","options":[{"label":"Ampliaci\u00f3n a Wireless nano USB [AMP00018]","price":"12.0000","price_type":"quantity_based","image":0,"visibility":true}]},"os-upgrades":{"name":"Extens\u00e3o OS","type":"multiple_choice","position":0,"required":false,"title_format":"heading","default":"","description_enable":false,"description":"","placeholder_enable":false,"placeholder":"","display":"radiobutton","restrictions_type":"any_text","adjust_price":false,"price":"","price_type":"quantity_based","restrictions":false,"min":"0","max":"0","options":[{"label":"Alterar idioma para franc\u00eas [AMP00125]","price":"0.0000","price_type":"quantity_based","image":0,"visibility":true},{"label":"Alterar idioma para ingl\u00eas [AMP00008]","price":"0.0000","price_type":"quantity_based","image":0,"visibility":true},{"label":"Alterar idioma para o portugu\u00eas [AMP00009]","price":"0.0000","price_type":"quantity_based","image":0,"visibility":true}]},"keyboard-upgrades":{"name":"Extens\u00e3o teclado","type":"multiple_choice","position":0,"required":false,"title_format":"heading","default":"","description_enable":false,"description":"","placeholder_enable":false,"placeholder":"","display":"radiobutton","restrictions_type":"any_text","adjust_price":false,"price":"","price_type":"quantity_based","restrictions":false,"min":"0","max":"0","options":[{"label":"Teclado e Mouse [AMP00020]","price":"8.0000","price_type":"quantity_based","image":0,"visibility":true},{"label":"Teclado e Mouse Portugu\u00e9s Nuevo [AMP00088]","price":"15.0000","price_type":"quantity_based","image":0,"visibility":true},{"label":"Teclado e mouse USB em espanhol (Novo) [AMP00068]","price":"12.0000","price_type":"quantity_based","image":0,"visibility":true}]}},"df_price":239.58,"df_sale_price":"","df_regular_price":239.58,"df_image_link":"https:\/\/zoca.es\/wp-content\/uploads\/images\/product\/13549\/hp02992_01-300x225.jpg","_links":{"self":[{"href":"https:\/\/zoca.es\/pt-pt\/wp-json\/wp\/v2\/product\/130875","targetHints":{"allow":["GET"]}}],"collection":[{"href":"https:\/\/zoca.es\/pt-pt\/wp-json\/wp\/v2\/product"}],"about":[{"href":"https:\/\/zoca.es\/pt-pt\/wp-json\/wp\/v2\/types\/product"}],"wp:featuredmedia":[{"embeddable":true,"href":"https:\/\/zoca.es\/pt-pt\/wp-json\/wp\/v2\/media\/130854"}],"wp:attachment":[{"href":"https:\/\/zoca.es\/pt-pt\/wp-json\/wp\/v2\/media?parent=130875"}],"wp:term":[{"taxonomy":"product_brand","embeddable":true,"href":"https:\/\/zoca.es\/pt-pt\/wp-json\/wp\/v2\/product_brand?post=130875"},{"taxonomy":"product_cat","embeddable":true,"href":"https:\/\/zoca.es\/pt-pt\/wp-json\/wp\/v2\/product_cat?post=130875"},{"taxonomy":"product_tag","embeddable":true,"href":"https:\/\/zoca.es\/pt-pt\/wp-json\/wp\/v2\/product_tag?post=130875"}],"curies":[{"name":"wp","href":"https:\/\/api.w.org\/{rel}","templated":true}]}}