{"id":130704,"date":"2025-04-15T09:41:25","date_gmt":"2025-04-15T08:41:25","guid":{"rendered":"https:\/\/zoca.es\/producto\/dell-7450-aio-238-tactil-recondicionado-pt-13526\/"},"modified":"2026-04-06T16:33:07","modified_gmt":"2026-04-06T15:33:07","slug":"dell-7450-aio-238-tactil-recondicionado-pt-13526","status":"publish","type":"product","link":"https:\/\/zoca.es\/pt-pt\/produto\/dell-7450-aio-238-tactil-recondicionado-pt-13526\/","title":{"rendered":"Dell 7450 AIO 23,8&#8243; T\u00e1ctil | Recondicionado"},"content":{"rendered":"<p><strong>Processador<\/strong><br \/>Intel Core i5 7500 3.2 GHz. [TPM 2.0]<br \/><strong>Fator de forma<\/strong><br \/>AIO<br \/><strong>Mem\u00f3ria RAM<\/strong><br \/>8 Gb. SO-DDR4 RAM<br \/><strong>Disco r\u00edgido<\/strong><br \/>256 Gb. SSD M2<br \/><strong>Drive \u00f3ptico<\/strong><br \/>DVD-RW<br \/><strong>Cart\u00f5es<\/strong><br \/>Placa gr\u00e1fica: AMD Radeon R9 M360 4GB GDDR5<br \/>Som: High Definition Audio<br \/>Network: Intel Ethernet Connection I219-LM<br \/><strong>Sistema operativo<\/strong><br \/>Windows 10 Pro<br \/><strong>Portos<\/strong><br \/>2x USB 2.0<br \/>5x USB 3.0<br \/>USB-C<br \/><strong>Tela<\/strong><br \/>T\u00e1til 23.8 &#8221; 4K com Alto-falantes \u00b7 16:9 \u00b7 Resolu\u00e7\u00e3o 3840&#215;2160<br \/><strong>Portas de v\u00eddeo<\/strong><br \/>HDMI<br \/>Display Port<br \/><strong>Multim\u00eddia<\/strong><br \/>Webcam<br \/>Leitor SD<br \/><strong>Espec\u00edfico tela<\/strong><br \/>Apoio VESA<br \/><strong>Conectividade<\/strong><br \/>RJ-45<br \/><strong>Outros<\/strong><br \/>hR embalagens<br \/><strong>Dimens\u00f5es<\/strong><br \/>45x57x22 cm.<br \/><strong>Peso<\/strong><br \/>9.50 Kg.<br \/><strong>Especifica\u00e7\u00f5es adicionais:<\/strong><br \/>O Dell OptiPlex 7450 AIO combina pot\u00eancia profissional com design tudo-em-um. Conta com um processador Intel Core i5 7500 de 3,2 GHz, 8 GB de RAM DDR4 e um r\u00e1pido SSD M. 2 de 256 GB, proporcionando um desempenho suave em ambientes profissionais exigentes. O seu ecr\u00e3 t\u00e1ctil 4K (3840&#215;2160) de 23,8&#8243; proporciona uma experi\u00eancia visual cristalina, ideal para design, edi\u00e7\u00e3o ou tarefas multim\u00e9dia. Inclui uma placa gr\u00e1fica AMD Radeon R9 M360 4GB GDDR5 dedicada, perfeita para tarefas gr\u00e1ficas e conte\u00fado visual avan\u00e7ado. Possui colunas integradas, uma unidade de DVD-RW, conectividade vers\u00e1til e Windows 10 Pro pr\u00e9-instalado. O seu design limpo poupa espa\u00e7o sem comprometer a pot\u00eancia ou a conectividade. O seu exterior atraente tem um aspeto incr\u00edvel. Consulte &#8220;+ Fotos&#8221; e &#8220;V\u00eddeo&#8221; e, se tiver alguma d\u00favida, ligue-nos ou utilize o nosso chat para obter mais informa\u00e7\u00f5es ou solicitar mais detalhes.<\/p>\n","protected":false},"excerpt":{"rendered":"<p>Intel Core i5 7500 3.2 GHz.\u00b7 8 Gb. SO-DDR4 RAM \u00b7 256 Gb. SSD M2 \u00b7 DVD-RW \u00b7 Windows 10 Pro \u00b7 <strong>T\u00e1til 23.8 &#8221; 4K com Alto-falantes16:9<\/strong> \u00b7<strong>AMD Radeon R9 M360 4GB GDDR5<\/strong>\u00b7 <u>Teclado e rato inclu\u00eddos<\/u><\/p>\n","protected":false},"featured_media":130674,"template":"","meta":[],"product_brand":[3445],"product_cat":[2224,2218],"product_tag":[3289,3296],"class_list":{"0":"post-130704","1":"product","2":"type-product","3":"status-publish","4":"has-post-thumbnail","6":"product_brand-dell","7":"product_cat-computadores-all-in-one-pt","8":"product_cat-computadores-pt","9":"product_tag-black-15","10":"product_tag-navidad","12":"first","13":"instock","14":"taxable","15":"shipping-taxable","16":"purchasable","17":"product-type-simple"},"bundled_by":[],"bundle_stock_status":"instock","bundle_stock_quantity":10,"bundle_virtual":false,"bundle_layout":"","bundle_add_to_cart_form_location":"","bundle_editable_in_cart":false,"bundle_sold_individually_context":"","bundle_item_grouping":"","bundle_min_size":"","bundle_max_size":"","bundle_price":[],"bundled_items":[],"bundle_sell_ids":[],"exclude_global_add_ons":true,"addons":{"ram-memory-upgrades":{"name":"Extens\u00e3o RAM","type":"multiple_choice","position":0,"required":false,"title_format":"heading","default":"","description_enable":false,"description":"","placeholder_enable":false,"placeholder":"","display":"radiobutton","restrictions_type":"any_text","adjust_price":false,"price":"","price_type":"quantity_based","restrictions":false,"min":"0","max":"0","options":[{"label":"Extens\u00e3o SO-DIMM RAM 16 Gb DDR4 [AMP00081]","price":"60.0000","price_type":"quantity_based","image":0,"visibility":true}]},"hdd-upgrades":{"name":"Extens\u00e3o disco r\u00edgido","type":"multiple_choice","position":0,"required":false,"title_format":"heading","default":"","description_enable":false,"description":"","placeholder_enable":false,"placeholder":"","display":"radiobutton","restrictions_type":"any_text","adjust_price":false,"price":"","price_type":"quantity_based","restrictions":false,"min":"0","max":"0","options":[{"label":"Cambio a Disco SSD 1 Tb. M.2 2280 PCIe [AMP00107]","price":"165.0000","price_type":"quantity_based","image":0,"visibility":true},{"label":"Cambio a Disco SSD 500 Gb. M.2 2280 PCIe [AMP00106]","price":"110.0000","price_type":"quantity_based","image":0,"visibility":true}]},"network-card-upgrades":{"name":"Extens\u00e3o WIFI","type":"multiple_choice","position":0,"required":false,"title_format":"heading","default":"","description_enable":false,"description":"","placeholder_enable":false,"placeholder":"","display":"radiobutton","restrictions_type":"any_text","adjust_price":false,"price":"","price_type":"quantity_based","restrictions":false,"min":"0","max":"0","options":[{"label":"Ampliaci\u00f3n a Wireless nano USB [AMP00018]","price":"12.0000","price_type":"quantity_based","image":0,"visibility":true}]},"os-upgrades":{"name":"Extens\u00e3o OS","type":"multiple_choice","position":0,"required":false,"title_format":"heading","default":"","description_enable":false,"description":"","placeholder_enable":false,"placeholder":"","display":"radiobutton","restrictions_type":"any_text","adjust_price":false,"price":"","price_type":"quantity_based","restrictions":false,"min":"0","max":"0","options":[{"label":"Alterar idioma para franc\u00eas [AMP00125]","price":"0.0000","price_type":"quantity_based","image":0,"visibility":true},{"label":"Alterar idioma para ingl\u00eas [AMP00008]","price":"0.0000","price_type":"quantity_based","image":0,"visibility":true},{"label":"Alterar idioma para o portugu\u00eas [AMP00009]","price":"0.0000","price_type":"quantity_based","image":0,"visibility":true}]}},"df_price":411.4,"df_sale_price":"","df_regular_price":411.4,"df_image_link":"https:\/\/zoca.es\/wp-content\/uploads\/images\/product\/13526\/dell01437_01-300x225.jpg","_links":{"self":[{"href":"https:\/\/zoca.es\/pt-pt\/wp-json\/wp\/v2\/product\/130704","targetHints":{"allow":["GET"]}}],"collection":[{"href":"https:\/\/zoca.es\/pt-pt\/wp-json\/wp\/v2\/product"}],"about":[{"href":"https:\/\/zoca.es\/pt-pt\/wp-json\/wp\/v2\/types\/product"}],"wp:featuredmedia":[{"embeddable":true,"href":"https:\/\/zoca.es\/pt-pt\/wp-json\/wp\/v2\/media\/130674"}],"wp:attachment":[{"href":"https:\/\/zoca.es\/pt-pt\/wp-json\/wp\/v2\/media?parent=130704"}],"wp:term":[{"taxonomy":"product_brand","embeddable":true,"href":"https:\/\/zoca.es\/pt-pt\/wp-json\/wp\/v2\/product_brand?post=130704"},{"taxonomy":"product_cat","embeddable":true,"href":"https:\/\/zoca.es\/pt-pt\/wp-json\/wp\/v2\/product_cat?post=130704"},{"taxonomy":"product_tag","embeddable":true,"href":"https:\/\/zoca.es\/pt-pt\/wp-json\/wp\/v2\/product_tag?post=130704"}],"curies":[{"name":"wp","href":"https:\/\/api.w.org\/{rel}","templated":true}]}}