{"id":130293,"date":"2025-04-09T15:49:40","date_gmt":"2025-04-09T14:49:40","guid":{"rendered":"https:\/\/zoca.es\/producto\/flytech-k936-c73-156-aio-recondicionado-celeron-14ghz-4-gb-ram-320-gb-hdd-pt-13509\/"},"modified":"2026-02-25T09:39:31","modified_gmt":"2026-02-25T08:39:31","slug":"flytech-k936-c73-156-aio-recondicionado-celeron-14ghz-4-gb-ram-320-gb-hdd-pt-13509","status":"publish","type":"product","link":"https:\/\/zoca.es\/pt-pt\/produto\/flytech-k936-c73-156-aio-recondicionado-celeron-14ghz-4-gb-ram-320-gb-hdd-pt-13509\/","title":{"rendered":"Flytech K936-C73 15.6&#8221; AIO | Recondicionado | Celeron 1.4GHz | 4 GB RAM | 320 GB HDD"},"content":{"rendered":"<p><strong>Processador<\/strong><br \/>Intel Celeron 1047UE 1.4 GHz.<br \/><strong>Fator de forma<\/strong><br \/>AIO<br \/><strong>Mem\u00f3ria RAM<\/strong><br \/>4 Gb. SO-DDR3 RAM<br \/><strong>Disco r\u00edgido<\/strong><br \/>320 Gb. SATA<br \/><strong>Cart\u00f5es<\/strong><br \/>Placa gr\u00e1fica: intel HD Graphics<br \/>Som: Realtek ALC662-GR HD<br \/>Network: Ethernet Gigabit<br \/><strong>Sistema operativo<\/strong><br \/>Windows 10 Pro<br \/><strong>Portos<\/strong><br \/>3x USB 2.0<br \/>2x USB 3.0<br \/><strong>Tela<\/strong><br \/>Led 15.6 &#8221; HD com Alto-falantes \u00b7  16:9  \u00b7 Resolu\u00e7\u00e3o 1366&#215;768<br \/><strong>Portas de v\u00eddeo<\/strong><br \/>DVI<br \/><strong>Multim\u00eddia<\/strong><br \/>Webcam<br \/><strong>Espec\u00edfico tela<\/strong><br \/>Apoio VESA<br \/>Tens\u00e3o fonte alimenta\u00e7\u00e3o externa 12V<br \/><strong>Conectividade<\/strong><br \/>2x RJ-45<br \/><strong>Outros<\/strong><br \/>hR embalagens<br \/><strong>Dimens\u00f5es<\/strong><br \/>39&#215;29.7&#215;5.5 cm.<br \/><strong>Peso<\/strong><br \/>4.00 Kg.<br \/><strong>Especifica\u00e7\u00f5es adicionais<\/strong><br \/><b>Principais caracter\u00edsticas:<\/b><br \/>Ecr\u00e3 t\u00e1til f\u00e1cil de usar.<br \/>Habita\u00e7\u00e3o com tratamento antimicrobiano.<br \/>Funcionamento silencioso (sem ventoinha).<br \/>Montagem flex\u00edvel: compat\u00edvel com bra\u00e7o articulado ou montagem VESA.<br \/>Preparado para ambientes que exijam higiene e fiabilidade.<br \/>Ideal para integra\u00e7\u00e3o em solu\u00e7\u00f5es HIS, LIS, PACS ou plataformas personalizadas.<br \/><b>Setores de utiliza\u00e7\u00e3o:<\/b><br \/>Ponto de venda (PDV)<br \/>Quiosques interativos.<br \/>Educacional.<br \/>Centros de atendimento ao cliente.<br \/>Entretenimento.<br \/>Assist\u00eancia Pessoal<br \/>Boa apar\u00eancia exterior. Caso tenha alguma d\u00favida, ligue-nos ou utilize o nosso chat para obter mais informa\u00e7\u00f5es ou solicitar mais detalhes.<br \/><strong>Coment\u00e1rios<\/strong><br \/><u>1xRJ48 \/ 1xRJ11 &#8211; VESA 75&#215;75 mm &#8211; Carca\u00e7a Antibacteriana<\/u><\/p>\n","protected":false},"excerpt":{"rendered":"<p>Intel Celeron 1047UE 1.4 GHz. \u00b7 4 Gb. SO-DDR3 RAM \u00b7 320 Gb. SATA \u00b7 Windows 10 Pro \u00b7 Led 15.6 &#8221; HD com Alto-falantes \u00b7  16:9  \u00b7 Resolu\u00e7\u00e3o 1366&#215;768 \u00b7 <u>1xRJ48 \/ 1xRJ11 &#8211; VESA 75&#215;75 mm &#8211; Carca\u00e7a Antibacteriana<\/u><\/p>\n","protected":false},"featured_media":130269,"template":"","meta":[],"product_brand":[3527],"product_cat":[61,2314],"product_tag":[],"class_list":{"0":"post-130293","1":"product","2":"type-product","3":"status-publish","4":"has-post-thumbnail","6":"product_brand-flytech","7":"product_cat-pos-pt","8":"product_cat-pos-all-in-one-pt","10":"first","11":"instock","12":"taxable","13":"shipping-taxable","14":"purchasable","15":"product-type-simple"},"bundled_by":[],"bundle_stock_status":"instock","bundle_stock_quantity":8,"bundle_virtual":false,"bundle_layout":"","bundle_add_to_cart_form_location":"","bundle_editable_in_cart":false,"bundle_sold_individually_context":"","bundle_item_grouping":"","bundle_min_size":"","bundle_max_size":"","bundle_price":[],"bundled_items":[],"bundle_sell_ids":[],"exclude_global_add_ons":true,"addons":{"ram-memory-upgrades":{"name":"Extens\u00e3o RAM","type":"multiple_choice","position":0,"required":false,"title_format":"heading","default":"","description_enable":false,"description":"","placeholder_enable":false,"placeholder":"","display":"radiobutton","restrictions_type":"any_text","adjust_price":false,"price":"","price_type":"quantity_based","restrictions":false,"min":"0","max":"0","options":[{"label":"Extens\u00e3o SODIM RAM 8 Gb [AMP00003]","price":"20.0000","price_type":"quantity_based","image":0,"visibility":true}]},"hdd-upgrades":{"name":"Extens\u00e3o disco r\u00edgido","type":"multiple_choice","position":0,"required":false,"title_format":"heading","default":"","description_enable":false,"description":"","placeholder_enable":false,"placeholder":"","display":"radiobutton","restrictions_type":"any_text","adjust_price":false,"price":"","price_type":"quantity_based","restrictions":false,"min":"0","max":"0","options":[{"label":"Cambio a Disco SSD 120 Gb. [AMP00012]","price":"25.0000","price_type":"quantity_based","image":0,"visibility":true},{"label":"Cambio a Disco SSD 240 Gb. [AMP00013]","price":"35.0000","price_type":"quantity_based","image":0,"visibility":true},{"label":"Cambio a Disco SSD 480 Gb. [AMP00014]","price":"59.0000","price_type":"quantity_based","image":0,"visibility":true}]},"network-card-upgrades":{"name":"Extens\u00e3o WIFI","type":"multiple_choice","position":0,"required":false,"title_format":"heading","default":"","description_enable":false,"description":"","placeholder_enable":false,"placeholder":"","display":"radiobutton","restrictions_type":"any_text","adjust_price":false,"price":"","price_type":"quantity_based","restrictions":false,"min":"0","max":"0","options":[{"label":"Ampliaci\u00f3n a Wireless nano USB [AMP00018]","price":"12.0000","price_type":"quantity_based","image":0,"visibility":true}]},"os-upgrades":{"name":"Extens\u00e3o OS","type":"multiple_choice","position":0,"required":false,"title_format":"heading","default":"","description_enable":false,"description":"","placeholder_enable":false,"placeholder":"","display":"radiobutton","restrictions_type":"any_text","adjust_price":false,"price":"","price_type":"quantity_based","restrictions":false,"min":"0","max":"0","options":[{"label":"Alterar idioma para franc\u00eas [AMP00125]","price":"0.0000","price_type":"quantity_based","image":0,"visibility":true},{"label":"Alterar idioma para ingl\u00eas [AMP00008]","price":"0.0000","price_type":"quantity_based","image":0,"visibility":true},{"label":"Alterar idioma para o portugu\u00eas [AMP00009]","price":"0.0000","price_type":"quantity_based","image":0,"visibility":true}]},"keyboard-upgrades":{"name":"Extens\u00e3o teclado","type":"multiple_choice","position":0,"required":false,"title_format":"heading","default":"","description_enable":false,"description":"","placeholder_enable":false,"placeholder":"","display":"radiobutton","restrictions_type":"any_text","adjust_price":false,"price":"","price_type":"quantity_based","restrictions":false,"min":"0","max":"0","options":[{"label":"Teclado e Mouse [AMP00020]","price":"8.0000","price_type":"quantity_based","image":0,"visibility":true},{"label":"Teclado e Mouse Portugu\u00e9s Nuevo [AMP00088]","price":"15.0000","price_type":"quantity_based","image":0,"visibility":true},{"label":"Teclado e mouse USB em espanhol (Novo) [AMP00068]","price":"12.0000","price_type":"quantity_based","image":0,"visibility":true}]}},"df_price":127.05,"df_sale_price":"","df_regular_price":127.05,"df_image_link":"https:\/\/zoca.es\/wp-content\/uploads\/images\/product\/13509\/flyt00001_01-300x225.jpg","_links":{"self":[{"href":"https:\/\/zoca.es\/pt-pt\/wp-json\/wp\/v2\/product\/130293","targetHints":{"allow":["GET"]}}],"collection":[{"href":"https:\/\/zoca.es\/pt-pt\/wp-json\/wp\/v2\/product"}],"about":[{"href":"https:\/\/zoca.es\/pt-pt\/wp-json\/wp\/v2\/types\/product"}],"wp:featuredmedia":[{"embeddable":true,"href":"https:\/\/zoca.es\/pt-pt\/wp-json\/wp\/v2\/media\/130269"}],"wp:attachment":[{"href":"https:\/\/zoca.es\/pt-pt\/wp-json\/wp\/v2\/media?parent=130293"}],"wp:term":[{"taxonomy":"product_brand","embeddable":true,"href":"https:\/\/zoca.es\/pt-pt\/wp-json\/wp\/v2\/product_brand?post=130293"},{"taxonomy":"product_cat","embeddable":true,"href":"https:\/\/zoca.es\/pt-pt\/wp-json\/wp\/v2\/product_cat?post=130293"},{"taxonomy":"product_tag","embeddable":true,"href":"https:\/\/zoca.es\/pt-pt\/wp-json\/wp\/v2\/product_tag?post=130293"}],"curies":[{"name":"wp","href":"https:\/\/api.w.org\/{rel}","templated":true}]}}