{"id":130212,"date":"2025-04-09T10:35:17","date_gmt":"2025-04-09T09:35:17","guid":{"rendered":"https:\/\/zoca.es\/producto\/lg-24mb37pm-238-ips-169-recondicionado-1920x1080-pt-8461\/"},"modified":"2026-04-21T00:54:06","modified_gmt":"2026-04-20T23:54:06","slug":"lg-24mb37pm-238-ips-169-recondicionado-1920x1080-pt-8461","status":"publish","type":"product","link":"https:\/\/zoca.es\/pt-pt\/produto\/lg-24mb37pm-238-ips-169-recondicionado-1920x1080-pt-8461\/","title":{"rendered":"LG 24MB37PM 23.8&#8221; IPS 16:9 | Recondicionado | 1920&#215;1080"},"content":{"rendered":"<p><strong>Tela<\/strong><br \/>IPS 23.8 &#8221; FullHD com Alto-falantes \u00b7  16:9  \u00b7 Resolu\u00e7\u00e3o 1920&#215;1080<br \/>Dot pitch 0.275 mm<br \/>Resposta 5 ms<br \/>Contraste 50000000:1<br \/>Brilho 250 cd\/m2<br \/>\u00c2ngulo vis\u00e3o 178\u00b0v\/178\u00b0h<br \/><strong>Portas de v\u00eddeo<\/strong><br \/>VGA<br \/>DVI<br \/><strong>Espec\u00edfico tela<\/strong><br \/>Apoio VESA<br \/>Pedestal<br \/>Regul\u00e1vel em altura<br \/><strong>Outros<\/strong><br \/>hR embalagens<br \/><strong>Dimens\u00f5es<\/strong><br \/>57&#215;37.5&#215;24 cm.<br \/><strong>Peso<\/strong><br \/>4.70 Kg.<br \/><strong>Especifica\u00e7\u00f5es adicionais<\/strong><br \/>Bom aspecto exterior. Veja &#8220;+ Fotos&#8221; e &#8220;V\u00eddeo&#8221; e se tiver alguma d\u00favida contacte-nos ou utilize o nosso chat para mais informa\u00e7\u00f5es ou para pedir mais detalhes.<br \/><strong>Coment\u00e1rios<\/strong><br \/><u>Cabo atual e VGA inclu\u00eddo<\/u><\/p>\n","protected":false},"excerpt":{"rendered":"<p>IPS 23.8 &#8221; FullHD com Alto-falantes \u00b7  16:9  \u00b7 Resolu\u00e7\u00e3o 1920&#215;1080 \u00b7 Dot pitch 0.275 mm \u00b7 Resposta 5 ms \u00b7 Contraste 50000000:1 \u00b7 Brilho 250 cd\/m2 \u00b7 \u00c2ngulo vis\u00e3o 178\u00b0v\/178\u00b0h \u00b7 VGA \u00b7 DVI \u00b7 <u>Cabo atual e VGA inclu\u00eddo<\/u><\/p>\n","protected":false},"featured_media":130188,"template":"","meta":[],"product_brand":[3459],"product_cat":[2236,3126],"product_tag":[3273],"class_list":{"0":"post-130212","1":"product","2":"type-product","3":"status-publish","4":"has-post-thumbnail","6":"product_brand-lg","7":"product_cat-monitores-pt","8":"product_cat-monitores-monitores-pt","9":"product_tag-202510_halloween-pt-pt","11":"first","12":"instock","13":"taxable","14":"shipping-taxable","15":"purchasable","16":"product-type-simple"},"bundled_by":[],"bundle_stock_status":"instock","bundle_stock_quantity":2,"bundle_virtual":false,"bundle_layout":"","bundle_add_to_cart_form_location":"","bundle_editable_in_cart":false,"bundle_sold_individually_context":"","bundle_item_grouping":"","bundle_min_size":"","bundle_max_size":"","bundle_price":[],"bundled_items":[],"bundle_sell_ids":[],"exclude_global_add_ons":true,"addons":{"webcam-upgrades":{"name":"Extens\u00e3o Webcam","type":"multiple_choice","position":0,"required":false,"title_format":"heading","default":"","description_enable":false,"description":"","placeholder_enable":false,"placeholder":"","display":"radiobutton","restrictions_type":"any_text","adjust_price":false,"price":"","price_type":"quantity_based","restrictions":false,"min":"0","max":"0","options":[{"label":"Conceptronic AMDIS FullHD [AMP00085]","price":"29.0000","price_type":"quantity_based","image":0,"visibility":true}]},"hdmi-upgrades":{"name":"Extens\u00e3o cabo","type":"multiple_choice","position":0,"required":false,"title_format":"heading","default":"","description_enable":false,"description":"","placeholder_enable":false,"placeholder":"","display":"radiobutton","restrictions_type":"any_text","adjust_price":false,"price":"","price_type":"quantity_based","restrictions":false,"min":"0","max":"0","options":[{"label":"Cabo DVI-D M \/ M Dual Link 1,8 mts. [AMP00102]","price":"2.0000","price_type":"quantity_based","image":0,"visibility":true}]},"warranty-upgrades":{"name":"Extens\u00e3o garant\u00eda","type":"multiple_choice","position":0,"required":false,"title_format":"heading","default":"","description_enable":false,"description":"","placeholder_enable":false,"placeholder":"","display":"radiobutton","restrictions_type":"any_text","adjust_price":false,"price":"","price_type":"quantity_based","restrictions":false,"min":"0","max":"0","options":[{"label":"Extensi\u00f3n de Garantia a 2 a\u00f1os [AMP00022]","price":"20.0000","price_type":"quantity_based","image":0,"visibility":true}]}},"df_price":96.8,"df_sale_price":78.65,"df_regular_price":96.8,"df_image_link":"https:\/\/zoca.es\/wp-content\/uploads\/images\/product\/8461\/lg00034_01-300x225.jpg","_links":{"self":[{"href":"https:\/\/zoca.es\/pt-pt\/wp-json\/wp\/v2\/product\/130212","targetHints":{"allow":["GET"]}}],"collection":[{"href":"https:\/\/zoca.es\/pt-pt\/wp-json\/wp\/v2\/product"}],"about":[{"href":"https:\/\/zoca.es\/pt-pt\/wp-json\/wp\/v2\/types\/product"}],"wp:featuredmedia":[{"embeddable":true,"href":"https:\/\/zoca.es\/pt-pt\/wp-json\/wp\/v2\/media\/130188"}],"wp:attachment":[{"href":"https:\/\/zoca.es\/pt-pt\/wp-json\/wp\/v2\/media?parent=130212"}],"wp:term":[{"taxonomy":"product_brand","embeddable":true,"href":"https:\/\/zoca.es\/pt-pt\/wp-json\/wp\/v2\/product_brand?post=130212"},{"taxonomy":"product_cat","embeddable":true,"href":"https:\/\/zoca.es\/pt-pt\/wp-json\/wp\/v2\/product_cat?post=130212"},{"taxonomy":"product_tag","embeddable":true,"href":"https:\/\/zoca.es\/pt-pt\/wp-json\/wp\/v2\/product_tag?post=130212"}],"curies":[{"name":"wp","href":"https:\/\/api.w.org\/{rel}","templated":true}]}}