{"id":126970,"date":"2025-02-21T11:22:46","date_gmt":"2025-02-21T10:22:51","guid":{"rendered":"https:\/\/zoca.es\/producto\/hp-proliant-ml30-g9-torre-recondicionado-xeon-quad-core-3ghz-32-gb-ram-2048-gb-sas-pt-13267\/"},"modified":"2025-06-19T08:14:12","modified_gmt":"2025-06-19T07:14:12","slug":"hp-proliant-ml30-g9-torre-recondicionado-xeon-quad-core-3ghz-32-gb-ram-2048-gb-sas-pt-13267","status":"publish","type":"product","link":"https:\/\/zoca.es\/pt-pt\/produto\/hp-proliant-ml30-g9-torre-recondicionado-xeon-quad-core-3ghz-32-gb-ram-2048-gb-sas-pt-13267\/","title":{"rendered":"HP Proliant ML30 G9 Torre | Recondicionado | Xeon Quad Core 3GHz | 32 GB RAM | 2048 GB SAS"},"content":{"rendered":"<p><strong>Processador<\/strong><br \/>Intel Xeon Quad Core E3-1220 V6 3 GHz.<br \/><strong>Fator de forma<\/strong><br \/>Torre<br \/><strong>Mem\u00f3ria RAM<\/strong><br \/>32 Gb. DDR4 RAM<br \/>4 ba\u00edas (0 vazio )<br \/><strong>Disco r\u00edgido<\/strong><br \/>2x 2.00 Tb. SAS 2.5&#8221; 10000rpm<br \/>8 ba\u00edas (6 vazio )<br \/><strong>Drive \u00f3ptico<\/strong><br \/>DVD<br \/><strong>Sistema operativo<\/strong><br \/>&#8211; Sem sistema operativo &#8211;<br \/><strong>Portos<\/strong><br \/>2x USB 2.0<br \/>6x USB 3.0<br \/><strong>Conectividade<\/strong><br \/>2x RJ-45<br \/><strong>Alimenta\u00e7\u00e3o<\/strong><br \/>2x Fontes de alimenta\u00e7\u00e3o<br \/><strong>Outros<\/strong><br \/>hR embalagens<br \/><strong>Dimens\u00f5es<\/strong><br \/>52x37x17.5 cm.<br \/><strong>Peso<\/strong><br \/>15.00 Kg.<br \/><strong>Especifica\u00e7\u00f5es adicionais<\/strong><br \/>O HP ProLiant ML30 G9 \u00e9 um servidor torre concebido para pequenas e m\u00e9dias empresas que exigem um sistema fi\u00e1vel, potente e escal\u00e1vel. Equipado com um processador Intel Xeon E3-1220 V6 Quad Core de 3,0 GHz e 32 GB de RAM DDR4, oferece um desempenho eficiente para aplica\u00e7\u00f5es empresariais, bases de dados e armazenamento de rede.<br \/>O seu sistema de armazenamento inclui 2 drives SAS de 2,5\u201d de 2 TB cada a 10.000 rpm, proporcionando rapidez e seguran\u00e7a na gest\u00e3o de dados.<br \/>Conta com o controlador HPE Smart Array P440, que otimiza o desempenho e a prote\u00e7\u00e3o de dados atrav\u00e9s de recursos RAID avan\u00e7ados. Al\u00e9m disso, a sua capacidade de expans\u00e3o com 1 slot PCIe X16, 1 PCIe X4 e 2 slots PCIe X1 permite a integra\u00e7\u00e3o de placas adicionais para melhorar a sua funcionalidade.<br \/>O HP ProLiant ML30 G9 combina pot\u00eancia, fiabilidade e escalabilidade num design compacto, sendo uma solu\u00e7\u00e3o ideal para empresas que procuram um servidor eficiente e preparado para o futuro.<br \/>Boa apar\u00eancia exterior. Apresenta marcas de uso na caixa. Pesquise em \u201c+ Fotos\u201d e \u201cV\u00eddeo\u201d e caso tenha alguma d\u00favida, ligue-nos ou utilize o nosso chat para mais informa\u00e7\u00f5es ou para solicitar mais detalhes.<br \/><strong>Coment\u00e1rios<\/strong><br \/><u>HPE Smart Array P440 Controller &#8211; 1xPCIe X16 \/ 1xPCIe X4 \/ 2xPCIe X1<\/u><\/p>\n","protected":false},"excerpt":{"rendered":"<p>Intel Xeon Quad Core E3-1220 V6 3 GHz. \u00b7 32 Gb. DDR4 RAM \u00b7 4 ba\u00edas (0 vazio ) \u00b7 2x 2.00 Tb. SAS 2.5&#8221; 10000rpm \u00b7 8 ba\u00edas (6 vazio ) \u00b7 DVD \u00b7 <u>HPE Smart Array P440 Controller &#8211; 1xPCIe X16 \/ 1xPCIe X4 \/ 2xPCIe X1<\/u><\/p>\n","protected":false},"featured_media":126955,"template":"","meta":[],"product_brand":[3453],"product_cat":[2338,2347],"product_tag":[],"class_list":{"0":"post-126970","1":"product","2":"type-product","3":"status-publish","4":"has-post-thumbnail","6":"product_brand-hp","7":"product_cat-servidores-pt","8":"product_cat-servidores-torre-pt","10":"first","11":"outofstock","12":"taxable","13":"shipping-taxable","14":"purchasable","15":"product-type-simple"},"bundled_by":[],"bundle_stock_status":"outofstock","bundle_stock_quantity":0,"bundle_virtual":false,"bundle_layout":"","bundle_add_to_cart_form_location":"","bundle_editable_in_cart":false,"bundle_sold_individually_context":"","bundle_item_grouping":"","bundle_min_size":"","bundle_max_size":"","bundle_price":[],"bundled_items":[],"bundle_sell_ids":[],"exclude_global_add_ons":true,"addons":{"ram-memory-upgrades":{"name":"Extens\u00e3o RAM","type":"multiple_choice","position":0,"required":false,"title_format":"heading","default":"","description_enable":false,"description":"","placeholder_enable":false,"placeholder":"","display":"radiobutton","restrictions_type":"any_text","adjust_price":false,"price":"","price_type":"quantity_based","restrictions":false,"min":"0","max":"0","options":[{"label":"Extens\u00e3o RAM DDR4 ECC 64 Gb [AMP00134]","price":"110.0000","price_type":"quantity_based","image":0,"visibility":true}]},"hdd-upgrades":{"name":"Extens\u00e3o disco r\u00edgido","type":"multiple_choice","position":0,"required":false,"title_format":"heading","default":"","description_enable":false,"description":"","placeholder_enable":false,"placeholder":"","display":"radiobutton","restrictions_type":"any_text","adjust_price":false,"price":"","price_type":"quantity_based","restrictions":false,"min":"0","max":"0","options":[{"label":"2x Disco SSD 240 Gb. [AMP00058]","price":"100.0000","price_type":"quantity_based","image":0,"visibility":true},{"label":"2x Disco SSD 480 Gb. [AMP00059]","price":"200.0000","price_type":"quantity_based","image":0,"visibility":true}]}},"df_price":625.57,"df_sale_price":"","df_regular_price":625.57,"df_image_link":"https:\/\/zoca.es\/wp-content\/uploads\/images\/product\/13267\/hp02890_01-300x225.jpg","_links":{"self":[{"href":"https:\/\/zoca.es\/pt-pt\/wp-json\/wp\/v2\/product\/126970","targetHints":{"allow":["GET"]}}],"collection":[{"href":"https:\/\/zoca.es\/pt-pt\/wp-json\/wp\/v2\/product"}],"about":[{"href":"https:\/\/zoca.es\/pt-pt\/wp-json\/wp\/v2\/types\/product"}],"wp:featuredmedia":[{"embeddable":true,"href":"https:\/\/zoca.es\/pt-pt\/wp-json\/wp\/v2\/media\/126955"}],"wp:attachment":[{"href":"https:\/\/zoca.es\/pt-pt\/wp-json\/wp\/v2\/media?parent=126970"}],"wp:term":[{"taxonomy":"product_brand","embeddable":true,"href":"https:\/\/zoca.es\/pt-pt\/wp-json\/wp\/v2\/product_brand?post=126970"},{"taxonomy":"product_cat","embeddable":true,"href":"https:\/\/zoca.es\/pt-pt\/wp-json\/wp\/v2\/product_cat?post=126970"},{"taxonomy":"product_tag","embeddable":true,"href":"https:\/\/zoca.es\/pt-pt\/wp-json\/wp\/v2\/product_tag?post=126970"}],"curies":[{"name":"wp","href":"https:\/\/api.w.org\/{rel}","templated":true}]}}