{"id":122101,"date":"2024-12-11T16:01:11","date_gmt":"2024-12-11T15:01:11","guid":{"rendered":"https:\/\/zoca.es\/producto\/leitor-codigo-de-barras-hp-bw868aa-usb-recondicionado-pt-6048\/"},"modified":"2026-02-25T10:22:01","modified_gmt":"2026-02-25T09:22:01","slug":"leitor-codigo-de-barras-hp-bw868aa-usb-recondicionado-pt-6048","status":"publish","type":"product","link":"https:\/\/zoca.es\/pt-pt\/produto\/leitor-codigo-de-barras-hp-bw868aa-usb-recondicionado-pt-6048\/","title":{"rendered":"Leitor c\u00f3digo de barras HP BW868AA USB | Recondicionado"},"content":{"rendered":"<p><strong>Tipo:<\/strong><br \/>Escaner C\u00f3digo de Barras Manual<br \/><strong>Fuente de Luz:<\/strong><br \/>Diodo L\u00e1ser Visible<br \/><strong>Velocidad Escaneo:<\/strong><br \/>72 l\u00edneas de escaneo por segundo<br \/><strong>Descodificaci\u00f3n:<\/strong><br \/>Simbolog\u00edas Databar de 1D y GS1 est\u00e1ndar<br \/><strong>Interface:<\/strong><br \/>1xPuerto USB<br \/><strong>Dimensiones:<\/strong><br \/>198 x 78 x 56 mm.<br \/><strong>Peso:<\/strong><br \/>149 Grs.<\/p>\n","protected":false},"excerpt":{"rendered":"<p>Escaner C\u00f3digo de Barras Manual HP BW868AA &#8211; 1xPuerto USB &#8211; Diodo Laser Visible &#8211; 72 l\u00edneas por segundo &#8211; Simbolog\u00edas Databar de 1D y GS1 est\u00e1ndar<\/p>\n","protected":false},"featured_media":122098,"template":"","meta":[],"product_brand":[3453],"product_cat":[61,2323],"product_tag":[],"class_list":{"0":"post-122101","1":"product","2":"type-product","3":"status-publish","4":"has-post-thumbnail","6":"product_brand-hp","7":"product_cat-pos-pt","8":"product_cat-pos-leitor-cod-barras-pt","10":"first","11":"instock","12":"taxable","13":"shipping-taxable","14":"purchasable","15":"product-type-simple"},"bundled_by":[],"bundle_stock_status":"instock","bundle_stock_quantity":38,"bundle_virtual":false,"bundle_layout":"","bundle_add_to_cart_form_location":"","bundle_editable_in_cart":false,"bundle_sold_individually_context":"","bundle_item_grouping":"","bundle_min_size":"","bundle_max_size":"","bundle_price":[],"bundled_items":[],"bundle_sell_ids":[],"exclude_global_add_ons":[],"addons":[],"df_price":66.55,"df_sale_price":"","df_regular_price":66.55,"df_image_link":"https:\/\/zoca.es\/wp-content\/uploads\/images\/product\/6048\/hp01296_01-300x225.jpg","_links":{"self":[{"href":"https:\/\/zoca.es\/pt-pt\/wp-json\/wp\/v2\/product\/122101","targetHints":{"allow":["GET"]}}],"collection":[{"href":"https:\/\/zoca.es\/pt-pt\/wp-json\/wp\/v2\/product"}],"about":[{"href":"https:\/\/zoca.es\/pt-pt\/wp-json\/wp\/v2\/types\/product"}],"wp:featuredmedia":[{"embeddable":true,"href":"https:\/\/zoca.es\/pt-pt\/wp-json\/wp\/v2\/media\/122098"}],"wp:attachment":[{"href":"https:\/\/zoca.es\/pt-pt\/wp-json\/wp\/v2\/media?parent=122101"}],"wp:term":[{"taxonomy":"product_brand","embeddable":true,"href":"https:\/\/zoca.es\/pt-pt\/wp-json\/wp\/v2\/product_brand?post=122101"},{"taxonomy":"product_cat","embeddable":true,"href":"https:\/\/zoca.es\/pt-pt\/wp-json\/wp\/v2\/product_cat?post=122101"},{"taxonomy":"product_tag","embeddable":true,"href":"https:\/\/zoca.es\/pt-pt\/wp-json\/wp\/v2\/product_tag?post=122101"}],"curies":[{"name":"wp","href":"https:\/\/api.w.org\/{rel}","templated":true}]}}