{"id":121714,"date":"2024-12-05T13:53:08","date_gmt":"2024-12-05T12:53:08","guid":{"rendered":"https:\/\/zoca.es\/producto\/hp-probook-640-g2-bateria-nueva-14-recondicionado-core-i5-24ghz-8-gb-ram-500-gb-ssd-1920x1080-pt-13099\/"},"modified":"2026-04-22T08:23:52","modified_gmt":"2026-04-22T07:23:52","slug":"hp-probook-640-g2-bateria-nueva-14-recondicionado-core-i5-24ghz-8-gb-ram-500-gb-ssd-1920x1080-pt-13099","status":"publish","type":"product","link":"https:\/\/zoca.es\/pt-pt\/produto\/hp-probook-640-g2-bateria-nueva-14-recondicionado-core-i5-24ghz-8-gb-ram-500-gb-ssd-1920x1080-pt-13099\/","title":{"rendered":"HP ProBook 640 G2-Bater\u00eda Nueva 14&#8221; | Recondicionado | Core i5 2.4GHz | 8 GB RAM | 500 GB SSD 1920&#215;1080"},"content":{"rendered":"<p><strong>Processador<\/strong><br \/>Intel Core i5 6300U 2.4 GHz.<br \/><strong>Mem\u00f3ria RAM<\/strong><br \/>8 Gb. SO-DDR4 RAM<br \/><strong>Disco r\u00edgido<\/strong><br \/>500 Gb. SSD<br \/><strong>Cart\u00f5es<\/strong><br \/>Placa gr\u00e1fica: Intel Hd Graphics 520<br \/>Som: High Definition Audio<br \/>Network: Intel Ethernet Connection I219-LM<br \/><strong>Sistema operativo<\/strong><br \/>Windows 10 Pro<br \/><strong>Portos<\/strong><br \/>2x USB 3.0<br \/>USB-C<br \/><strong>Tela<\/strong><br \/>Led 14 &#8221; FullHD 16:9  \u00b7 Resolu\u00e7\u00e3o 1920&#215;1080<br \/><strong>Portas de v\u00eddeo<\/strong><br \/>VGA<br \/>Display Port<br \/><strong>Multim\u00eddia<\/strong><br \/>Webcam<br \/>Leitor SD<br \/>Leitor DNI<br \/><strong>Conectividade<\/strong><br \/>RJ-45<br \/>WIFI<br \/>Bluetooth<br \/>4G<br \/><strong>Espec\u00edfico laptop<\/strong><br \/>Layout do teclado Espanhol<br \/><strong>Outros<\/strong><br \/>hR embalagens<br \/><strong>Dimens\u00f5es<\/strong><br \/>34&#215;23.5&#215;2.9 cm.<br \/><strong>Peso<\/strong><br \/>1.80 Kg.<br \/><strong>Especifica\u00e7\u00f5es adicionais<\/strong><br \/>O HP ProBook 640 G2 \u00e9 a escolha ideal para profissionais que procuram um equil\u00edbrio entre desempenho e seguran\u00e7a. Equipado com processador Intel Core i5-6300U de 2,4 GHz e 8 GB de RAM DDR4, oferece desempenho eficiente para multitarefa e produtividade di\u00e1ria. Seu SSD de 500 GB oferece armazenamento r\u00e1pido e confi\u00e1vel, melhorando a velocidade de inicializa\u00e7\u00e3o e o carregamento de aplicativos.<br \/>A tela LED Full HD de 14&#8243; com resolu\u00e7\u00e3o 1920&#215;1080 garante uma exibi\u00e7\u00e3o n\u00edtida e precisa, perfeita para trabalhar em qualquer ambiente. Al\u00e9m disso, inclui um webcam integrada, leitor de impress\u00e3o digital e leitor de identifica\u00e7\u00e3o, garantindo uma camada adicional de seguran\u00e7a. Com slot M.2 2280 para armazenamento adicional e uma nova bateria, este modelo est\u00e1 preparado para longos dias de uso. funciona.<br \/>Com o Windows 10 Pro, \u00e9 a solu\u00e7\u00e3o ideal para profissionais e empresas que buscam efici\u00eancia, seguran\u00e7a e durabilidade.<br \/>HP ProBook 640 G2: Pot\u00eancia e prote\u00e7\u00e3o em um laptop empresarial acess\u00edvel.<br \/>Boa apar\u00eancia. o lado de fora. Procure em &#8220;+ Fotos\u201d e &#8220;V\u00eddeo\u201d e caso tenha alguma d\u00favida, ligue para n\u00f3s ou utilize nosso chat para mais informa\u00e7\u00f5es ou para solicitar mais detalhes.<\/p>\n<p><strong>Coment\u00e1rios<\/strong><br \/><u>Nova Bateria &#8211; 1xM.2 2280 para Armazenamento<\/u><\/p>\n","protected":false},"excerpt":{"rendered":"<p>Intel Core i5 6300U 2.4 GHz. \u00b7 8 Gb. SO-DDR4 RAM \u00b7 500 Gb. SSD \u00b7 Windows 10 Pro \u00b7 Led 14 &#8221; FullHD 16:9  \u00b7 Resolu\u00e7\u00e3o 1920&#215;1080 \u00b7 Webcam \u00b7 Leitor SD \u00b7 Leitor DNI \u00b7 <u>Nova Bateria &#8211; 1xM.2 2280 para Armazenamento<\/u><\/p>\n","protected":false},"featured_media":121690,"template":"","meta":[],"product_brand":[3453],"product_cat":[2253,3120],"product_tag":[3267,3273,3289],"class_list":{"0":"post-121714","1":"product","2":"type-product","3":"status-publish","4":"has-post-thumbnail","6":"product_brand-hp","7":"product_cat-laptops-pt","8":"product_cat-laptops-laptops-pt","9":"product_tag-202509_123septiembre-pt-pt","10":"product_tag-202510_halloween-pt-pt","11":"product_tag-black-15","13":"first","14":"instock","15":"taxable","16":"shipping-taxable","17":"purchasable","18":"product-type-simple"},"bundled_by":[],"bundle_stock_status":"instock","bundle_stock_quantity":1,"bundle_virtual":false,"bundle_layout":"","bundle_add_to_cart_form_location":"","bundle_editable_in_cart":false,"bundle_sold_individually_context":"","bundle_item_grouping":"","bundle_min_size":"","bundle_max_size":"","bundle_price":[],"bundled_items":[],"bundle_sell_ids":[],"exclude_global_add_ons":true,"addons":{"keyboard-iso-upgrades":{"name":"Selecione idioma teclado","type":"multiple_choice","position":0,"required":false,"title_format":"heading","default":"","description_enable":false,"description":"","placeholder_enable":false,"placeholder":"","display":"radiobutton","restrictions_type":"any_text","adjust_price":false,"price":"","price_type":"quantity_based","restrictions":false,"min":"0","max":"0","options":[{"label":"Pegatinas Franc\u00e9s [AMP00084]","price":"0.0000","price_type":"quantity_based","image":0,"visibility":true},{"label":"Pegatinas Portugues [AMP00083]","price":"0.0000","price_type":"quantity_based","image":0,"visibility":true}]},"docking-station-upgrades":{"name":"Extens\u00e3o Docking Station","type":"multiple_choice","position":0,"required":false,"title_format":"heading","default":"","description_enable":false,"description":"","placeholder_enable":false,"placeholder":"","display":"radiobutton","restrictions_type":"any_text","adjust_price":false,"price":"","price_type":"quantity_based","restrictions":false,"min":"0","max":"0","options":[{"label":"HP Ultra Slim Dock 2013 [AMP00160]","price":"9.0000","price_type":"quantity_based","image":0,"visibility":true}]},"ram-memory-upgrades":{"name":"Extens\u00e3o RAM","type":"multiple_choice","position":0,"required":false,"title_format":"heading","default":"","description_enable":false,"description":"","placeholder_enable":false,"placeholder":"","display":"radiobutton","restrictions_type":"any_text","adjust_price":false,"price":"","price_type":"quantity_based","restrictions":false,"min":"0","max":"0","options":[{"label":"Extens\u00e3o SO-DIMM RAM 16 Gb DDR4 [AMP00081]","price":"60.0000","price_type":"quantity_based","image":0,"visibility":true}]},"hdd-upgrades":{"name":"Extens\u00e3o disco r\u00edgido","type":"multiple_choice","position":0,"required":false,"title_format":"heading","default":"","description_enable":false,"description":"","placeholder_enable":false,"placeholder":"","display":"radiobutton","restrictions_type":"any_text","adjust_price":false,"price":"","price_type":"quantity_based","restrictions":false,"min":"0","max":"0","options":[{"label":"Cambio a Disco SSD 1 Tb. [AMP00071]","price":"95.0000","price_type":"quantity_based","image":0,"visibility":true},{"label":"Cambio a Disco SSD 1 Tb. M.2 2280 PCIe [AMP00107]","price":"165.0000","price_type":"quantity_based","image":0,"visibility":true},{"label":"SSD adicional de 500 Gb. M.2 2280 PCIe [AMP00108]","price":"115.0000","price_type":"quantity_based","image":0,"visibility":true},{"label":"Disco SSD de 1 TB. M.2 2280 PCIe Adicional [AMP00109]","price":"170.0000","price_type":"quantity_based","image":0,"visibility":true}]},"os-upgrades":{"name":"Extens\u00e3o OS","type":"multiple_choice","position":0,"required":false,"title_format":"heading","default":"","description_enable":false,"description":"","placeholder_enable":false,"placeholder":"","display":"radiobutton","restrictions_type":"any_text","adjust_price":false,"price":"","price_type":"quantity_based","restrictions":false,"min":"0","max":"0","options":[{"label":"Alterar idioma para franc\u00eas [AMP00125]","price":"0.0000","price_type":"quantity_based","image":0,"visibility":true},{"label":"Alterar idioma para ingl\u00eas [AMP00008]","price":"0.0000","price_type":"quantity_based","image":0,"visibility":true},{"label":"Alterar idioma para o portugu\u00eas [AMP00009]","price":"0.0000","price_type":"quantity_based","image":0,"visibility":true}]},"briefcase-upgrades":{"name":"Maleta","type":"multiple_choice","position":0,"required":false,"title_format":"heading","default":"","description_enable":false,"description":"","placeholder_enable":false,"placeholder":"","display":"radiobutton","restrictions_type":"any_text","adjust_price":false,"price":"","price_type":"quantity_based","restrictions":false,"min":"0","max":"0","options":[{"label":"Maleta Port\u00e1til [AMP00041]","price":"5.0000","price_type":"quantity_based","image":0,"visibility":true}]}},"df_price":233.53,"df_sale_price":"","df_regular_price":233.53,"df_image_link":"https:\/\/zoca.es\/wp-content\/uploads\/images\/product\/13099\/hp02840_01-300x225.jpg","_links":{"self":[{"href":"https:\/\/zoca.es\/pt-pt\/wp-json\/wp\/v2\/product\/121714","targetHints":{"allow":["GET"]}}],"collection":[{"href":"https:\/\/zoca.es\/pt-pt\/wp-json\/wp\/v2\/product"}],"about":[{"href":"https:\/\/zoca.es\/pt-pt\/wp-json\/wp\/v2\/types\/product"}],"wp:featuredmedia":[{"embeddable":true,"href":"https:\/\/zoca.es\/pt-pt\/wp-json\/wp\/v2\/media\/121690"}],"wp:attachment":[{"href":"https:\/\/zoca.es\/pt-pt\/wp-json\/wp\/v2\/media?parent=121714"}],"wp:term":[{"taxonomy":"product_brand","embeddable":true,"href":"https:\/\/zoca.es\/pt-pt\/wp-json\/wp\/v2\/product_brand?post=121714"},{"taxonomy":"product_cat","embeddable":true,"href":"https:\/\/zoca.es\/pt-pt\/wp-json\/wp\/v2\/product_cat?post=121714"},{"taxonomy":"product_tag","embeddable":true,"href":"https:\/\/zoca.es\/pt-pt\/wp-json\/wp\/v2\/product_tag?post=121714"}],"curies":[{"name":"wp","href":"https:\/\/api.w.org\/{rel}","templated":true}]}}