{"id":120591,"date":"2024-11-22T13:54:38","date_gmt":"2024-11-22T12:54:38","guid":{"rendered":"https:\/\/zoca.es\/producto\/hp-probook-450-g3-156-recondicionado-core-i5-23ghz-16-gb-ram-512-gb-ssd-1366x768-pt-12973\/"},"modified":"2026-04-23T11:38:58","modified_gmt":"2026-04-23T10:38:58","slug":"hp-probook-450-g3-156-recondicionado-core-i5-23ghz-16-gb-ram-512-gb-ssd-1366x768-pt-12973","status":"publish","type":"product","link":"https:\/\/zoca.es\/pt-pt\/produto\/hp-probook-450-g3-156-recondicionado-core-i5-23ghz-16-gb-ram-512-gb-ssd-1366x768-pt-12973\/","title":{"rendered":"HP ProBook 450 G3 15.6&#8221; | Recondicionado | Core i5 2.3GHz | 16 GB RAM | 500 GB SSD 1366&#215;768"},"content":{"rendered":"<p><strong>Processador<\/strong><br \/>Intel Core i5 6200U 2.3 GHz.<br \/><strong>Mem\u00f3ria RAM<\/strong><br \/>16 Gb. SO-DDR3 RAM<br \/><strong>Disco r\u00edgido<\/strong><br \/>500 Gb. SSD<br \/><strong>Drive \u00f3ptico<\/strong><br \/>DVD<br \/><strong>Cart\u00f5es<\/strong><br \/>Placa gr\u00e1fica: Intel Hd Graphics 520<br \/>Som: Conexant audio<br \/>Network: Realtek PCIe GBE<br \/><strong>Sistema operativo<\/strong><br \/>Windows 10 Pro<br \/><strong>Portos<\/strong><br \/>2x USB 2.0<br \/>2x USB 3.0<br \/><strong>Tela<\/strong><br \/>Led 15.6 &#8221; HD 16:10  \u00b7 Resolu\u00e7\u00e3o 1366&#215;768<br \/><strong>Portas de v\u00eddeo<\/strong><br \/>VGA<br \/>HDMI<br \/><strong>Multim\u00eddia<\/strong><br \/>Webcam<br \/>Leitor SD<br \/>Leitor impress\u00f5es digitais<br \/><strong>Conectividade<\/strong><br \/>RJ-45<br \/>WIFI<br \/>Bluetooth<br \/><strong>Espec\u00edfico laptop<\/strong><br \/>Layout do teclado Espanhol<br \/>Teclado num\u00e9rico<br \/><strong>Outros<\/strong><br \/>hR embalagens<br \/><strong>Dimens\u00f5es<\/strong><br \/>37.8&#215;26.3&#215;3 cm.<br \/><strong>Peso<\/strong><br \/>2.25 Kg.<br \/><strong>Especifica\u00e7\u00f5es adicionais<\/strong><br \/>O HP ProBook 450 G3 \u00e9 um laptop projetado para oferecer um equil\u00edbrio entre desempenho e funcionalidade, ideal para profissionais e estudantes. Equipado com processador Intel Core i5 de 6\u00aa gera\u00e7\u00e3o e 16 GB de RAM, garante desempenho suave em aplica\u00e7\u00f5es multitarefa e do dia a dia. Seu armazenamento SSD de 512 GB oferece velocidades de inicializa\u00e7\u00e3o r\u00e1pidas e amplo espa\u00e7o para arquivos e programas. A tela LED de 15,6&#8243; com resolu\u00e7\u00e3o HD (1366&#215;768) oferece imagens n\u00edtidas e detalhes suficientes para tarefas de produtividade. Inclui recursos adicionais, como leitor de impress\u00e3o digital e leitor de cart\u00e3o SD. , que aumentam a seguran\u00e7a e a conveni\u00eancia Com o Windows 10 Pro pr\u00e9-instalado, o ProBook 450 G3 oferece um ambiente seguro e eficiente, enquanto sua unidade de DVD adiciona funcionalidade extra. versatilidade. \u00c9 uma op\u00e7\u00e3o robusta e confi\u00e1vel para quem procura um laptop acess\u00edvel e com recursos completos.<br \/>Boa apar\u00eancia externa Procure em &#8220;+ Fotos\u201d e &#8220;V\u00eddeo\u201d e se tiver alguma d\u00favida ligue para n\u00f3s ou use nosso chat. para obter mais informa\u00e7\u00f5es ou solicitar mais detalhes.<\/p>\n<p><strong>Coment\u00e1rios<\/strong><br \/><u>1xM.2 2280 para armazenamento<\/u><\/p>\n","protected":false},"excerpt":{"rendered":"<p>Intel Core i5 6200U 2.3 GHz. \u00b7 16 Gb. SO-DDR3 RAM \u00b7 500 Gb. SSD \u00b7 DVD \u00b7 Windows 10 Pro \u00b7 Led 15.6 &#8221; HD 16:10  \u00b7 Resolu\u00e7\u00e3o 1366&#215;768 \u00b7 Webcam \u00b7 Leitor SD \u00b7 Leitor impress\u00f5es digitais \u00b7 <u>1xM.2 2280 para armazenamento<\/u><\/p>\n","protected":false},"featured_media":120564,"template":"","meta":[],"product_brand":[3453],"product_cat":[2253,3120],"product_tag":[],"class_list":{"0":"post-120591","1":"product","2":"type-product","3":"status-publish","4":"has-post-thumbnail","6":"product_brand-hp","7":"product_cat-laptops-pt","8":"product_cat-laptops-laptops-pt","10":"first","11":"instock","12":"taxable","13":"shipping-taxable","14":"purchasable","15":"product-type-simple"},"bundled_by":[],"bundle_stock_status":"instock","bundle_stock_quantity":1,"bundle_virtual":false,"bundle_layout":"","bundle_add_to_cart_form_location":"","bundle_editable_in_cart":false,"bundle_sold_individually_context":"","bundle_item_grouping":"","bundle_min_size":"","bundle_max_size":"","bundle_price":[],"bundled_items":[],"bundle_sell_ids":[],"exclude_global_add_ons":true,"addons":{"keyboard-iso-upgrades":{"name":"Selecione idioma teclado","type":"multiple_choice","position":0,"required":false,"title_format":"heading","default":"","description_enable":false,"description":"","placeholder_enable":false,"placeholder":"","display":"radiobutton","restrictions_type":"any_text","adjust_price":false,"price":"","price_type":"quantity_based","restrictions":false,"min":"0","max":"0","options":[{"label":"Pegatinas Franc\u00e9s [AMP00084]","price":"0.0000","price_type":"quantity_based","image":0,"visibility":true},{"label":"Pegatinas Portugues [AMP00083]","price":"0.0000","price_type":"quantity_based","image":0,"visibility":true}]},"hdd-upgrades":{"name":"Extens\u00e3o disco r\u00edgido","type":"multiple_choice","position":0,"required":false,"title_format":"heading","default":"","description_enable":false,"description":"","placeholder_enable":false,"placeholder":"","display":"radiobutton","restrictions_type":"any_text","adjust_price":false,"price":"","price_type":"quantity_based","restrictions":false,"min":"0","max":"0","options":[{"label":"Cambio a Disco SSD 1 Tb. [AMP00071]","price":"95.0000","price_type":"quantity_based","image":0,"visibility":true},{"label":"Cambio a Disco SSD 1 Tb. M.2 2280 PCIe [AMP00107]","price":"165.0000","price_type":"quantity_based","image":0,"visibility":true},{"label":"SSD adicional de 500 Gb. M.2 2280 PCIe [AMP00108]","price":"115.0000","price_type":"quantity_based","image":0,"visibility":true},{"label":"Disco SSD de 1 TB. M.2 2280 PCIe Adicional [AMP00109]","price":"170.0000","price_type":"quantity_based","image":0,"visibility":true}]},"os-upgrades":{"name":"Extens\u00e3o OS","type":"multiple_choice","position":0,"required":false,"title_format":"heading","default":"","description_enable":false,"description":"","placeholder_enable":false,"placeholder":"","display":"radiobutton","restrictions_type":"any_text","adjust_price":false,"price":"","price_type":"quantity_based","restrictions":false,"min":"0","max":"0","options":[{"label":"Alterar idioma para franc\u00eas [AMP00125]","price":"0.0000","price_type":"quantity_based","image":0,"visibility":true},{"label":"Alterar idioma para ingl\u00eas [AMP00008]","price":"0.0000","price_type":"quantity_based","image":0,"visibility":true},{"label":"Alterar idioma para o portugu\u00eas [AMP00009]","price":"0.0000","price_type":"quantity_based","image":0,"visibility":true}]},"briefcase-upgrades":{"name":"Maleta","type":"multiple_choice","position":0,"required":false,"title_format":"heading","default":"","description_enable":false,"description":"","placeholder_enable":false,"placeholder":"","display":"radiobutton","restrictions_type":"any_text","adjust_price":false,"price":"","price_type":"quantity_based","restrictions":false,"min":"0","max":"0","options":[{"label":"Maleta Port\u00e1til [AMP00041]","price":"5.0000","price_type":"quantity_based","image":0,"visibility":true}]}},"df_price":341.22,"df_sale_price":"","df_regular_price":341.22,"df_image_link":"https:\/\/zoca.es\/wp-content\/uploads\/images\/product\/12973\/hp02787_01-300x225.jpg","_links":{"self":[{"href":"https:\/\/zoca.es\/pt-pt\/wp-json\/wp\/v2\/product\/120591","targetHints":{"allow":["GET"]}}],"collection":[{"href":"https:\/\/zoca.es\/pt-pt\/wp-json\/wp\/v2\/product"}],"about":[{"href":"https:\/\/zoca.es\/pt-pt\/wp-json\/wp\/v2\/types\/product"}],"wp:featuredmedia":[{"embeddable":true,"href":"https:\/\/zoca.es\/pt-pt\/wp-json\/wp\/v2\/media\/120564"}],"wp:attachment":[{"href":"https:\/\/zoca.es\/pt-pt\/wp-json\/wp\/v2\/media?parent=120591"}],"wp:term":[{"taxonomy":"product_brand","embeddable":true,"href":"https:\/\/zoca.es\/pt-pt\/wp-json\/wp\/v2\/product_brand?post=120591"},{"taxonomy":"product_cat","embeddable":true,"href":"https:\/\/zoca.es\/pt-pt\/wp-json\/wp\/v2\/product_cat?post=120591"},{"taxonomy":"product_tag","embeddable":true,"href":"https:\/\/zoca.es\/pt-pt\/wp-json\/wp\/v2\/product_tag?post=120591"}],"curies":[{"name":"wp","href":"https:\/\/api.w.org\/{rel}","templated":true}]}}