{"id":120240,"date":"2024-11-20T10:19:49","date_gmt":"2024-11-20T09:19:49","guid":{"rendered":"https:\/\/zoca.es\/producto\/opcao-portatil-hp-thunderbolt-dock-230w-g2-nuevo-novo-pt-12938\/"},"modified":"2026-03-30T10:42:31","modified_gmt":"2026-03-30T09:42:31","slug":"opcao-portatil-hp-thunderbolt-dock-230w-g2-nuevo-novo-pt-12938","status":"publish","type":"product","link":"https:\/\/zoca.es\/pt-pt\/produto\/opcao-portatil-hp-thunderbolt-dock-230w-g2-nuevo-novo-pt-12938\/","title":{"rendered":"Op\u00e7\u00e3o port\u00e1til HP Thunderbolt Dock 230W G2 | Recondicionado"},"content":{"rendered":"<p><b>Detalhes:<\/b> 3x USB C &#8211; 3x USB 3.0 &#8211; 1x RJ45 &#8211; 1x VGA &#8211; 2x Porta de exibi\u00e7\u00e3o &#8211; Cabo de conex\u00e3o de dados inclu\u00eddo &#8211; Fonte de alimenta\u00e7\u00e3o de 230 W inclu\u00edda<\/p>\n","protected":false},"excerpt":{"rendered":"<p>3x USB C &#8211; 3x USB 3.0 &#8211; 1x RJ45 &#8211; 1x VGA &#8211; 2x Display port &#8211; Cabo de conex\u00e3o de dados inclu\u00eddo &#8211; Fonte de alimenta\u00e7\u00e3o de 230W inclu\u00edda<\/p>\n","protected":false},"featured_media":120231,"template":"","meta":[],"product_brand":[3453],"product_cat":[2304,2253,2301,3084,3093],"product_tag":[],"class_list":{"0":"post-120240","1":"product","2":"type-product","3":"status-publish","4":"has-post-thumbnail","6":"product_brand-hp","7":"product_cat-tablets-opcaos-pt","8":"product_cat-laptops-pt","9":"product_cat-tablets-pt","10":"product_cat-laptops-opcaos-pt","11":"product_cat-laptops-opcaos-docking-station-pt","13":"first","14":"instock","15":"sale","16":"taxable","17":"shipping-taxable","18":"purchasable","19":"product-type-simple"},"bundled_by":[],"bundle_stock_status":"instock","bundle_stock_quantity":16,"bundle_virtual":false,"bundle_layout":"","bundle_add_to_cart_form_location":"","bundle_editable_in_cart":false,"bundle_sold_individually_context":"","bundle_item_grouping":"","bundle_min_size":"","bundle_max_size":"","bundle_price":[],"bundled_items":[],"bundle_sell_ids":[],"exclude_global_add_ons":[],"addons":[],"df_price":116.16,"df_sale_price":116.16,"df_regular_price":137.94,"df_image_link":"https:\/\/zoca.es\/wp-content\/uploads\/images\/product\/12938\/hp02778_01-300x225.jpg","_links":{"self":[{"href":"https:\/\/zoca.es\/pt-pt\/wp-json\/wp\/v2\/product\/120240","targetHints":{"allow":["GET"]}}],"collection":[{"href":"https:\/\/zoca.es\/pt-pt\/wp-json\/wp\/v2\/product"}],"about":[{"href":"https:\/\/zoca.es\/pt-pt\/wp-json\/wp\/v2\/types\/product"}],"wp:featuredmedia":[{"embeddable":true,"href":"https:\/\/zoca.es\/pt-pt\/wp-json\/wp\/v2\/media\/120231"}],"wp:attachment":[{"href":"https:\/\/zoca.es\/pt-pt\/wp-json\/wp\/v2\/media?parent=120240"}],"wp:term":[{"taxonomy":"product_brand","embeddable":true,"href":"https:\/\/zoca.es\/pt-pt\/wp-json\/wp\/v2\/product_brand?post=120240"},{"taxonomy":"product_cat","embeddable":true,"href":"https:\/\/zoca.es\/pt-pt\/wp-json\/wp\/v2\/product_cat?post=120240"},{"taxonomy":"product_tag","embeddable":true,"href":"https:\/\/zoca.es\/pt-pt\/wp-json\/wp\/v2\/product_tag?post=120240"}],"curies":[{"name":"wp","href":"https:\/\/api.w.org\/{rel}","templated":true}]}}