{"id":119599,"date":"2024-11-13T17:44:49","date_gmt":"2024-11-13T16:44:49","guid":{"rendered":"https:\/\/zoca.es\/producto\/ibm-x3550-m4-7914-ac1-rack-recondicionado-xeon-quad-core-18ghz-32-gb-ram-300-gb-sas-pt-13027\/"},"modified":"2026-02-25T10:19:53","modified_gmt":"2026-02-25T09:19:53","slug":"ibm-x3550-m4-7914-ac1-rack-recondicionado-xeon-quad-core-18ghz-32-gb-ram-300-gb-sas-pt-13027","status":"publish","type":"product","link":"https:\/\/zoca.es\/pt-pt\/produto\/ibm-x3550-m4-7914-ac1-rack-recondicionado-xeon-quad-core-18ghz-32-gb-ram-300-gb-sas-pt-13027\/","title":{"rendered":"IBM X3550 M4 7914-AC1 Rack | Recondicionado | Xeon Quad Core 1.8GHz | 32 GB RAM | 300 GB SAS"},"content":{"rendered":"<p><strong>Processador<\/strong><br \/>Intel Xeon Quad Core E5-2603 V2 1.8 GHz.<br \/><strong>Fator de forma<\/strong><br \/>Rack  (1U)<br \/><strong>Mem\u00f3ria RAM<\/strong><br \/>32 Gb. DDR3 ECC RAM<br \/>12 ba\u00edas (10 vazio )<br \/><strong>Disco r\u00edgido<\/strong><br \/>3x 300 Gb. SAS 2.5&#8221; 10000rpm<br \/>8 ba\u00edas (5 vazio )<br \/><strong>Drive \u00f3ptico<\/strong><br \/>DVD-RW<br \/><strong>Cart\u00f5es<\/strong><br \/>Placa gr\u00e1fica: Matrox G200ER2<br \/>Network: Gigabit Ethernet<br \/><strong>Sistema operativo<\/strong><br \/>&#8211; Sem sistema operativo &#8211;<br \/><strong>Portos<\/strong><br \/>S\u00e9rie<br \/>6x USB 2.0<br \/><strong>Conectividade<\/strong><br \/>4x RJ-45<br \/><strong>Alimenta\u00e7\u00e3o<\/strong><br \/>2x Fontes de alimenta\u00e7\u00e3o (Hotplug)<br \/><strong>Dimens\u00f5es<\/strong><br \/>77.5&#215;48.5&#215;4 cm.<br \/><strong>Peso<\/strong><br \/>15.00 Kg.<br \/><strong>Especifica\u00e7\u00f5es adicionais<\/strong><br \/><u>V\u00e1lido para unidades de 2,5&#8243;, tanto SAS quanto SATA.<\/u> Boa apar\u00eancia externa. Se tiver alguma d\u00favida, ligue para n\u00f3s ou utilize nosso chat para mais informa\u00e7\u00f5es ou para solicitar mais detalhes.<\/p>\n<p><strong>Coment\u00e1rios<\/strong><br \/><u>IBM 46C8928 LSI SAS9223-8i ServeRAID M1115 &#8211; 2xPCIe X16<\/u><\/p>\n","protected":false},"excerpt":{"rendered":"<p>Intel Xeon Quad Core E5-2603 V2 1.8 GHz. \u00b7 32 Gb. DDR3 ECC RAM \u00b7 12 ba\u00edas (10 vazio ) \u00b7 3x 300 Gb. SAS 2.5&#8221; 10000rpm \u00b7 8 ba\u00edas (5 vazio ) \u00b7 DVD-RW \u00b7 <u>IBM 46C8928 LSI SAS9223-8i ServeRAID M1115 &#8211; 2xPCIe X16<\/u><\/p>\n","protected":false},"featured_media":119596,"template":"","meta":[],"product_brand":[3476],"product_cat":[2338,2344],"product_tag":[3292],"class_list":{"0":"post-119599","1":"product","2":"type-product","3":"status-publish","4":"has-post-thumbnail","6":"product_brand-ibm","7":"product_cat-servidores-pt","8":"product_cat-servidores-rack-pt","9":"product_tag-oferta-permanente","11":"first","12":"instock","13":"sale","14":"taxable","15":"shipping-taxable","16":"purchasable","17":"product-type-simple"},"bundled_by":[],"bundle_stock_status":"instock","bundle_stock_quantity":34,"bundle_virtual":false,"bundle_layout":"","bundle_add_to_cart_form_location":"","bundle_editable_in_cart":false,"bundle_sold_individually_context":"","bundle_item_grouping":"","bundle_min_size":"","bundle_max_size":"","bundle_price":[],"bundled_items":[],"bundle_sell_ids":[],"exclude_global_add_ons":true,"addons":{"hdd-upgrades":{"name":"Extens\u00e3o disco r\u00edgido","type":"multiple_choice","position":0,"required":false,"title_format":"heading","default":"","description_enable":false,"description":"","placeholder_enable":false,"placeholder":"","display":"radiobutton","restrictions_type":"any_text","adjust_price":false,"price":"","price_type":"quantity_based","restrictions":false,"min":"0","max":"0","options":[{"label":"2x Disco SSD 240 Gb. [AMP00058]","price":"100.0000","price_type":"quantity_based","image":0,"visibility":true},{"label":"2x Disco SSD 480 Gb. [AMP00059]","price":"200.0000","price_type":"quantity_based","image":0,"visibility":true}]}},"df_price":145.2,"df_sale_price":145.2,"df_regular_price":174.24,"df_image_link":"https:\/\/zoca.es\/wp-content\/uploads\/images\/product\/13027\/ibm00064_01-300x225.jpg","_links":{"self":[{"href":"https:\/\/zoca.es\/pt-pt\/wp-json\/wp\/v2\/product\/119599","targetHints":{"allow":["GET"]}}],"collection":[{"href":"https:\/\/zoca.es\/pt-pt\/wp-json\/wp\/v2\/product"}],"about":[{"href":"https:\/\/zoca.es\/pt-pt\/wp-json\/wp\/v2\/types\/product"}],"wp:featuredmedia":[{"embeddable":true,"href":"https:\/\/zoca.es\/pt-pt\/wp-json\/wp\/v2\/media\/119596"}],"wp:attachment":[{"href":"https:\/\/zoca.es\/pt-pt\/wp-json\/wp\/v2\/media?parent=119599"}],"wp:term":[{"taxonomy":"product_brand","embeddable":true,"href":"https:\/\/zoca.es\/pt-pt\/wp-json\/wp\/v2\/product_brand?post=119599"},{"taxonomy":"product_cat","embeddable":true,"href":"https:\/\/zoca.es\/pt-pt\/wp-json\/wp\/v2\/product_cat?post=119599"},{"taxonomy":"product_tag","embeddable":true,"href":"https:\/\/zoca.es\/pt-pt\/wp-json\/wp\/v2\/product_tag?post=119599"}],"curies":[{"name":"wp","href":"https:\/\/api.w.org\/{rel}","templated":true}]}}