{"id":119312,"date":"2024-11-13T09:45:22","date_gmt":"2024-11-13T08:45:22","guid":{"rendered":"https:\/\/zoca.es\/producto\/impressora-matricial-epson-plq-22m-recondicionado-pt-12968\/"},"modified":"2026-02-25T10:39:36","modified_gmt":"2026-02-25T09:39:36","slug":"impressora-matricial-epson-plq-22m-recondicionado-pt-12968","status":"publish","type":"product","link":"https:\/\/zoca.es\/pt-pt\/produto\/impressora-matricial-epson-plq-22m-recondicionado-pt-12968\/","title":{"rendered":"Impressora Matricial Epson PLQ-22M | Recondicionado"},"content":{"rendered":"<p><strong>Geral impressora<\/strong><br \/>Carruagem Estrecho<br \/>Colunas 80<br \/>Pins 24<br \/><strong>C\u00f3pias<\/strong><br \/>Velocidade 480 cps<br \/>N\u00ba de c\u00f3pias 6<br \/>Emula\u00e7\u00e3o ESC\/P2, IBM PPDS, PR2<br \/><strong>Conectividade impressora<\/strong><br \/>Serie, Paralelo, USB<br \/><strong>Formatos aceitos<\/strong><br \/>Folha cortada<br \/><strong>Consum\u00edvel<\/strong><br \/>Fita (inclu\u00eddo)<br \/><strong>Outros<\/strong><br \/>hR embalagens<br \/><strong>Dimens\u00f5es<\/strong><br \/>38.5x28x23 cm.<br \/><strong>Peso<\/strong><br \/>8.50 Kg.<br \/><strong>Especifica\u00e7\u00f5es adicionais<\/strong><br \/>A EPSON PLQ-22M \u00e9 uma impressora projetada para ambientes de alta demanda, ideal para escrit\u00f3rios e bancos onde s\u00e3o necess\u00e1rias impress\u00f5es r\u00e1pidas e de alta qualidade. Oferece desempenho robusto e eficiente para lidar com documentos com precis\u00e3o. Sua capacidade de imprimir em v\u00e1rios tipos de papel e seu design compacto tornam-na uma op\u00e7\u00e3o pr\u00e1tica para espa\u00e7os apertados. Al\u00e9m disso, o seu baixo n\u00edvel de ru\u00eddo e efici\u00eancia energ\u00e9tica contribuem para um ambiente de trabalho confort\u00e1vel e poupan\u00e7a no consumo de energia el\u00e9ctrica.<br \/>Boa apar\u00eancia exterior. Se voc\u00ea tiver alguma d\u00favida, ligue para n\u00f3s ou use nosso chat para mais informa\u00e7\u00f5es ou para solicitar mais detalhes.<\/p>\n","protected":false},"excerpt":{"rendered":"<p>Colunas 80 \u00b7 Pins 24 \u00b7 Carruagem Estrecho \u00b7 Velocidade 480 cps \u00b7 N\u00ba de c\u00f3pias 6 \u00b7 Serie, Paralelo, USB \u00b7 Folha cortada \u00b7 Fita (Inclu\u00eddo)<\/p>\n","protected":false},"featured_media":119306,"template":"","meta":[],"product_brand":[3472],"product_cat":[2362,2392],"product_tag":[],"class_list":{"0":"post-119312","1":"product","2":"type-product","3":"status-publish","4":"has-post-thumbnail","6":"product_brand-epson","7":"product_cat-impressoras-pt","8":"product_cat-impressoras-financeiras-pt","10":"first","11":"instock","12":"taxable","13":"shipping-taxable","14":"purchasable","15":"product-type-simple"},"bundled_by":[],"bundle_stock_status":"instock","bundle_stock_quantity":7,"bundle_virtual":false,"bundle_layout":"","bundle_add_to_cart_form_location":"","bundle_editable_in_cart":false,"bundle_sold_individually_context":"","bundle_item_grouping":"","bundle_min_size":"","bundle_max_size":"","bundle_price":[],"bundled_items":[],"bundle_sell_ids":[],"exclude_global_add_ons":[],"addons":[],"df_price":159.72,"df_sale_price":"","df_regular_price":159.72,"df_image_link":"https:\/\/zoca.es\/wp-content\/uploads\/images\/product\/12968\/epso00057_01-300x225.jpg","_links":{"self":[{"href":"https:\/\/zoca.es\/pt-pt\/wp-json\/wp\/v2\/product\/119312","targetHints":{"allow":["GET"]}}],"collection":[{"href":"https:\/\/zoca.es\/pt-pt\/wp-json\/wp\/v2\/product"}],"about":[{"href":"https:\/\/zoca.es\/pt-pt\/wp-json\/wp\/v2\/types\/product"}],"wp:featuredmedia":[{"embeddable":true,"href":"https:\/\/zoca.es\/pt-pt\/wp-json\/wp\/v2\/media\/119306"}],"wp:attachment":[{"href":"https:\/\/zoca.es\/pt-pt\/wp-json\/wp\/v2\/media?parent=119312"}],"wp:term":[{"taxonomy":"product_brand","embeddable":true,"href":"https:\/\/zoca.es\/pt-pt\/wp-json\/wp\/v2\/product_brand?post=119312"},{"taxonomy":"product_cat","embeddable":true,"href":"https:\/\/zoca.es\/pt-pt\/wp-json\/wp\/v2\/product_cat?post=119312"},{"taxonomy":"product_tag","embeddable":true,"href":"https:\/\/zoca.es\/pt-pt\/wp-json\/wp\/v2\/product_tag?post=119312"}],"curies":[{"name":"wp","href":"https:\/\/api.w.org\/{rel}","templated":true}]}}