{"id":116852,"date":"2024-10-17T16:53:07","date_gmt":"2024-10-17T15:53:07","guid":{"rendered":"https:\/\/zoca.es\/producto\/lenovo-thinkcentre-m72e-sff-recondicionado-core-i3-33ghz-8-gb-ram-500-gb-hdd-pt-12857\/"},"modified":"2026-02-25T10:00:14","modified_gmt":"2026-02-25T09:00:14","slug":"lenovo-thinkcentre-m72e-sff-recondicionado-core-i3-33ghz-8-gb-ram-500-gb-hdd-pt-12857","status":"publish","type":"product","link":"https:\/\/zoca.es\/pt-pt\/produto\/lenovo-thinkcentre-m72e-sff-recondicionado-core-i3-33ghz-8-gb-ram-500-gb-hdd-pt-12857\/","title":{"rendered":"Lenovo TPV ThinkCentre M72e + 15&#8243; T\u00e1ctil | Recondicionado"},"content":{"rendered":"<p><strong>Processador<\/strong><br \/>Intel Core i3 3220 3.3 GHz. [TPM 1.2]<br \/><strong>Fator de forma<\/strong><br \/>SFF<br \/><strong>Mem\u00f3ria RAM<\/strong><br \/>8 Gb. DDR3 RAM<br \/><strong>Disco r\u00edgido<\/strong><br \/>500 Gb. SATA<br \/><strong>Cart\u00f5es<\/strong><br \/>Placa gr\u00e1fica: Intel HD Graphics 2500<br \/>Som: High Definition Audio<br \/>Network: Realtek PCIe Gbe Family Controller<br \/><strong>Sistema operativo<\/strong><br \/>Windows 10 Pro<br \/><strong>Portos<\/strong><br \/>1x S\u00e9rie<br \/>6x USB 2.0<br \/>2x PS2<br \/><strong>Portas de v\u00eddeo<\/strong><br \/>1x VGA<br \/>1x DVI<br \/><strong>Conectividade<\/strong><br \/>1x RJ-45<br \/><strong>Outros<\/strong><br \/>hR embalagens<br \/><strong>Dimens\u00f5es<\/strong><br \/>33.5x38x10 cm.<br \/><strong>Peso<\/strong><br \/>5.30 Kg.<br \/><strong>Especifica\u00e7\u00f5es adicionais<\/strong><br \/>Bom aspecto exterior. Veja &#8220;+ Fotos&#8221; e &#8220;V\u00eddeo&#8221; e se tiver alguma d\u00favida contacte-nos ou utilize o nosso chat para mais informa\u00e7\u00f5es ou para pedir mais detalhes.<br \/><strong>Coment\u00e1rios<\/strong><br \/><u>Monitor ELO ET1515L<br \/>\n<\/u>(Touch 15&#8221; HD 4:3 \u00b7 Resolu\u00e7\u00e3o 1024&#215;768 \u00b7 Resposta 8 ms \u00b7 Contraste 800:1 \u00b7 Brilho 250 cd\/m2 \u00b7 \u00c2ngulo de vis\u00e3o 70\u00b0v\/60\u00b0h \u00b7 1x VGA)<br \/>\n<u>Impressora USB\/Serial EPSON TM-T88V<br \/>\n<\/u>(T\u00e9rmico \u00b7 Largura do papel 83 mm \u00b7 Corte autom\u00e1tico \u00b7 Velocidade de impress\u00e3o 300 mm\/s \u00b7 Caracteres por polegada 20 \u00b7 Serial, USB, abertura de gaveta \u00b7 Caixa preta)<\/p>\n","protected":false},"excerpt":{"rendered":"<p>Intel Core i3 3220 3.3 GHz. [TPM 1.2] \u00b7 8 Gb. DDR3 RAM \u00b7 500 Gb. SATA \u00b7 Windows 10 Pro \u00b7<u>Monitor ELO ET1515L<\/u> \u00b7 <u>Impressora Epson TM-T88V USB\/Serial<\/u><\/p>\n","protected":false},"featured_media":116834,"template":"","meta":[],"product_brand":[3452],"product_cat":[61,2314,2320],"product_tag":[],"class_list":{"0":"post-116852","1":"product","2":"type-product","3":"status-publish","4":"has-post-thumbnail","6":"product_brand-lenovo","7":"product_cat-pos-pt","8":"product_cat-pos-all-in-one-pt","9":"product_cat-pos-kits-pt","11":"first","12":"instock","13":"taxable","14":"shipping-taxable","15":"purchasable","16":"product-type-simple"},"bundled_by":[],"bundle_stock_status":"instock","bundle_stock_quantity":38,"bundle_virtual":false,"bundle_layout":"","bundle_add_to_cart_form_location":"","bundle_editable_in_cart":false,"bundle_sold_individually_context":"","bundle_item_grouping":"","bundle_min_size":"","bundle_max_size":"","bundle_price":[],"bundled_items":[],"bundle_sell_ids":[],"exclude_global_add_ons":true,"addons":{"peripheral-upgrades":{"name":"Extens\u00e3o Perif\u00e9rico","type":"multiple_choice","position":0,"required":false,"title_format":"heading","default":"","description_enable":false,"description":"","placeholder_enable":false,"placeholder":"","display":"radiobutton","restrictions_type":"any_text","adjust_price":false,"price":"","price_type":"quantity_based","restrictions":false,"min":"0","max":"0","options":[{"label":"Gaveta de dinheiro autom\u00e1tica 41 cm. Ocasi\u00f3n [AMP00140]","price":"45.0000","price_type":"quantity_based","image":0,"visibility":true}]},"hdd-upgrades":{"name":"Extens\u00e3o disco r\u00edgido","type":"multiple_choice","position":0,"required":false,"title_format":"heading","default":"","description_enable":false,"description":"","placeholder_enable":false,"placeholder":"","display":"radiobutton","restrictions_type":"any_text","adjust_price":false,"price":"","price_type":"quantity_based","restrictions":false,"min":"0","max":"0","options":[{"label":"Cambio a Disco SSD 1 Tb. [AMP00071]","price":"95.0000","price_type":"quantity_based","image":0,"visibility":true},{"label":"Cambio a Disco SSD 120 Gb. [AMP00012]","price":"25.0000","price_type":"quantity_based","image":0,"visibility":true},{"label":"Cambio a Disco SSD 240 Gb. [AMP00013]","price":"35.0000","price_type":"quantity_based","image":0,"visibility":true},{"label":"Cambio a Disco SSD 480 Gb. [AMP00014]","price":"59.0000","price_type":"quantity_based","image":0,"visibility":true}]},"os-upgrades":{"name":"Extens\u00e3o OS","type":"multiple_choice","position":0,"required":false,"title_format":"heading","default":"","description_enable":false,"description":"","placeholder_enable":false,"placeholder":"","display":"radiobutton","restrictions_type":"any_text","adjust_price":false,"price":"","price_type":"quantity_based","restrictions":false,"min":"0","max":"0","options":[{"label":"Alterar idioma para franc\u00eas [AMP00125]","price":"0.0000","price_type":"quantity_based","image":0,"visibility":true},{"label":"Alterar idioma para ingl\u00eas [AMP00008]","price":"0.0000","price_type":"quantity_based","image":0,"visibility":true},{"label":"Alterar idioma para o portugu\u00eas [AMP00009]","price":"0.0000","price_type":"quantity_based","image":0,"visibility":true}]}},"df_price":212.96,"df_sale_price":"","df_regular_price":212.96,"df_image_link":"https:\/\/zoca.es\/wp-content\/uploads\/images\/product\/12857\/leno00900_01-300x225.jpg","_links":{"self":[{"href":"https:\/\/zoca.es\/pt-pt\/wp-json\/wp\/v2\/product\/116852","targetHints":{"allow":["GET"]}}],"collection":[{"href":"https:\/\/zoca.es\/pt-pt\/wp-json\/wp\/v2\/product"}],"about":[{"href":"https:\/\/zoca.es\/pt-pt\/wp-json\/wp\/v2\/types\/product"}],"wp:featuredmedia":[{"embeddable":true,"href":"https:\/\/zoca.es\/pt-pt\/wp-json\/wp\/v2\/media\/116834"}],"wp:attachment":[{"href":"https:\/\/zoca.es\/pt-pt\/wp-json\/wp\/v2\/media?parent=116852"}],"wp:term":[{"taxonomy":"product_brand","embeddable":true,"href":"https:\/\/zoca.es\/pt-pt\/wp-json\/wp\/v2\/product_brand?post=116852"},{"taxonomy":"product_cat","embeddable":true,"href":"https:\/\/zoca.es\/pt-pt\/wp-json\/wp\/v2\/product_cat?post=116852"},{"taxonomy":"product_tag","embeddable":true,"href":"https:\/\/zoca.es\/pt-pt\/wp-json\/wp\/v2\/product_tag?post=116852"}],"curies":[{"name":"wp","href":"https:\/\/api.w.org\/{rel}","templated":true}]}}