{"id":116697,"date":"2024-10-15T14:44:31","date_gmt":"2024-10-15T13:44:31","guid":{"rendered":"https:\/\/zoca.es\/producto\/ibm-system-x3650-m3-rack-recondicionado-xeon-24ghz-8-gb-ram-72-gb-sas-pt-8224\/"},"modified":"2026-02-25T10:07:20","modified_gmt":"2026-02-25T09:07:20","slug":"ibm-system-x3650-m3-rack-recondicionado-xeon-24ghz-8-gb-ram-72-gb-sas-pt-8224","status":"publish","type":"product","link":"https:\/\/zoca.es\/pt-pt\/produto\/ibm-system-x3650-m3-rack-recondicionado-xeon-24ghz-8-gb-ram-72-gb-sas-pt-8224\/","title":{"rendered":"IBM System X3650 M3 Rack | Recondicionado | Xeon 2.4GHz | 8 GB RAM | 72 GB SAS"},"content":{"rendered":"<p><strong>Processador<\/strong><br \/>2x Intel Xeon E5620 2.4 GHz.<br \/><strong>Fator de forma<\/strong><br \/>Rack  (2U)<br \/><strong>Mem\u00f3ria RAM<\/strong><br \/>8 Gb. DDR2 ECC RAM<br \/><strong>Disco r\u00edgido<\/strong><br \/>2x 72 Gb. SAS 2.5&#8221; 10000rpm<br \/>2x 146 Gb. SAS 2.5&#8221; 10000rpm<br \/>8 ba\u00edas  (4 vazio )<br \/><strong>Drive \u00f3ptico<\/strong><br \/>DVD-RW<br \/><strong>Sistema operativo<\/strong><br \/>COA Windows Server 2008 atualizado para &#8211; Sem sistema operativo &#8211;<br \/><strong>Portos<\/strong><br \/>1x S\u00e9rie<br \/>4x USB 2.0<br \/><strong>Conectividade<\/strong><br \/>2x RJ-45<br \/><strong>Alimenta\u00e7\u00e3o<\/strong><br \/>1x Fontes de alimenta\u00e7\u00e3o (Hotplug)<br \/><strong>Dimens\u00f5es<\/strong><br \/>44.5&#215;70.5&#215;8.5 cm.<br \/><strong>Peso<\/strong><br \/>20.00 Kg.<br \/><strong>Especifica\u00e7\u00f5es adicionais<\/strong><br \/>Servidor ideal para empresas que necessitam de um servidor confi\u00e1vel e escal\u00e1vel. Com 2 Intel Al\u00e9m disso, possui 8 baias de expans\u00e3o (4 vazias), permitindo aumentar o armazenamento conforme necess\u00e1rio. Sua capacidade de suportar configura\u00e7\u00f5es RAID e discos hot-swap o torna perfeito para ambientes que exigem alta disponibilidade e flexibilidade.<br \/>Boa apar\u00eancia externa. Se voc\u00ea tiver alguma d\u00favida, ligue para n\u00f3s ou use nosso chat para mais informa\u00e7\u00f5es ou para solicitar mais detalhes.<\/p>\n<p><strong>Coment\u00e1rios<\/strong><br \/><u>ServidorRAID M5010<\/u><\/p>\n","protected":false},"excerpt":{"rendered":"<p>2x Intel Xeon E5620 2.4 GHz. \u00b7 8 Gb. DDR2 ECC RAM \u00b7 2x 72 Gb. SAS 2.5&#8221; 10000rpm \u00b7 2x 146 Gb. SAS 2.5&#8221; 10000rpm \u00b7 8 ba\u00edas  (4 vazio ) \u00b7 DVD-RW \u00b7 <u>ServidorRAID M5010<\/u><\/p>\n","protected":false},"featured_media":116694,"template":"","meta":[],"product_brand":[3476],"product_cat":[2338,2344],"product_tag":[],"class_list":{"0":"post-116697","1":"product","2":"type-product","3":"status-publish","4":"has-post-thumbnail","6":"product_brand-ibm","7":"product_cat-servidores-pt","8":"product_cat-servidores-rack-pt","10":"first","11":"instock","12":"taxable","13":"shipping-taxable","14":"purchasable","15":"product-type-simple"},"bundled_by":[],"bundle_stock_status":"instock","bundle_stock_quantity":1,"bundle_virtual":false,"bundle_layout":"","bundle_add_to_cart_form_location":"","bundle_editable_in_cart":false,"bundle_sold_individually_context":"","bundle_item_grouping":"","bundle_min_size":"","bundle_max_size":"","bundle_price":[],"bundled_items":[],"bundle_sell_ids":[],"exclude_global_add_ons":[],"addons":[],"df_price":145.2,"df_sale_price":"","df_regular_price":145.2,"df_image_link":"https:\/\/zoca.es\/wp-content\/uploads\/images\/product\/8224\/ibm00042_01-300x225.jpg","_links":{"self":[{"href":"https:\/\/zoca.es\/pt-pt\/wp-json\/wp\/v2\/product\/116697","targetHints":{"allow":["GET"]}}],"collection":[{"href":"https:\/\/zoca.es\/pt-pt\/wp-json\/wp\/v2\/product"}],"about":[{"href":"https:\/\/zoca.es\/pt-pt\/wp-json\/wp\/v2\/types\/product"}],"wp:featuredmedia":[{"embeddable":true,"href":"https:\/\/zoca.es\/pt-pt\/wp-json\/wp\/v2\/media\/116694"}],"wp:attachment":[{"href":"https:\/\/zoca.es\/pt-pt\/wp-json\/wp\/v2\/media?parent=116697"}],"wp:term":[{"taxonomy":"product_brand","embeddable":true,"href":"https:\/\/zoca.es\/pt-pt\/wp-json\/wp\/v2\/product_brand?post=116697"},{"taxonomy":"product_cat","embeddable":true,"href":"https:\/\/zoca.es\/pt-pt\/wp-json\/wp\/v2\/product_cat?post=116697"},{"taxonomy":"product_tag","embeddable":true,"href":"https:\/\/zoca.es\/pt-pt\/wp-json\/wp\/v2\/product_tag?post=116697"}],"curies":[{"name":"wp","href":"https:\/\/api.w.org\/{rel}","templated":true}]}}