{"id":116079,"date":"2024-10-08T11:01:19","date_gmt":"2024-10-08T10:01:19","guid":{"rendered":"https:\/\/zoca.es\/producto\/opcao-portatil-hp-elite-usb-c-docking-hsa-b005ds-recondicionado-pt-12117\/"},"modified":"2026-04-01T12:14:06","modified_gmt":"2026-04-01T11:14:06","slug":"opcao-portatil-hp-elite-usb-c-docking-hsa-b005ds-recondicionado-pt-12117","status":"publish","type":"product","link":"https:\/\/zoca.es\/pt-pt\/produto\/opcao-portatil-hp-elite-usb-c-docking-hsa-b005ds-recondicionado-pt-12117\/","title":{"rendered":"Op\u00e7\u00e3o port\u00e1til HP Elite USB-C Docking HSA-B005DS | Recondicionado"},"content":{"rendered":"<p><strong>Puertos:<\/strong>1xUSB-C, 1xUSB 3.0, 3xUSB 2.0, 1xEthernet Gigabit, , 2 xDisplayPort<strong>, <\/strong> 1 x audio<strong><br \/><\/strong><\/p>\n<p><strong>Otros:<\/strong><br \/><u>Adaptador de Corriente Incluido<\/u><\/p>\n","protected":false},"excerpt":{"rendered":"<p>V\u00e1lido para cualquier tipo de Ordenador que lleva USB-C &#8211; <u>Adaptador de corriente Incluido<\/u><\/p>\n","protected":false},"featured_media":116073,"template":"","meta":[],"product_brand":[3453],"product_cat":[3111,2253,2301,3084,3093],"product_tag":[],"class_list":{"0":"post-116079","1":"product","2":"type-product","3":"status-publish","4":"has-post-thumbnail","6":"product_brand-hp","7":"product_cat-tablets-tablets-pt","8":"product_cat-laptops-pt","9":"product_cat-tablets-pt","10":"product_cat-laptops-opcaos-pt","11":"product_cat-laptops-opcaos-docking-station-pt","13":"first","14":"instock","15":"taxable","16":"shipping-taxable","17":"purchasable","18":"product-type-simple"},"bundled_by":[],"bundle_stock_status":"instock","bundle_stock_quantity":10,"bundle_virtual":false,"bundle_layout":"","bundle_add_to_cart_form_location":"","bundle_editable_in_cart":false,"bundle_sold_individually_context":"","bundle_item_grouping":"","bundle_min_size":"","bundle_max_size":"","bundle_price":[],"bundled_items":[],"bundle_sell_ids":[],"exclude_global_add_ons":[],"addons":[],"df_price":94.38,"df_sale_price":"","df_regular_price":94.38,"df_image_link":"https:\/\/zoca.es\/wp-content\/uploads\/images\/product\/12117\/hp02551_01-300x225.jpg","_links":{"self":[{"href":"https:\/\/zoca.es\/pt-pt\/wp-json\/wp\/v2\/product\/116079","targetHints":{"allow":["GET"]}}],"collection":[{"href":"https:\/\/zoca.es\/pt-pt\/wp-json\/wp\/v2\/product"}],"about":[{"href":"https:\/\/zoca.es\/pt-pt\/wp-json\/wp\/v2\/types\/product"}],"wp:featuredmedia":[{"embeddable":true,"href":"https:\/\/zoca.es\/pt-pt\/wp-json\/wp\/v2\/media\/116073"}],"wp:attachment":[{"href":"https:\/\/zoca.es\/pt-pt\/wp-json\/wp\/v2\/media?parent=116079"}],"wp:term":[{"taxonomy":"product_brand","embeddable":true,"href":"https:\/\/zoca.es\/pt-pt\/wp-json\/wp\/v2\/product_brand?post=116079"},{"taxonomy":"product_cat","embeddable":true,"href":"https:\/\/zoca.es\/pt-pt\/wp-json\/wp\/v2\/product_cat?post=116079"},{"taxonomy":"product_tag","embeddable":true,"href":"https:\/\/zoca.es\/pt-pt\/wp-json\/wp\/v2\/product_tag?post=116079"}],"curies":[{"name":"wp","href":"https:\/\/api.w.org\/{rel}","templated":true}]}}