{"id":114554,"date":"2024-09-17T09:11:11","date_gmt":"2024-09-17T08:11:11","guid":{"rendered":"https:\/\/zoca.es\/producto\/kiosco-all-in-one-con-hp-4300-17-aio-recondicionado-core-i3-33ghz-8-gb-ram-250-gb-ssd-pt-12699\/"},"modified":"2026-02-25T09:36:58","modified_gmt":"2026-02-25T08:36:58","slug":"kiosco-all-in-one-con-hp-4300-17-aio-recondicionado-core-i3-33ghz-8-gb-ram-250-gb-ssd-pt-12699","status":"publish","type":"product","link":"https:\/\/zoca.es\/pt-pt\/produto\/kiosco-all-in-one-con-hp-4300-17-aio-recondicionado-core-i3-33ghz-8-gb-ram-250-gb-ssd-pt-12699\/","title":{"rendered":"Kiosco All-In-One con HP 4300 17&#8221; AIO | Recondicionado | Core i3 3.3GHz | 8 GB RAM | 250 GB SSD"},"content":{"rendered":"<p><strong>Processador<\/strong><br \/>Intel Core i3 3220 3.3 GHz.<br \/><strong>Fator de forma<\/strong><br \/>AIO<br \/><strong>Mem\u00f3ria RAM<\/strong><br \/>8 Gb. DDR3 RAM<br \/><strong>Disco r\u00edgido<\/strong><br \/>250 Gb. SSD<br \/><strong>Drive \u00f3ptico<\/strong><br \/>DVD-RW<br \/><strong>Cart\u00f5es<\/strong><br \/>Placa gr\u00e1fica: HD Graphics 2500<br \/>Som: High Definicion Audio<br \/>Network: broad com ned link<br \/><strong>Sistema operativo<\/strong><br \/>Windows 10 Pro<br \/><strong>Portos<\/strong><br \/>1x S\u00e9rie<br \/>8x USB 2.0<br \/>2x PS2<br \/><strong>Tela<\/strong><br \/>T\u00e1til 17 &#8221; HD  5:4  \u00b7 Resolu\u00e7\u00e3o 1280&#215;1024<br \/><strong>Portas de v\u00eddeo<\/strong><br \/>1x VGA<br \/>1x DVI<br \/><strong>Conectividade<\/strong><br \/>1x RJ-45<br \/><strong>Dimens\u00f5es<\/strong><br \/>138x64x48 cm.<br \/><strong>Peso<\/strong><br \/>90.00 Kg.<br \/><strong>Especifica\u00e7\u00f5es adicionais<\/strong><br \/><u>Design compacto e elegante: <\/u>Seu formato multifuncional economiza espa\u00e7o e melhora a est\u00e9tica do balc\u00e3o, ideal para ambientes comerciais onde a apar\u00eancia \u00e9 importante.<br \/><u>Durabilidade:<\/u> Constru\u00eddo para suportar uso pesado em ambientes comerciais, com tela sens\u00edvel ao toque robusta e componentes resistentes.<br \/> <u>Multi -Tela sens\u00edvel ao toque: <\/u>facilita a intera\u00e7\u00e3o r\u00e1pida e precisa, melhorando a experi\u00eancia do usu\u00e1rio e agilizando o atendimento ao cliente. <br \/><u>Desempenho confi\u00e1vel: <\/u>equipado com processador Intel Core i3 oferece desempenho suave para tarefas de ponto de venda e aplicativos de neg\u00f3cios. m\u00faltiplas portas para conectar perif\u00e9ricos essenciais.<br \/><u>F\u00e1cil de manter:<\/u> seu design modular permite f\u00e1cil acesso para reparos ou atualiza\u00e7\u00f5es, reduzindo o tempo de inatividade.<br \/><u>Seguran\u00e7a integrada:<\/u> inclui recursos de seguran\u00e7a tanto f\u00edsicos (bloqueios) quanto tecnol\u00f3gicos (prote\u00e7\u00e3o de dados) para ambientes comerciais exigentes.<br \/>Boa apar\u00eancia exterior. Procure em &#8220;+ Fotos\u201d e caso tenha alguma d\u00favida ligue ou utilize nosso chat para mais informa\u00e7\u00f5es ou para solicitar mais detalhes.<\/p>\n<p><strong>Coment\u00e1rios<\/strong><br \/><u>Computador HP 4300 &#8211; General Touch RTL 173 Monitor Touch de 17 &#8211; Impressora USB EPSON TM-T88 IV &#8211; teclado e mouse inclu\u00eddos<\/u><\/p>\n","protected":false},"excerpt":{"rendered":"<p>Intel Core i3 3220 3.3 GHz. \u00b7 8 Gb. DDR3 RAM \u00b7 250 Gb. SSD \u00b7 DVD-RW \u00b7 Windows 10 Pro \u00b7 T\u00e1til 17 &#8221; HD  5:4  \u00b7 Resolu\u00e7\u00e3o 1280&#215;1024 \u00b7 <u>Computador HP 4300 &#8211; General Touch RTL 173 Monitor Touch de 17 &#8211; Impressora USB EPSON TM-T88 IV &#8211; teclado e mouse inclu\u00eddos<\/u><\/p>\n","protected":false},"featured_media":114524,"template":"","meta":[],"product_brand":[3465],"product_cat":[61,2314],"product_tag":[],"class_list":{"0":"post-114554","1":"product","2":"type-product","3":"status-publish","4":"has-post-thumbnail","6":"product_brand-generic","7":"product_cat-pos-pt","8":"product_cat-pos-all-in-one-pt","10":"first","11":"instock","12":"taxable","13":"shipping-taxable","14":"purchasable","15":"product-type-simple"},"bundled_by":[],"bundle_stock_status":"instock","bundle_stock_quantity":12,"bundle_virtual":false,"bundle_layout":"","bundle_add_to_cart_form_location":"","bundle_editable_in_cart":false,"bundle_sold_individually_context":"","bundle_item_grouping":"","bundle_min_size":"","bundle_max_size":"","bundle_price":[],"bundled_items":[],"bundle_sell_ids":[],"exclude_global_add_ons":[],"addons":[],"df_price":542.08,"df_sale_price":"","df_regular_price":542.08,"df_image_link":"https:\/\/zoca.es\/wp-content\/uploads\/images\/product\/12699\/gene00295_01-300x225.jpg","_links":{"self":[{"href":"https:\/\/zoca.es\/pt-pt\/wp-json\/wp\/v2\/product\/114554","targetHints":{"allow":["GET"]}}],"collection":[{"href":"https:\/\/zoca.es\/pt-pt\/wp-json\/wp\/v2\/product"}],"about":[{"href":"https:\/\/zoca.es\/pt-pt\/wp-json\/wp\/v2\/types\/product"}],"wp:featuredmedia":[{"embeddable":true,"href":"https:\/\/zoca.es\/pt-pt\/wp-json\/wp\/v2\/media\/114524"}],"wp:attachment":[{"href":"https:\/\/zoca.es\/pt-pt\/wp-json\/wp\/v2\/media?parent=114554"}],"wp:term":[{"taxonomy":"product_brand","embeddable":true,"href":"https:\/\/zoca.es\/pt-pt\/wp-json\/wp\/v2\/product_brand?post=114554"},{"taxonomy":"product_cat","embeddable":true,"href":"https:\/\/zoca.es\/pt-pt\/wp-json\/wp\/v2\/product_cat?post=114554"},{"taxonomy":"product_tag","embeddable":true,"href":"https:\/\/zoca.es\/pt-pt\/wp-json\/wp\/v2\/product_tag?post=114554"}],"curies":[{"name":"wp","href":"https:\/\/api.w.org\/{rel}","templated":true}]}}