{"id":112269,"date":"2024-08-05T11:38:56","date_gmt":"2024-08-05T10:38:56","guid":{"rendered":"https:\/\/zoca.es\/producto\/lenovo-thinkcentre-m90-sff-recondicionado-core-i3-293ghz-4-gb-ram-160-gb-hdd-pt-12624\/"},"modified":"2026-02-25T10:35:50","modified_gmt":"2026-02-25T09:35:50","slug":"lenovo-thinkcentre-m90-sff-recondicionado-core-i3-293ghz-4-gb-ram-160-gb-hdd-pt-12624","status":"publish","type":"product","link":"https:\/\/zoca.es\/pt-pt\/produto\/lenovo-thinkcentre-m90-sff-recondicionado-core-i3-293ghz-4-gb-ram-160-gb-hdd-pt-12624\/","title":{"rendered":"Grande quantidade Lenovo ThinkCentre M90 Pack 5 | Recondicionado"},"content":{"rendered":"<p><strong>Processador<\/strong><br \/>Intel Core i3 530 2.93 GHz.<br \/><strong>Fator de forma<\/strong><br \/>SFF<br \/><strong>Mem\u00f3ria RAM<\/strong><br \/>4 Gb. DDR3 RAM<br \/><strong>Disco r\u00edgido<\/strong><br \/>160 Gb. SATA<br \/><strong>Drive \u00f3ptico<\/strong><br \/>DVD<br \/><strong>Cart\u00f5es<\/strong><br \/>Placa gr\u00e1fica: Intel HD Graphics<br \/>Som: High Definition Audio<br \/>Network: Intel 82578 DM Ethernet Controller<br \/><strong>Sistema operativo<\/strong><br \/>Windows 7 Pro<br \/><strong>Portos<\/strong><br \/>1x S\u00e9rie<br \/>1x Paralelo<br \/>8x USB 2.0<br \/><strong>Portas de v\u00eddeo<\/strong><br \/>1x VGA<br \/>1x Display Port<br \/><strong>Conectividade<\/strong><br \/>1x RJ-45<br \/><strong>Outros<\/strong><br \/>hR embalagens<br \/><strong>Dimens\u00f5es<\/strong><br \/>35.5x32x10 cm.<br \/><strong>Peso<\/strong><br \/>7.00 Kg.<br \/><strong>Especifica\u00e7\u00f5es adicionais<\/strong><br \/>Boa apar\u00eancia exterior. Se voc\u00ea tiver alguma d\u00favida, ligue para n\u00f3s ou utilize nosso chat para mais informa\u00e7\u00f5es ou para solicitar mais detalhes.<br \/><strong>Coment\u00e1rios<\/strong><br \/><u>1xPCIe X16 \/ 1xPCI<\/u><\/p>\n","protected":false},"excerpt":{"rendered":"<p><u>Pacote 5 Unidades:<\/u> Intel Core i3 530 2.93 GHz. \u00b7 4 Gb. DDR3 RAM \u00b7 160 Gb. SATA \u00b7 DVD \u00b7 Windows 7 Pro \u00b7<br \/>\n<u>1xPCIe X16 \/ 1xPCI<\/u><\/p>\n","protected":false},"featured_media":112260,"template":"","meta":[],"product_brand":[3452],"product_cat":[3123,2218],"product_tag":[],"class_list":{"0":"post-112269","1":"product","2":"type-product","3":"status-publish","4":"has-post-thumbnail","6":"product_brand-lenovo","7":"product_cat-computadores-computadores-pt","8":"product_cat-computadores-pt","10":"first","11":"instock","12":"taxable","13":"shipping-taxable","14":"purchasable","15":"product-type-simple"},"bundled_by":[],"bundle_stock_status":"instock","bundle_stock_quantity":4,"bundle_virtual":false,"bundle_layout":"","bundle_add_to_cart_form_location":"","bundle_editable_in_cart":false,"bundle_sold_individually_context":"","bundle_item_grouping":"","bundle_min_size":"","bundle_max_size":"","bundle_price":[],"bundled_items":[],"bundle_sell_ids":[],"exclude_global_add_ons":true,"addons":{"hdd-upgrades":{"name":"Extens\u00e3o disco r\u00edgido","type":"multiple_choice","position":0,"required":false,"title_format":"heading","default":"","description_enable":false,"description":"","placeholder_enable":false,"placeholder":"","display":"radiobutton","restrictions_type":"any_text","adjust_price":false,"price":"","price_type":"quantity_based","restrictions":false,"min":"0","max":"0","options":[{"label":"Cambio a Disco SSD 120 Gb. [AMP00012]","price":"25.0000","price_type":"quantity_based","image":0,"visibility":true},{"label":"Cambio a Disco SSD 240 Gb. [AMP00013]","price":"35.0000","price_type":"quantity_based","image":0,"visibility":true},{"label":"Cambio a Disco SSD 480 Gb. [AMP00014]","price":"59.0000","price_type":"quantity_based","image":0,"visibility":true},{"label":"Cambio a Disco SSD 1 Tb. [AMP00071]","price":"95.0000","price_type":"quantity_based","image":0,"visibility":true}]},"os-upgrades":{"name":"Extens\u00e3o OS","type":"multiple_choice","position":0,"required":false,"title_format":"heading","default":"","description_enable":false,"description":"","placeholder_enable":false,"placeholder":"","display":"radiobutton","restrictions_type":"any_text","adjust_price":false,"price":"","price_type":"quantity_based","restrictions":false,"min":"0","max":"0","options":[{"label":"Alterar idioma para franc\u00eas [AMP00125]","price":"0.0000","price_type":"quantity_based","image":0,"visibility":true},{"label":"Alterar idioma para ingl\u00eas [AMP00008]","price":"0.0000","price_type":"quantity_based","image":0,"visibility":true},{"label":"Alterar idioma para o portugu\u00eas [AMP00009]","price":"0.0000","price_type":"quantity_based","image":0,"visibility":true},{"label":"MAR Windows 10 Home [AMP00006]","price":"20.0000","price_type":"quantity_based","image":0,"visibility":true},{"label":"MAR Windows 10 PRO [AMP00007]","price":"30.0000","price_type":"quantity_based","image":0,"visibility":true}]}},"df_price":326.7,"df_sale_price":"","df_regular_price":326.7,"df_image_link":"https:\/\/zoca.es\/wp-content\/uploads\/images\/product\/12624\/leno00884_01-300x225.jpg","_links":{"self":[{"href":"https:\/\/zoca.es\/pt-pt\/wp-json\/wp\/v2\/product\/112269","targetHints":{"allow":["GET"]}}],"collection":[{"href":"https:\/\/zoca.es\/pt-pt\/wp-json\/wp\/v2\/product"}],"about":[{"href":"https:\/\/zoca.es\/pt-pt\/wp-json\/wp\/v2\/types\/product"}],"wp:featuredmedia":[{"embeddable":true,"href":"https:\/\/zoca.es\/pt-pt\/wp-json\/wp\/v2\/media\/112260"}],"wp:attachment":[{"href":"https:\/\/zoca.es\/pt-pt\/wp-json\/wp\/v2\/media?parent=112269"}],"wp:term":[{"taxonomy":"product_brand","embeddable":true,"href":"https:\/\/zoca.es\/pt-pt\/wp-json\/wp\/v2\/product_brand?post=112269"},{"taxonomy":"product_cat","embeddable":true,"href":"https:\/\/zoca.es\/pt-pt\/wp-json\/wp\/v2\/product_cat?post=112269"},{"taxonomy":"product_tag","embeddable":true,"href":"https:\/\/zoca.es\/pt-pt\/wp-json\/wp\/v2\/product_tag?post=112269"}],"curies":[{"name":"wp","href":"https:\/\/api.w.org\/{rel}","templated":true}]}}