{"id":110827,"date":"2024-07-15T10:55:43","date_gmt":"2024-07-15T09:55:43","guid":{"rendered":"https:\/\/zoca.es\/producto\/elo-et1515l-15-tatil-43-recondicionado-1024x768-pt-5632\/"},"modified":"2026-03-15T17:41:24","modified_gmt":"2026-03-15T16:41:24","slug":"elo-et1515l-15-tatil-43-recondicionado-1024x768-pt-5632","status":"publish","type":"product","link":"https:\/\/zoca.es\/pt-pt\/produto\/elo-et1515l-15-tatil-43-recondicionado-1024x768-pt-5632\/","title":{"rendered":"ELO ET1515L 15&#8221; T\u00e1til 4:3 | Recondicionado | 1024&#215;768"},"content":{"rendered":"<p><strong>Tela<\/strong><br \/>T\u00e1til 15 &#8221; HD 4:3  \u00b7 Resolu\u00e7\u00e3o 1024&#215;768<br \/>Resposta 8 ms<br \/>Contraste 800:1<br \/>Brilho 250 cd\/m2<br \/>\u00c2ngulo vis\u00e3o 70\u00b0v\/60\u00b0h<br \/><strong>Portas de v\u00eddeo<\/strong><br \/>VGA<br \/><strong>Espec\u00edfico tela<\/strong><br \/>Apoio VESA<br \/>Pedestal<br \/><strong>Outros<\/strong><br \/>hR embalagens<br \/><strong>Dimens\u00f5es<\/strong><br \/>35x31x17 cm.<br \/><strong>Peso<\/strong><br \/>5.00 Kg.<br \/><strong>Especifica\u00e7\u00f5es adicionais<\/strong><br \/>Bom aspecto exterior. Veja &#8220;+ Fotos&#8221; e &#8220;V\u00eddeo&#8221; e se tiver alguma d\u00favida contacte-nos ou utilize o nosso chat para mais informa\u00e7\u00f5es ou para pedir mais detalhes.<\/p>\n<p><strong>Coment\u00e1rios<\/strong><br \/><u>1xDC Jack &#8211; 1xAC Jack &#8211; 1xUSB Type B &#8211; 1xRS232 (DB-9) &#8211; Cabo de alimenta\u00e7\u00e3o e VGA inclu\u00eddo<\/u><\/p>\n","protected":false},"excerpt":{"rendered":"<p>T\u00e1til 15 &#8221; HD 4:3  \u00b7 Resolu\u00e7\u00e3o 1024&#215;768 \u00b7 Resposta 8 ms \u00b7 Contraste 800:1 \u00b7 Brilho 250 cd\/m2 \u00b7 \u00c2ngulo vis\u00e3o 70\u00b0v\/60\u00b0h \u00b7 VGA \u00b7 <u>1xDC Jack &#8211; 1xAC Jack &#8211; 1xUSB Type B &#8211; 1xRS232 (DB-9) &#8211; Cabo de alimenta\u00e7\u00e3o e VGA inclu\u00eddo<\/u><\/p>\n","protected":false},"featured_media":110806,"template":"","meta":[],"product_brand":[3454],"product_cat":[2236,61,2239,2326],"product_tag":[],"class_list":{"0":"post-110827","1":"product","2":"type-product","3":"status-publish","4":"has-post-thumbnail","6":"product_brand-elo","7":"product_cat-monitores-pt","8":"product_cat-pos-pt","9":"product_cat-monitores-de-toque-pt","10":"product_cat-pos-monitores-pt","12":"first","13":"instock","14":"taxable","15":"shipping-taxable","16":"purchasable","17":"product-type-simple"},"bundled_by":[],"bundle_stock_status":"instock","bundle_stock_quantity":158,"bundle_virtual":false,"bundle_layout":"","bundle_add_to_cart_form_location":"","bundle_editable_in_cart":false,"bundle_sold_individually_context":"","bundle_item_grouping":"","bundle_min_size":"","bundle_max_size":"","bundle_price":[],"bundled_items":[],"bundle_sell_ids":[],"exclude_global_add_ons":[],"addons":[],"df_price":142.78,"df_sale_price":"","df_regular_price":142.78,"df_image_link":"https:\/\/zoca.es\/wp-content\/uploads\/images\/product\/5632\/elo00002_01-300x225.jpg","_links":{"self":[{"href":"https:\/\/zoca.es\/pt-pt\/wp-json\/wp\/v2\/product\/110827","targetHints":{"allow":["GET"]}}],"collection":[{"href":"https:\/\/zoca.es\/pt-pt\/wp-json\/wp\/v2\/product"}],"about":[{"href":"https:\/\/zoca.es\/pt-pt\/wp-json\/wp\/v2\/types\/product"}],"wp:featuredmedia":[{"embeddable":true,"href":"https:\/\/zoca.es\/pt-pt\/wp-json\/wp\/v2\/media\/110806"}],"wp:attachment":[{"href":"https:\/\/zoca.es\/pt-pt\/wp-json\/wp\/v2\/media?parent=110827"}],"wp:term":[{"taxonomy":"product_brand","embeddable":true,"href":"https:\/\/zoca.es\/pt-pt\/wp-json\/wp\/v2\/product_brand?post=110827"},{"taxonomy":"product_cat","embeddable":true,"href":"https:\/\/zoca.es\/pt-pt\/wp-json\/wp\/v2\/product_cat?post=110827"},{"taxonomy":"product_tag","embeddable":true,"href":"https:\/\/zoca.es\/pt-pt\/wp-json\/wp\/v2\/product_tag?post=110827"}],"curies":[{"name":"wp","href":"https:\/\/api.w.org\/{rel}","templated":true}]}}