{"id":103742,"date":"2024-04-23T10:03:00","date_gmt":"2024-04-23T09:03:00","guid":{"rendered":"https:\/\/zoca.es\/producto\/ponto-de-acesso-cisco-air-cap3602i-e-k9-v01-recondicionado-pt-11818\/"},"modified":"2026-02-25T10:15:54","modified_gmt":"2026-02-25T09:15:54","slug":"ponto-de-acesso-cisco-air-cap3602i-e-k9-v01-recondicionado-pt-11818","status":"publish","type":"product","link":"https:\/\/zoca.es\/pt-pt\/produto\/ponto-de-acesso-cisco-air-cap3602i-e-k9-v01-recondicionado-pt-11818\/","title":{"rendered":"Ponto de acesso CISCO AIR-CAP3602I-E-K9 v01 | Recondicionado"},"content":{"rendered":"<p><strong>Geral impressora<\/strong><br \/>Ponto de acesso<br \/><strong>Portos de rede<\/strong><br \/>Ethernet 1000 Mbps.<br \/><strong>Dimens\u00f5es<\/strong><br \/>22.5x22x6 cm.<br \/><strong>Peso<\/strong><br \/>2.00 Kg.<br \/><strong>Especifica\u00e7\u00f5es adicionais<\/strong><br \/>Boa apar\u00eancia exterior. Se voc\u00ea tiver alguma d\u00favida, ligue para n\u00f3s ou utilize nosso chat para mais informa\u00e7\u00f5es ou para solicitar mais detalhes.<\/p>\n<p><strong>Coment\u00e1rios<\/strong><br \/><u>2,4\/5 GHz &#8211; PoE 1xGigabit Ethernet \u2013 4 antenas de banda dupla \u2013 Wi-FI a\/b\/g\/n<\/u><\/p>\n","protected":false},"excerpt":{"rendered":"<p>Ponto de acesso \u00b7 Ethernet 1000 Mbps. \u00b7 <u>2,4\/5 GHz &#8211; PoE 1xGigabit Ethernet \u2013 4 antenas de banda dupla \u2013 Wi-FI a\/b\/g\/n<\/u><\/p>\n","protected":false},"featured_media":103736,"template":"","meta":[],"product_brand":[3477],"product_cat":[3216,79],"product_tag":[],"class_list":{"0":"post-103742","1":"product","2":"type-product","3":"status-publish","4":"has-post-thumbnail","6":"product_brand-cisco","7":"product_cat-networking-wireless-pt","8":"product_cat-networking-pt","10":"first","11":"instock","12":"taxable","13":"shipping-taxable","14":"purchasable","15":"product-type-simple"},"bundled_by":[],"bundle_stock_status":"instock","bundle_stock_quantity":2,"bundle_virtual":false,"bundle_layout":"","bundle_add_to_cart_form_location":"","bundle_editable_in_cart":false,"bundle_sold_individually_context":"","bundle_item_grouping":"","bundle_min_size":"","bundle_max_size":"","bundle_price":[],"bundled_items":[],"bundle_sell_ids":[],"exclude_global_add_ons":[],"addons":[],"df_price":145.2,"df_sale_price":"","df_regular_price":145.2,"df_image_link":"https:\/\/zoca.es\/wp-content\/uploads\/images\/product\/11818\/cisc00054_01-300x225.jpg","_links":{"self":[{"href":"https:\/\/zoca.es\/pt-pt\/wp-json\/wp\/v2\/product\/103742","targetHints":{"allow":["GET"]}}],"collection":[{"href":"https:\/\/zoca.es\/pt-pt\/wp-json\/wp\/v2\/product"}],"about":[{"href":"https:\/\/zoca.es\/pt-pt\/wp-json\/wp\/v2\/types\/product"}],"wp:featuredmedia":[{"embeddable":true,"href":"https:\/\/zoca.es\/pt-pt\/wp-json\/wp\/v2\/media\/103736"}],"wp:attachment":[{"href":"https:\/\/zoca.es\/pt-pt\/wp-json\/wp\/v2\/media?parent=103742"}],"wp:term":[{"taxonomy":"product_brand","embeddable":true,"href":"https:\/\/zoca.es\/pt-pt\/wp-json\/wp\/v2\/product_brand?post=103742"},{"taxonomy":"product_cat","embeddable":true,"href":"https:\/\/zoca.es\/pt-pt\/wp-json\/wp\/v2\/product_cat?post=103742"},{"taxonomy":"product_tag","embeddable":true,"href":"https:\/\/zoca.es\/pt-pt\/wp-json\/wp\/v2\/product_tag?post=103742"}],"curies":[{"name":"wp","href":"https:\/\/api.w.org\/{rel}","templated":true}]}}