{"id":103213,"date":"2024-04-15T12:47:16","date_gmt":"2024-04-15T11:47:16","guid":{"rendered":"https:\/\/zoca.es\/producto\/opcao-portatil-hp-candado-hp-essential-nuevo-novo-pt-12064\/"},"modified":"2026-02-25T10:00:31","modified_gmt":"2026-02-25T09:00:31","slug":"opcao-portatil-hp-candado-hp-essential-nuevo-novo-pt-12064","status":"publish","type":"product","link":"https:\/\/zoca.es\/pt-pt\/produto\/opcao-portatil-hp-candado-hp-essential-nuevo-novo-pt-12064\/","title":{"rendered":"Op\u00e7\u00e3o port\u00e1til HP Candado HP Essential &#8211; Nuevo | Novo"},"content":{"rendered":"","protected":false},"excerpt":{"rendered":"<p>Bloqueio de cabo de seguran\u00e7a HP Essential &#8211; Novo produto<\/p>\n","protected":false},"featured_media":103207,"template":"","meta":[],"product_brand":[3453],"product_cat":[4027,2253,3084,3099],"product_tag":[],"class_list":{"0":"post-103213","1":"product","2":"type-product","3":"status-publish","4":"has-post-thumbnail","6":"product_brand-hp","7":"product_cat-cadeados-portatil-pt","8":"product_cat-laptops-pt","9":"product_cat-laptops-opcaos-pt","10":"product_cat-laptops-opcaos-outros-pt","12":"first","13":"instock","14":"taxable","15":"shipping-taxable","16":"purchasable","17":"product-type-simple"},"bundled_by":[],"bundle_stock_status":"instock","bundle_stock_quantity":102,"bundle_virtual":false,"bundle_layout":"","bundle_add_to_cart_form_location":"","bundle_editable_in_cart":false,"bundle_sold_individually_context":"","bundle_item_grouping":"","bundle_min_size":"","bundle_max_size":"","bundle_price":[],"bundled_items":[],"bundle_sell_ids":[],"exclude_global_add_ons":[],"addons":[],"df_price":18.15,"df_sale_price":"","df_regular_price":18.15,"df_image_link":"https:\/\/zoca.es\/wp-content\/uploads\/images\/product\/12064\/hp02532_01-300x225.jpg","_links":{"self":[{"href":"https:\/\/zoca.es\/pt-pt\/wp-json\/wp\/v2\/product\/103213","targetHints":{"allow":["GET"]}}],"collection":[{"href":"https:\/\/zoca.es\/pt-pt\/wp-json\/wp\/v2\/product"}],"about":[{"href":"https:\/\/zoca.es\/pt-pt\/wp-json\/wp\/v2\/types\/product"}],"wp:featuredmedia":[{"embeddable":true,"href":"https:\/\/zoca.es\/pt-pt\/wp-json\/wp\/v2\/media\/103207"}],"wp:attachment":[{"href":"https:\/\/zoca.es\/pt-pt\/wp-json\/wp\/v2\/media?parent=103213"}],"wp:term":[{"taxonomy":"product_brand","embeddable":true,"href":"https:\/\/zoca.es\/pt-pt\/wp-json\/wp\/v2\/product_brand?post=103213"},{"taxonomy":"product_cat","embeddable":true,"href":"https:\/\/zoca.es\/pt-pt\/wp-json\/wp\/v2\/product_cat?post=103213"},{"taxonomy":"product_tag","embeddable":true,"href":"https:\/\/zoca.es\/pt-pt\/wp-json\/wp\/v2\/product_tag?post=103213"}],"curies":[{"name":"wp","href":"https:\/\/api.w.org\/{rel}","templated":true}]}}