{"id":100904,"date":"2024-03-13T10:38:21","date_gmt":"2024-03-13T09:38:21","guid":{"rendered":"https:\/\/zoca.es\/producto\/hp-elitebook-850-g3-156-recondicionado-core-i5-23ghz-16-gb-ram-256-gb-ssd-m2-1920x1080-pt-10392\/"},"modified":"2026-03-18T15:57:59","modified_gmt":"2026-03-18T14:57:59","slug":"hp-elitebook-850-g3-156-recondicionado-core-i5-23ghz-16-gb-ram-256-gb-ssd-m2-1920x1080-pt-10392","status":"publish","type":"product","link":"https:\/\/zoca.es\/pt-pt\/produto\/hp-elitebook-850-g3-156-recondicionado-core-i5-23ghz-16-gb-ram-256-gb-ssd-m2-1920x1080-pt-10392\/","title":{"rendered":"HP Elitebook 850 G3 15.6&#8221; | Recondicionado | Core i5 2.3GHz | 16 GB RAM | 256 GB SSD M2 1920&#215;1080"},"content":{"rendered":"<p><strong>Processador<\/strong><br \/>Intel Core i5 6200U 2.3 GHz.<br \/><strong>Mem\u00f3ria RAM<\/strong><br \/>16 Gb. SO-DDR4 RAM<br \/><strong>Disco r\u00edgido<\/strong><br \/>256 Gb. SSD M2<br \/><strong>Cart\u00f5es<\/strong><br \/>Placa gr\u00e1fica: Intel Hd Graphics 520<br \/>Som: Conexant ISST audio<br \/>Network: Intel I219LM<br \/><strong>Sistema operativo<\/strong><br \/>Windows 10 Pro<br \/><strong>Portos<\/strong><br \/>2x USB 3.0<br \/>USB-C<br \/><strong>Tela<\/strong><br \/>Led 15.6 &#8221; FullHD 16:9  \u00b7 Resolu\u00e7\u00e3o 1920&#215;1080<br \/><strong>Portas de v\u00eddeo<\/strong><br \/>VGA<br \/>Display Port<br \/><strong>Multim\u00eddia<\/strong><br \/>Webcam<br \/>Leitor SD<br \/>Leitor impress\u00f5es digitais<br \/>Leitor DNI<br \/><strong>Conectividade<\/strong><br \/>RJ-45<br \/>WIFI<br \/>Bluetooth<br \/><strong>Espec\u00edfico laptop<\/strong><br \/>Layout do teclado Espanhol<br \/>Teclado num\u00e9rico<br \/><strong>Outros<\/strong><br \/>hR embalagens<br \/><strong>Dimens\u00f5es<\/strong><br \/>38.5x26x2 cm.<br \/><strong>Peso<\/strong><br \/>1.90 Kg.<br \/><strong>Especifica\u00e7\u00f5es adicionais<\/strong><br \/>O HP EliteBook 850 G3 \u00e9 um port\u00e1til empresarial de alto desempenho, concebido para oferecer fiabilidade, seguran\u00e7a e produtividade em ambientes empresariais exigentes. Equipado com um processador Intel Core i5 6200U de 2,3 GHz, 16 GB de RAM DDR4 e um SSD M. 2 de 256 GB, proporciona uma experi\u00eancia multitarefa e de gest\u00e3o de dados fluida.<br \/>O seu ecr\u00e3 LED Full HD (1920 x 1080) de 15,6 polegadas proporciona uma visualiza\u00e7\u00e3o n\u00edtida e confort\u00e1vel para longas horas de trabalho. Inclui leitor de impress\u00f5es digitais, leitor de cart\u00f5es de identifica\u00e7\u00e3o e leitor de cart\u00f5es SD, melhorando a seguran\u00e7a e a conectividade com outros dispositivos.<br \/>Com o Windows 10 Pro como sistema operativo, \u00e9 ideal para os utilizadores que procuram um port\u00e1til robusto e bem equipado, pronto para enfrentar dias de trabalho intensos. Uma escolha perfeita para escrit\u00f3rios, teletrabalho e profissionais em viagem.<br \/>Exterior atrativo. Veja &#8220;+ Fotos&#8221; e &#8220;V\u00eddeo&#8221; e, em caso de d\u00favida, ligue-nos ou utilize o nosso chat para obter mais informa\u00e7\u00f5es ou solicitar mais detalhes.<\/p>\n","protected":false},"excerpt":{"rendered":"<p>Intel Core i5 6200U 2.3 GHz. \u00b7 16 Gb. SO-DDR4 RAM \u00b7 256 Gb. SSD M2 \u00b7 Windows 10 Pro \u00b7 Led 15.6 &#8221; FullHD 16:9 \u00b7 Resolu\u00e7\u00e3o 1920&#215;1080 \u00b7 Webcam \u00b7 Leitor SD \u00b7 Leitor impress\u00f5es digitais \u00b7 Leitor DNI<\/p>\n","protected":false},"featured_media":100871,"template":"","meta":[],"product_brand":[3453],"product_cat":[2253,3120],"product_tag":[],"class_list":{"0":"post-100904","1":"product","2":"type-product","3":"status-publish","4":"has-post-thumbnail","6":"product_brand-hp","7":"product_cat-laptops-pt","8":"product_cat-laptops-laptops-pt","10":"first","11":"outofstock","12":"taxable","13":"shipping-taxable","14":"purchasable","15":"product-type-simple"},"bundled_by":[],"bundle_stock_status":"outofstock","bundle_stock_quantity":0,"bundle_virtual":false,"bundle_layout":"","bundle_add_to_cart_form_location":"","bundle_editable_in_cart":false,"bundle_sold_individually_context":"","bundle_item_grouping":"","bundle_min_size":"","bundle_max_size":"","bundle_price":[],"bundled_items":[],"bundle_sell_ids":[],"exclude_global_add_ons":true,"addons":{"keyboard-iso-upgrades":{"name":"Selecione idioma teclado","type":"multiple_choice","position":0,"required":false,"title_format":"heading","default":"","description_enable":false,"description":"","placeholder_enable":false,"placeholder":"","display":"radiobutton","restrictions_type":"any_text","adjust_price":false,"price":"","price_type":"quantity_based","restrictions":false,"min":"0","max":"0","options":[{"label":"Pegatinas Franc\u00e9s [AMP00084]","price":"0.0000","price_type":"quantity_based","image":0,"visibility":true},{"label":"Pegatinas Portugues [AMP00083]","price":"0.0000","price_type":"quantity_based","image":0,"visibility":true}]},"ram-memory-upgrades":{"name":"Extens\u00e3o RAM","type":"multiple_choice","position":0,"required":false,"title_format":"heading","default":"","description_enable":false,"description":"","placeholder_enable":false,"placeholder":"","display":"radiobutton","restrictions_type":"any_text","adjust_price":false,"price":"","price_type":"quantity_based","restrictions":false,"min":"0","max":"0","options":[{"label":"Extens\u00e3o SODIM RAM 32 Gb [AMP00098]","price":"150.0000","price_type":"quantity_based","image":0,"visibility":true}]},"hdd-upgrades":{"name":"Extens\u00e3o disco r\u00edgido","type":"multiple_choice","position":0,"required":false,"title_format":"heading","default":"","description_enable":false,"description":"","placeholder_enable":false,"placeholder":"","display":"radiobutton","restrictions_type":"any_text","adjust_price":false,"price":"","price_type":"quantity_based","restrictions":false,"min":"0","max":"0","options":[{"label":"Cambio a Disco SSD 500 Gb. M.2 2280 PCIe [AMP00106]","price":"95.0000","price_type":"quantity_based","image":0,"visibility":true},{"label":"Cambio a Disco SSD 1 Tb. M.2 2280 PCIe [AMP00107]","price":"165.0000","price_type":"quantity_based","image":0,"visibility":true}]},"os-upgrades":{"name":"Extens\u00e3o OS","type":"multiple_choice","position":0,"required":false,"title_format":"heading","default":"","description_enable":false,"description":"","placeholder_enable":false,"placeholder":"","display":"radiobutton","restrictions_type":"any_text","adjust_price":false,"price":"","price_type":"quantity_based","restrictions":false,"min":"0","max":"0","options":[{"label":"Alterar idioma para franc\u00eas [AMP00125]","price":"0.0000","price_type":"quantity_based","image":0,"visibility":true},{"label":"Alterar idioma para ingl\u00eas [AMP00008]","price":"0.0000","price_type":"quantity_based","image":0,"visibility":true},{"label":"Alterar idioma para o portugu\u00eas [AMP00009]","price":"0.0000","price_type":"quantity_based","image":0,"visibility":true},{"label":"Alterar para o Windows 32 bits [AMP00005]","price":"10.0000","price_type":"quantity_based","image":0,"visibility":true}]},"briefcase-upgrades":{"name":"Maleta","type":"multiple_choice","position":0,"required":false,"title_format":"heading","default":"","description_enable":false,"description":"","placeholder_enable":false,"placeholder":"","display":"radiobutton","restrictions_type":"any_text","adjust_price":false,"price":"","price_type":"quantity_based","restrictions":false,"min":"0","max":"0","options":[{"label":"Maleta Port\u00e1til [AMP00041]","price":"5.0000","price_type":"quantity_based","image":0,"visibility":true}]}},"df_price":347.27,"df_sale_price":"","df_regular_price":347.27,"df_image_link":"https:\/\/zoca.es\/wp-content\/uploads\/images\/product\/10392\/hp02055_01-300x225.jpg","_links":{"self":[{"href":"https:\/\/zoca.es\/pt-pt\/wp-json\/wp\/v2\/product\/100904","targetHints":{"allow":["GET"]}}],"collection":[{"href":"https:\/\/zoca.es\/pt-pt\/wp-json\/wp\/v2\/product"}],"about":[{"href":"https:\/\/zoca.es\/pt-pt\/wp-json\/wp\/v2\/types\/product"}],"wp:featuredmedia":[{"embeddable":true,"href":"https:\/\/zoca.es\/pt-pt\/wp-json\/wp\/v2\/media\/100871"}],"wp:attachment":[{"href":"https:\/\/zoca.es\/pt-pt\/wp-json\/wp\/v2\/media?parent=100904"}],"wp:term":[{"taxonomy":"product_brand","embeddable":true,"href":"https:\/\/zoca.es\/pt-pt\/wp-json\/wp\/v2\/product_brand?post=100904"},{"taxonomy":"product_cat","embeddable":true,"href":"https:\/\/zoca.es\/pt-pt\/wp-json\/wp\/v2\/product_cat?post=100904"},{"taxonomy":"product_tag","embeddable":true,"href":"https:\/\/zoca.es\/pt-pt\/wp-json\/wp\/v2\/product_tag?post=100904"}],"curies":[{"name":"wp","href":"https:\/\/api.w.org\/{rel}","templated":true}]}}