{"id":95722,"date":"2024-01-04T16:05:01","date_gmt":"2024-01-04T15:05:01","guid":{"rendered":"https:\/\/zoca.es\/descargo-de-responsabilidad\/"},"modified":"2025-06-05T10:23:06","modified_gmt":"2025-06-05T09:23:06","slug":"descargo-de-responsabilidad","status":"publish","type":"page","link":"https:\/\/zoca.es\/pt-pt\/descargo-de-responsabilidad\/","title":{"rendered":"Descargo de responsabilidad"},"content":{"rendered":"\n<!-- Legal document generated by Complianz | GDPR\/CCPA Cookie Consent https:\/\/wordpress.org\/plugins\/complianz-gdpr -->\n<div id=\"cmplz-document\" class=\"cmplz-document disclaimer cmplz-document-all\"><p>Grupo Digalco SL tem o compromisso de manter este site atualizado e preciso. Se, no entanto, encontrar algo que esteja incorreto ou desatualizado, agradecer\u00edamos nos informe. Indique onde leu as informa\u00e7\u00f5es no site. De seguida, examinaremos o mais r\u00e1pido poss\u00edvel. Envie sua resposta por e-mail para: <span class=\"cmplz-obfuscate\">s&#111;&#112;or&#116;e@<span class=\"cmplz-fmail-domain\">ex&#046;&#099;o&#109;<\/span>&#122;oca&#046;&#101;s<\/span>.<\/p><p>N\u00e3o nos responsabilizamos por perdas resultantes de imprecis\u00f5es ou informa\u00e7\u00e3o incompleta, nem por perdas causadas por ou inerentes \u00e0 divulga\u00e7\u00e3o de informa\u00e7\u00f5es pela internet, como perturba\u00e7\u00f5es ou interrup\u00e7\u00f5es. Ao usar formul\u00e1rios da web, esfor\u00e7amos-nos para limitar ao m\u00ednimo o n\u00famero de campos obrigat\u00f3rios. Por qualquer perda sofrida como resultado do uso de dados, conselhos ou ideias fornecidos por ou em nome de Grupo Digalco SL atrav\u00e9s deste site, Grupo Digalco SL n\u00e3o se responsabiliza.<\/p><p>O uso do site e de todos os seus componentes (incluindo f\u00f3runs) est\u00e1 sujeito aos <a href=\"https:\/\/zoca.es\/terminos-y-condiciones\/\" target=\"_blank\">termos de uso<\/a>. A simples utiliza\u00e7\u00e3o deste site implica no conhecimento e aceita\u00e7\u00e3o destes termos de uso.<\/p><p>As respostas e consultas de privacidade enviadas por e-mail ou usando um formul\u00e1rio da web ser\u00e3o tratadas da mesma forma que cartas. Isso significa que pode esperar uma resposta nossa dentro de um per\u00edodo de no m\u00e1ximo 1 m\u00eas. No caso de solicita\u00e7\u00f5es complexas, iremos inform\u00e1-lo dentro de 1 m\u00eas se precisarmos de no m\u00e1ximo 3 meses.<\/p><p>Quaisquer dados pessoais que nos fornecer no contexto de sua resposta ou solicita\u00e7\u00e3o de informa\u00e7\u00f5es ser\u00e3o usados apenas de acordo com nossa declara\u00e7\u00e3o de privacidade.<\/p><p>Todos os direitos de propriedade intelectual do conte\u00fado deste site pertencem a Grupo Digalco SL.<\/p><p>A c\u00f3pia, dissemina\u00e7\u00e3o e qualquer outro uso desses materiais n\u00e3o s\u00e3o permitidos sem a permiss\u00e3o por escrito de Grupo Digalco SL, exceto e apenas na medida em que estipulado de outra forma nos regulamentos da lei obrigat\u00f3ria (como o direito de citar), a menos que o conte\u00fado espec\u00edfico dite o contr\u00e1rio.<\/p><p>Se tiver d\u00favidas ou problemas com a acessibilidade do site, n\u00e3o hesite em nos contactar.<\/p><\/div>","protected":false},"excerpt":{"rendered":"","protected":false},"author":623,"featured_media":0,"parent":0,"menu_order":0,"comment_status":"closed","ping_status":"closed","template":"","meta":{"zoca_cat_short_desc":"","footnotes":""},"class_list":["post-95722","page","type-page","status-publish","hentry"],"_links":{"self":[{"href":"https:\/\/zoca.es\/pt-pt\/wp-json\/wp\/v2\/pages\/95722","targetHints":{"allow":["GET"]}}],"collection":[{"href":"https:\/\/zoca.es\/pt-pt\/wp-json\/wp\/v2\/pages"}],"about":[{"href":"https:\/\/zoca.es\/pt-pt\/wp-json\/wp\/v2\/types\/page"}],"author":[{"embeddable":true,"href":"https:\/\/zoca.es\/pt-pt\/wp-json\/wp\/v2\/users\/623"}],"replies":[{"embeddable":true,"href":"https:\/\/zoca.es\/pt-pt\/wp-json\/wp\/v2\/comments?post=95722"}],"version-history":[{"count":1,"href":"https:\/\/zoca.es\/pt-pt\/wp-json\/wp\/v2\/pages\/95722\/revisions"}],"predecessor-version":[{"id":135914,"href":"https:\/\/zoca.es\/pt-pt\/wp-json\/wp\/v2\/pages\/95722\/revisions\/135914"}],"wp:attachment":[{"href":"https:\/\/zoca.es\/pt-pt\/wp-json\/wp\/v2\/media?parent=95722"}],"curies":[{"name":"wp","href":"https:\/\/api.w.org\/{rel}","templated":true}]}}